{"id":20737,"date":"2024-11-24T09:00:24","date_gmt":"2024-11-24T09:00:24","guid":{"rendered":"https:\/\/www.nogometnionline.com\/?post_type=product&#038;p=20737"},"modified":"2024-11-24T09:00:27","modified_gmt":"2024-11-24T09:00:27","slug":"otroski-nogometni-dresi-kompleti-fc-bayern-munich-gostujoci-2024-25-serge-gnabry-7","status":"publish","type":"product","link":"https:\/\/www.nogometnizaotroke.com\/de\/product\/otroski-nogometni-dresi-kompleti-fc-bayern-munich-gostujoci-2024-25-serge-gnabry-7\/","title":{"rendered":"Kinder Fu\u00dfballtrikots Trikots FC Bayern M\u00fcnchen Ausw\u00e4rts 2024-25 Serge Gnabry 7"},"content":{"rendered":"<p>Die Bayern M\u00fcnchen 2024-25 Ausw\u00e4rtstrikots sind von der Bavaria-Statue inspiriert, die die St\u00e4rke der Heimat des Vereins verk\u00f6rpert und in der Mitte der Theresienwiese in M\u00fcnchen steht. Das Trikot zeigt blaue und gr\u00fcne Schn\u00f6rkel auf einem eleganten schwarzen Hintergrund, die die Farbt\u00f6ne auf der Oberfl\u00e4che der Statue widerspiegeln; die Details sind mit Bronzefarbe gemalt und als \"Bavaria\"-Schimmer gekennzeichnet, mit dem ber\u00fchmten \"Mia San Mia\" auf der oberen R\u00fcckseite.<\/p>\n<p>Tipps f\u00fcr Socken: Das T-Shirt enth\u00e4lt standardm\u00e4\u00dfig keine Socken. Wenn Sie Socken w\u00fcnschen, w\u00e4hlen Sie die Sockenoptionen, um sie zu bezahlen.<\/p>\n<p>Tipp zum Drucken: Wenn der Name und die Nummer auf dem Bild genau Ihren Vorstellungen entsprechen, brauchen Sie sie nicht erneut einzugeben. Ist dies nicht der Fall, geben Sie den gew\u00fcnschten Namen und die Nummer ein.<\/p>\n<p>Waschtipp: Es wird empfohlen, Fu\u00dfballtrikots mit der Hand zu waschen. Wenn Sie eine Waschmaschine benutzen wollen, denken Sie daran, das Trikot umzudrehen und es dann zu waschen. F\u00fcllen Sie die Maschine mit kaltem Wasser und verwenden Sie einen Schonwaschgang, um die Farben besser zu sch\u00fctzen.<\/p>","protected":false},"excerpt":{"rendered":"<p>Gostujo\u010di dresi Bayern Munich 2024\u201325 je navdihnil kip \u2018Bavarske\u2019, ki pooseblja mo\u010d domovine kluba in stoji v sredi\u0161\u010du Theresienwiese v M\u00fcnchnu. Jersey vklju\u010duje modre in zelene vijuge na elegantni \u010drni podlagi, ki odseva barvne odtenke, vidne na povr\u0161ini kipa; podrobnosti uporabljajo bronasto barvo, ozna\u010deno kot Glimmers of \u2018Bavaria\u2019 z znamenitim \u2018Mia San Mia\u2019 na zgornji [&hellip;]<\/p>","protected":false},"featured_media":20739,"comment_status":"open","ping_status":"closed","template":"","meta":[],"product_brand":[],"product_cat":[73,40],"product_tag":[881,153,882,159,560,148,374,315,1358,147],"class_list":{"0":"post-20737","1":"product","2":"type-product","3":"status-publish","4":"has-post-thumbnail","6":"product_cat-otroski","7":"product_cat-nogometni-dresi-bayern-munich","8":"product_tag-dresi-bayern-munich-za-otroski","9":"product_tag-nogometni-dresi","10":"product_tag-nogometni-dresi-bayern-munich-za-otroski-z-lastnim-tiskom","11":"product_tag-otroski-nogometni-dresi","12":"product_tag-otroski-nogometni-dresi-bayern-munich-z-lastnim-imenom","13":"product_tag-poceni-nogometni-dresi","14":"product_tag-poceni-nogometni-dresi-bayern-munich-z-lastnim-imenom-online","15":"product_tag-poceni-otroski-nogometni-dresi-bayern-munich-z-lastnim-imenom","16":"product_tag-serge-gnabry-dresi","17":"product_tag-slovenski-nogometni-dresi","19":"first","20":"instock","21":"shipping-taxable","22":"purchasable","23":"product-type-variable"},"_links":{"self":[{"href":"https:\/\/www.nogometnizaotroke.com\/de\/wp-json\/wp\/v2\/product\/20737","targetHints":{"allow":["GET"]}}],"collection":[{"href":"https:\/\/www.nogometnizaotroke.com\/de\/wp-json\/wp\/v2\/product"}],"about":[{"href":"https:\/\/www.nogometnizaotroke.com\/de\/wp-json\/wp\/v2\/types\/product"}],"replies":[{"embeddable":true,"href":"https:\/\/www.nogometnizaotroke.com\/de\/wp-json\/wp\/v2\/comments?post=20737"}],"wp:featuredmedia":[{"embeddable":true,"href":"https:\/\/www.nogometnizaotroke.com\/de\/wp-json\/wp\/v2\/media\/20739"}],"wp:attachment":[{"href":"https:\/\/www.nogometnizaotroke.com\/de\/wp-json\/wp\/v2\/media?parent=20737"}],"wp:term":[{"taxonomy":"product_brand","embeddable":true,"href":"https:\/\/www.nogometnizaotroke.com\/de\/wp-json\/wp\/v2\/product_brand?post=20737"},{"taxonomy":"product_cat","embeddable":true,"href":"https:\/\/www.nogometnizaotroke.com\/de\/wp-json\/wp\/v2\/product_cat?post=20737"},{"taxonomy":"product_tag","embeddable":true,"href":"https:\/\/www.nogometnizaotroke.com\/de\/wp-json\/wp\/v2\/product_tag?post=20737"}],"curies":[{"name":"wp","href":"https:\/\/api.w.org\/{rel}","templated":true}]}}