{"id":20542,"date":"2024-11-20T14:00:14","date_gmt":"2024-11-20T14:00:14","guid":{"rendered":"https:\/\/www.nogometnionline.com\/?post_type=product&#038;p=20542"},"modified":"2025-04-16T08:27:46","modified_gmt":"2025-04-16T08:27:46","slug":"otroski-nogometni-dresi-kompleti-za-otroke-atletico-madrid-tretji-2024-25-angel-correa-10","status":"publish","type":"product","link":"https:\/\/www.nogometnizaotroke.com\/de\/product\/otroski-nogometni-dresi-kompleti-za-otroke-atletico-madrid-tretji-2024-25-angel-correa-10\/","title":{"rendered":"Kinder Fu\u00dfball Trikots Trikots Chelsea Torwart Home 2024-25"},"content":{"rendered":"<p>Tretji dres Atletica Madrida 2024\u201325 je prete\u017eno moder v kombinaciji z osupljivimi ro\u017enatimi poudarki. Uradne barve so \u201cBlue Void\/Pink Glow\u201d.Tako kot ostali tretji kompleti za sezono 24-25 ima tudi tretji komplet Atl\u00e9tico 2024-25 navpi\u010dni Swoosh, sestavljen iz velikega in majhnega.<\/p>\n<p>Tipps f\u00fcr Socken: Das T-Shirt enth\u00e4lt standardm\u00e4\u00dfig keine Socken. Wenn Sie Socken w\u00fcnschen, w\u00e4hlen Sie die Sockenoptionen, um sie zu bezahlen.<\/p>\n<p>Tipp zum Drucken: Wenn der Name und die Nummer auf dem Bild genau Ihren Vorstellungen entsprechen, brauchen Sie sie nicht erneut einzugeben. Ist dies nicht der Fall, geben Sie den gew\u00fcnschten Namen und die Nummer ein.<\/p>\n<p>Waschtipp: Es wird empfohlen, Fu\u00dfballtrikots mit der Hand zu waschen. Wenn Sie eine Waschmaschine benutzen wollen, denken Sie daran, das Trikot umzudrehen und es dann zu waschen. F\u00fcllen Sie die Maschine mit kaltem Wasser und verwenden Sie einen Schonwaschgang, um die Farben besser zu sch\u00fctzen.<\/p>","protected":false},"excerpt":{"rendered":"<p>Tretji dres Atletica Madrida 2024\u201325 je prete\u017eno moder v kombinaciji z osupljivimi ro\u017enatimi poudarki. Uradne barve so \u201cBlue Void\/Pink Glow\u201d.Tako kot ostali tretji kompleti za sezono 24-25 ima tudi tretji komplet Atl\u00e9tico 2024-25 navpi\u010dni Swoosh, sestavljen iz velikega in majhnega. Nasveti za nogavice: Majica ne vsebuje nogavic privzeto. \u010ce \u017eelite nogavice, izberite mo\u017enosti nogavic, da [&hellip;]<\/p>","protected":false},"featured_media":23817,"comment_status":"open","ping_status":"closed","template":"","meta":[],"product_brand":[],"product_cat":[73,43],"product_tag":[153,1707,1682,282,159,1036,1680,1683,147],"class_list":{"0":"post-20542","1":"product","2":"type-product","3":"status-publish","4":"has-post-thumbnail","6":"product_cat-otroski","7":"product_cat-nogometni-dresi-chelsea","8":"product_tag-nogometni-dresi","9":"product_tag-nogometni-dresi-chelsea-za-otroke","10":"product_tag-nogometni-dresi-trgovina","11":"product_tag-otroski-dresi-chelsea-z-lastnim-imenom","12":"product_tag-otroski-nogometni-dresi","13":"product_tag-otroski-nogometni-dresi-chelsea","14":"product_tag-poceni-nogometni-dresi-kompleti","15":"product_tag-poceni-nogometni-dresi-za-otroke","16":"product_tag-slovenski-nogometni-dresi","18":"first","19":"instock","20":"shipping-taxable","21":"purchasable","22":"product-type-variable"},"_links":{"self":[{"href":"https:\/\/www.nogometnizaotroke.com\/de\/wp-json\/wp\/v2\/product\/20542","targetHints":{"allow":["GET"]}}],"collection":[{"href":"https:\/\/www.nogometnizaotroke.com\/de\/wp-json\/wp\/v2\/product"}],"about":[{"href":"https:\/\/www.nogometnizaotroke.com\/de\/wp-json\/wp\/v2\/types\/product"}],"replies":[{"embeddable":true,"href":"https:\/\/www.nogometnizaotroke.com\/de\/wp-json\/wp\/v2\/comments?post=20542"}],"wp:featuredmedia":[{"embeddable":true,"href":"https:\/\/www.nogometnizaotroke.com\/de\/wp-json\/wp\/v2\/media\/23817"}],"wp:attachment":[{"href":"https:\/\/www.nogometnizaotroke.com\/de\/wp-json\/wp\/v2\/media?parent=20542"}],"wp:term":[{"taxonomy":"product_brand","embeddable":true,"href":"https:\/\/www.nogometnizaotroke.com\/de\/wp-json\/wp\/v2\/product_brand?post=20542"},{"taxonomy":"product_cat","embeddable":true,"href":"https:\/\/www.nogometnizaotroke.com\/de\/wp-json\/wp\/v2\/product_cat?post=20542"},{"taxonomy":"product_tag","embeddable":true,"href":"https:\/\/www.nogometnizaotroke.com\/de\/wp-json\/wp\/v2\/product_tag?post=20542"}],"curies":[{"name":"wp","href":"https:\/\/api.w.org\/{rel}","templated":true}]}}