{"id":20120,"date":"2024-11-15T03:17:55","date_gmt":"2024-11-15T03:17:55","guid":{"rendered":"https:\/\/www.nogometnionline.com\/?post_type=product&#038;p=20120"},"modified":"2024-11-15T03:18:00","modified_gmt":"2024-11-15T03:18:00","slug":"otroski-nogometni-dresi-kompleti-za-otroke-inter-milan-gostujoci-2024-25-marcus-thuram-9","status":"publish","type":"product","link":"https:\/\/www.nogometnizaotroke.com\/de\/product\/otroski-nogometni-dresi-kompleti-za-otroke-inter-milan-gostujoci-2024-25-marcus-thuram-9\/","title":{"rendered":"Kinder Fu\u00dfballtrikots Trikots f\u00fcr Kinder Inter Mailand Ausw\u00e4rts 2024-25 Marcus Thuram 9"},"content":{"rendered":"<p>Novi dizajn Inter Milan 2024\/25 Gostujo\u010di dresi prevladuje sve\u017ea bela podlaga, ki simbolizira utele\u0161enje milanskega sloga in elegance. To neokrnjeno platno je premi\u0161ljeno poudarjeno s subtilnimi sivimi toni, barvo, ki je globoko zakoreninjena v DNK Interja, ki krasi ramena, prsi in rokave.V sredi\u0161\u010du nogometni dresi 2024 2025 je identiteta milanskega Vinterja ponosno prikazana z vrnitvijo motiva ribarnice. Klubska zna\u010dka z monogramom in dve zvezdi, ki predstavljata zdaj \u017ee dvajset Sudetov, sta na vidnem mestu nad srcem in stalen opomnik na slavno zgodovino ekipe. Dodatek klasi\u010dnega ovratnika dizajnu srajce vzbuja ob\u010dutek nostalgije in obuja spomine na ne\u0161teto nepozabnih trenutkov v nogometni zgodovini.<\/p>\n<p>Tipps f\u00fcr Socken: Das T-Shirt enth\u00e4lt standardm\u00e4\u00dfig keine Socken. Wenn Sie Socken w\u00fcnschen, w\u00e4hlen Sie die Sockenoptionen, um sie zu bezahlen.<\/p>\n<p>Tipp zum Drucken: Wenn der Name und die Nummer auf dem Bild genau Ihren Vorstellungen entsprechen, brauchen Sie sie nicht erneut einzugeben. Ist dies nicht der Fall, geben Sie den gew\u00fcnschten Namen und die Nummer ein.<\/p>\n<p>Waschtipp: Es wird empfohlen, Fu\u00dfballtrikots mit der Hand zu waschen. Wenn Sie eine Waschmaschine benutzen wollen, denken Sie daran, das Trikot umzudrehen und es dann zu waschen. F\u00fcllen Sie die Maschine mit kaltem Wasser und verwenden Sie einen Schonwaschgang, um die Farben besser zu sch\u00fctzen.<\/p>","protected":false},"excerpt":{"rendered":"<p>Novi dizajn Inter Milan 2024\/25 Gostujo\u010di dresi prevladuje sve\u017ea bela podlaga, ki simbolizira utele\u0161enje milanskega sloga in elegance. To neokrnjeno platno je premi\u0161ljeno poudarjeno s subtilnimi sivimi toni, barvo, ki je globoko zakoreninjena v DNK Interja, ki krasi ramena, prsi in rokave.V sredi\u0161\u010du nogometni dresi 2024 2025 je identiteta milanskega Vinterja ponosno prikazana z vrnitvijo [&hellip;]<\/p>","protected":false},"featured_media":20122,"comment_status":"open","ping_status":"closed","template":"","meta":[],"product_brand":[],"product_cat":[73,47],"product_tag":[1228,1485,153,480,479,1229,1227,148,197,147],"class_list":{"0":"post-20120","1":"product","2":"type-product","3":"status-publish","4":"has-post-thumbnail","6":"product_cat-otroski","7":"product_cat-nogometni-dresi-inter-milan","8":"product_tag-dresi-inter-milan-za-otroke","9":"product_tag-marcus-thuram-dresi","10":"product_tag-nogometni-dresi","11":"product_tag-nogometni-dresi-inter-milan-prodaja","12":"product_tag-nogometni-dresi-inter-milan-z-lastnim-tiskom","13":"product_tag-otroski-dresi-inter-milan-z-lastnim-imenom","14":"product_tag-otroski-nogometni-dresi-inter-milan","15":"product_tag-poceni-nogometni-dresi","16":"product_tag-poceni-nogometni-dresi-inter-milan-z-lastnim-imenom-online","17":"product_tag-slovenski-nogometni-dresi","19":"first","20":"instock","21":"shipping-taxable","22":"purchasable","23":"product-type-variable"},"_links":{"self":[{"href":"https:\/\/www.nogometnizaotroke.com\/de\/wp-json\/wp\/v2\/product\/20120","targetHints":{"allow":["GET"]}}],"collection":[{"href":"https:\/\/www.nogometnizaotroke.com\/de\/wp-json\/wp\/v2\/product"}],"about":[{"href":"https:\/\/www.nogometnizaotroke.com\/de\/wp-json\/wp\/v2\/types\/product"}],"replies":[{"embeddable":true,"href":"https:\/\/www.nogometnizaotroke.com\/de\/wp-json\/wp\/v2\/comments?post=20120"}],"wp:featuredmedia":[{"embeddable":true,"href":"https:\/\/www.nogometnizaotroke.com\/de\/wp-json\/wp\/v2\/media\/20122"}],"wp:attachment":[{"href":"https:\/\/www.nogometnizaotroke.com\/de\/wp-json\/wp\/v2\/media?parent=20120"}],"wp:term":[{"taxonomy":"product_brand","embeddable":true,"href":"https:\/\/www.nogometnizaotroke.com\/de\/wp-json\/wp\/v2\/product_brand?post=20120"},{"taxonomy":"product_cat","embeddable":true,"href":"https:\/\/www.nogometnizaotroke.com\/de\/wp-json\/wp\/v2\/product_cat?post=20120"},{"taxonomy":"product_tag","embeddable":true,"href":"https:\/\/www.nogometnizaotroke.com\/de\/wp-json\/wp\/v2\/product_tag?post=20120"}],"curies":[{"name":"wp","href":"https:\/\/api.w.org\/{rel}","templated":true}]}}