{"id":19975,"date":"2024-11-12T06:02:22","date_gmt":"2024-11-12T06:02:22","guid":{"rendered":"https:\/\/www.nogometnionline.com\/?post_type=product&#038;p=19975"},"modified":"2024-12-19T09:31:01","modified_gmt":"2024-12-19T09:31:01","slug":"otroski-nogometni-dresi-kompleti-za-otroke-inter-milan-tretji-2024-25-davide-frattesi-16","status":"publish","type":"product","link":"https:\/\/www.nogometnizaotroke.com\/de\/product\/otroski-nogometni-dresi-kompleti-za-otroke-inter-milan-tretji-2024-25-davide-frattesi-16\/","title":{"rendered":"Kinder Fu\u00dfballtrikots Trikots f\u00fcr Kinder Inter Mailand Dritte 2024-25 Davide Frattesi 16"},"content":{"rendered":"<p>Tretji komplet Inter Milan 24-25 dresi se zgleduje po tretjem kompletu ekipe Umbro 96-97.Tretji nogometni dresi Inter 2024-2025 ima edinstven in poseben dizajn z glavno barvo \u201cUniversity Gold\u201d v kombinaciji z zgornjim Swoosh in Interjevim grbom na sredini prsnega ko\u0161a.\u201dNotranji ponos\u201d na ovratniku slavi tudi Interjevo \u017eensko ekipo z letnico ustanovitve 1908 in letom 2018, v katerem je bilo ustanovljeno Inter Women.Tretji dres Inter Milan 24-25 ima dizajn z dvojnimi \u010drtami ob straneh z grafiko, ki jo je navdihnila milanska katedrala \u2013 arhitekturna znamenitost mesta Milano. Ta oblika spominja na tretji dres 96-97.<\/p>\n<p>Tipps f\u00fcr Socken: Das T-Shirt enth\u00e4lt standardm\u00e4\u00dfig keine Socken. Wenn Sie Socken w\u00fcnschen, w\u00e4hlen Sie die Sockenoptionen, um sie zu bezahlen.<\/p>\n<p>Tipp zum Drucken: Wenn der Name und die Nummer auf dem Bild genau Ihren Vorstellungen entsprechen, brauchen Sie sie nicht erneut einzugeben. Ist dies nicht der Fall, geben Sie den gew\u00fcnschten Namen und die Nummer ein.<\/p>\n<p>Waschtipp: Es wird empfohlen, Fu\u00dfballtrikots mit der Hand zu waschen. Wenn Sie eine Waschmaschine benutzen wollen, denken Sie daran, das Trikot umzudrehen und es dann zu waschen. F\u00fcllen Sie die Maschine mit kaltem Wasser und verwenden Sie einen Schonwaschgang, um die Farben besser zu sch\u00fctzen.<\/p>","protected":false},"excerpt":{"rendered":"<p>Tretji komplet Inter Milan 24-25 dresi se zgleduje po tretjem kompletu ekipe Umbro 96-97.Tretji nogometni dresi Inter 2024-2025 ima edinstven in poseben dizajn z glavno barvo \u201cUniversity Gold\u201d v kombinaciji z zgornjim Swoosh in Interjevim grbom na sredini prsnega ko\u0161a.\u201dNotranji ponos\u201d na ovratniku slavi tudi Interjevo \u017eensko ekipo z letnico ustanovitve 1908 in letom 2018, [&hellip;]<\/p>","protected":false},"featured_media":19977,"comment_status":"open","ping_status":"closed","template":"","meta":[],"product_brand":[],"product_cat":[73,47],"product_tag":[1481,1228,153,480,479,1229,1227,148,197,147],"class_list":{"0":"post-19975","1":"product","2":"type-product","3":"status-publish","4":"has-post-thumbnail","6":"product_cat-otroski","7":"product_cat-nogometni-dresi-inter-milan","8":"product_tag-davide-frattesi-dresi","9":"product_tag-dresi-inter-milan-za-otroke","10":"product_tag-nogometni-dresi","11":"product_tag-nogometni-dresi-inter-milan-prodaja","12":"product_tag-nogometni-dresi-inter-milan-z-lastnim-tiskom","13":"product_tag-otroski-dresi-inter-milan-z-lastnim-imenom","14":"product_tag-otroski-nogometni-dresi-inter-milan","15":"product_tag-poceni-nogometni-dresi","16":"product_tag-poceni-nogometni-dresi-inter-milan-z-lastnim-imenom-online","17":"product_tag-slovenski-nogometni-dresi","19":"first","20":"instock","21":"shipping-taxable","22":"purchasable","23":"product-type-variable"},"_links":{"self":[{"href":"https:\/\/www.nogometnizaotroke.com\/de\/wp-json\/wp\/v2\/product\/19975","targetHints":{"allow":["GET"]}}],"collection":[{"href":"https:\/\/www.nogometnizaotroke.com\/de\/wp-json\/wp\/v2\/product"}],"about":[{"href":"https:\/\/www.nogometnizaotroke.com\/de\/wp-json\/wp\/v2\/types\/product"}],"replies":[{"embeddable":true,"href":"https:\/\/www.nogometnizaotroke.com\/de\/wp-json\/wp\/v2\/comments?post=19975"}],"wp:featuredmedia":[{"embeddable":true,"href":"https:\/\/www.nogometnizaotroke.com\/de\/wp-json\/wp\/v2\/media\/19977"}],"wp:attachment":[{"href":"https:\/\/www.nogometnizaotroke.com\/de\/wp-json\/wp\/v2\/media?parent=19975"}],"wp:term":[{"taxonomy":"product_brand","embeddable":true,"href":"https:\/\/www.nogometnizaotroke.com\/de\/wp-json\/wp\/v2\/product_brand?post=19975"},{"taxonomy":"product_cat","embeddable":true,"href":"https:\/\/www.nogometnizaotroke.com\/de\/wp-json\/wp\/v2\/product_cat?post=19975"},{"taxonomy":"product_tag","embeddable":true,"href":"https:\/\/www.nogometnizaotroke.com\/de\/wp-json\/wp\/v2\/product_tag?post=19975"}],"curies":[{"name":"wp","href":"https:\/\/api.w.org\/{rel}","templated":true}]}}