{"id":19679,"date":"2024-11-07T08:49:22","date_gmt":"2024-11-07T08:49:22","guid":{"rendered":"https:\/\/www.nogometnionline.com\/?post_type=product&#038;p=19679"},"modified":"2024-11-07T08:49:26","modified_gmt":"2024-11-07T08:49:26","slug":"moski-nogometni-dresi-za-ekipe-tottenham-hotspur-gostujoci-2024-25-guglielmo-vicario-13","status":"publish","type":"product","link":"https:\/\/www.nogometnizaotroke.com\/de\/product\/moski-nogometni-dresi-za-ekipe-tottenham-hotspur-gostujoci-2024-25-guglielmo-vicario-13\/","title":{"rendered":"Herren Tottenham Hotspur Ausw\u00e4rts Fu\u00dfball-Trikots 2024-25 Guglielmo Vicario 13"},"content":{"rendered":"<p>Dieses Trikot ist eine Reminiszenz an die 1980er Jahre. Dieses Tottenham Hotspur Ausw\u00e4rtstrikot 2024-2025, das einige der besten und ironischsten Trikots der fr\u00fchen 80er Jahre nachahmt, ist ein sofortiger Gewinner mit einer Farbpalette und einer Designvorlage, die den Glamour des Stils einf\u00e4ngt, ohne ihn zu \u00fcbertreiben. In den fr\u00fchen 80er Jahren war Tottenham auf leuchtendes Blau als Vereinsfarbe umgestiegen, das h\u00e4ufig auf den zweiten und dritten Trikots zu finden war. Diese ber\u00fchmten Trikots trugen auf der Vorderseite stolz den denkw\u00fcrdigen Bosporus-Sponsor, der dem Verein \u00fcber ein Jahrzehnt lang treu blieb. Zwei FA-Cups, ein Community Shield und ein Europapokalsieg zwischen '80 und '85 fassen eine erfolgreiche \u00c4ra zusammen und bleiben in leuchtendem Blau, w\u00e4hrend die Spurs versuchen, diesen Erfolg in dieser Saison zu wiederholen. Das Ausw\u00e4rtstrikot 2024\/25 von Tottenham Hotspur zeichnet sich durch ein schlichtes, zeitgem\u00e4\u00dfes Design aus, bei dem ein tiefes Marineblau durch kr\u00e4ftige, leuchtende blaue und braune Details akzentuiert wird. Das Trikot verf\u00fcgt \u00fcber ein auff\u00e4lliges diagonales Streifenmuster, das einen dynamischen und modernen Touch verleiht.<\/p>\n<p>Tipps f\u00fcr Socken: Das T-Shirt enth\u00e4lt standardm\u00e4\u00dfig keine Socken. Wenn Sie Socken w\u00fcnschen, w\u00e4hlen Sie die Sockenoptionen, um sie zu bezahlen.<\/p>\n<p>Tipp zum Drucken: Wenn der Name und die Nummer auf dem Bild genau Ihren Vorstellungen entsprechen, brauchen Sie sie nicht erneut einzugeben. Ist dies nicht der Fall, geben Sie den gew\u00fcnschten Namen und die Nummer ein.<\/p>\n<p>Waschtipp: Es wird empfohlen, Fu\u00dfballtrikots mit der Hand zu waschen. Wenn Sie eine Waschmaschine benutzen wollen, denken Sie daran, das Trikot umzudrehen und es dann zu waschen. F\u00fcllen Sie die Maschine mit kaltem Wasser und verwenden Sie einen Schonwaschgang, um die Farben besser zu sch\u00fctzen.<\/p>","protected":false},"excerpt":{"rendered":"<p>Ta je vrnitev v 80. leta. Ta Nogometni dresi Tottenham Hotspur Gostujo\u010di 2024-2025, ki posnema nekatere izmed najbolj\u0161ih in najbolj ironi\u010dnih kompletov iz zgodnjih 80-ih, je takoj\u0161en zmagovalec z barvno paleto in oblikovno predlogo, ki ujame slogovni bli\u0161\u010d, hkrati pa ga ohranja nizko. Zgodnja 80. leta je obdobje, ko je Tottenham sprejel svetlo modro kot [&hellip;]<\/p>","protected":false},"featured_media":19681,"comment_status":"open","ping_status":"closed","template":"","meta":[],"product_brand":[],"product_cat":[140,42],"product_tag":[1464,545,547,546,768,148,952],"class_list":{"0":"post-19679","1":"product","2":"type-product","3":"status-publish","4":"has-post-thumbnail","6":"product_cat-moski","7":"product_cat-nogometni-dresi-tottenham-hotspur","8":"product_tag-guglielmo-vicario-dresi","9":"product_tag-nogometni-dresi-slovenija","10":"product_tag-nogometni-dresi-tottenham-hotspur-prodaja","11":"product_tag-nogometni-dresi-tottenham-hotspur-z-lastnim-tiskom","12":"product_tag-poceni-moski-nogometni-dresi","13":"product_tag-poceni-nogometni-dresi","14":"product_tag-poceni-nogometni-dresi-tottenham-hotspur","16":"first","17":"instock","18":"shipping-taxable","19":"purchasable","20":"product-type-variable"},"_links":{"self":[{"href":"https:\/\/www.nogometnizaotroke.com\/de\/wp-json\/wp\/v2\/product\/19679","targetHints":{"allow":["GET"]}}],"collection":[{"href":"https:\/\/www.nogometnizaotroke.com\/de\/wp-json\/wp\/v2\/product"}],"about":[{"href":"https:\/\/www.nogometnizaotroke.com\/de\/wp-json\/wp\/v2\/types\/product"}],"replies":[{"embeddable":true,"href":"https:\/\/www.nogometnizaotroke.com\/de\/wp-json\/wp\/v2\/comments?post=19679"}],"wp:featuredmedia":[{"embeddable":true,"href":"https:\/\/www.nogometnizaotroke.com\/de\/wp-json\/wp\/v2\/media\/19681"}],"wp:attachment":[{"href":"https:\/\/www.nogometnizaotroke.com\/de\/wp-json\/wp\/v2\/media?parent=19679"}],"wp:term":[{"taxonomy":"product_brand","embeddable":true,"href":"https:\/\/www.nogometnizaotroke.com\/de\/wp-json\/wp\/v2\/product_brand?post=19679"},{"taxonomy":"product_cat","embeddable":true,"href":"https:\/\/www.nogometnizaotroke.com\/de\/wp-json\/wp\/v2\/product_cat?post=19679"},{"taxonomy":"product_tag","embeddable":true,"href":"https:\/\/www.nogometnizaotroke.com\/de\/wp-json\/wp\/v2\/product_tag?post=19679"}],"curies":[{"name":"wp","href":"https:\/\/api.w.org\/{rel}","templated":true}]}}