{"id":19629,"date":"2024-11-06T08:46:48","date_gmt":"2024-11-06T08:46:48","guid":{"rendered":"https:\/\/www.nogometnionline.com\/?post_type=product&#038;p=19629"},"modified":"2025-03-11T02:23:47","modified_gmt":"2025-03-11T02:23:47","slug":"moski-nogometni-dresi-kompleti-barcelona-gostujoci-2024-25-jules-kounde-23","status":"publish","type":"product","link":"https:\/\/www.nogometnizaotroke.com\/de\/product\/moski-nogometni-dresi-kompleti-barcelona-gostujoci-2024-25-jules-kounde-23\/","title":{"rendered":"Herren Fu\u00dfball Trikots Barcelona Ausw\u00e4rts 2024-25 Jules Kounde 23"},"content":{"rendered":"<p>Das Ausw\u00e4rtstrikot Barcelona 2024-25 ist wieder in der Hauptfarbe Schwarz gehalten. Es ist das erste schwarze Trikot des Vereins seit dem schwarz-goldenen Trikot in der Saison 2020-21.Das schwarze Ausw\u00e4rtstrikot 24-25 konzentriert sich auf die Vereinsfarben. Sowohl der Kragen als auch die Seitenstreifen sind in den Vereinsfarben der Blaugrana gehalten.Was das Barcelona 24-25 Ausw\u00e4rtstrikot noch besonderer macht, sind der Swoosh und das Wappen. Beide sind Ton in Ton schwarz, umgeben von einem rot\/blauen Overlay.<\/p>\n<p>Tipps f\u00fcr Socken: Das T-Shirt enth\u00e4lt standardm\u00e4\u00dfig keine Socken. Wenn Sie Socken w\u00fcnschen, w\u00e4hlen Sie die Sockenoptionen, um sie zu bezahlen.<\/p>\n<p>Tipp zum Drucken: Wenn der Name und die Nummer auf dem Bild genau Ihren Vorstellungen entsprechen, brauchen Sie sie nicht erneut einzugeben. Ist dies nicht der Fall, geben Sie den gew\u00fcnschten Namen und die Nummer ein.<\/p>\n<p>Waschtipp: Es wird empfohlen, Fu\u00dfballtrikots mit der Hand zu waschen. Wenn Sie eine Waschmaschine benutzen wollen, denken Sie daran, das Trikot umzudrehen und es dann zu waschen. F\u00fcllen Sie die Maschine mit kaltem Wasser und verwenden Sie einen Schonwaschgang, um die Farben besser zu sch\u00fctzen.<\/p>","protected":false},"excerpt":{"rendered":"<p>Gostujo\u010di dresi kompleti Barcelona 2024-25 se vra\u010da v glavno \u010drno barvo. To je prvi \u010drni dres kluba po \u010drno-zlatem dresu v sezoni 2020-21.Pri \u010drnem gostujo\u010dem dresu 24-25 se osredoto\u010da na klubske barve. Tako ovratnik kot stranske \u010drte so v klubskih barvah Blaugrana.Zaradi \u010desar je gostujo\u010di dres Barcelone 24-25 \u0161e bolj poseben, sta Swoosh in grb. [&hellip;]<\/p>","protected":false},"featured_media":19631,"comment_status":"open","ping_status":"closed","template":"","meta":[],"product_brand":[],"product_cat":[140,34],"product_tag":[843,1063,150,153,1053,148,1052,161,147],"class_list":{"0":"post-19629","1":"product","2":"type-product","3":"status-publish","4":"has-post-thumbnail","6":"product_cat-moski","7":"product_cat-nogometni-dresi-barcelona","8":"product_tag-2024-25-nogometni-dresi","9":"product_tag-jules-kounde-dresi","10":"product_tag-moski-nogometni-dresi","11":"product_tag-nogometni-dresi","12":"product_tag-nogometni-dresi-barcelona-z-lastnim-imenom","13":"product_tag-poceni-nogometni-dresi","14":"product_tag-poceni-nogometni-dresi-barcelona","15":"product_tag-poceni-nogometni-dresi-barcelona-z-lastnim-imenom-online","16":"product_tag-slovenski-nogometni-dresi","18":"first","19":"instock","20":"shipping-taxable","21":"purchasable","22":"product-type-variable"},"_links":{"self":[{"href":"https:\/\/www.nogometnizaotroke.com\/de\/wp-json\/wp\/v2\/product\/19629","targetHints":{"allow":["GET"]}}],"collection":[{"href":"https:\/\/www.nogometnizaotroke.com\/de\/wp-json\/wp\/v2\/product"}],"about":[{"href":"https:\/\/www.nogometnizaotroke.com\/de\/wp-json\/wp\/v2\/types\/product"}],"replies":[{"embeddable":true,"href":"https:\/\/www.nogometnizaotroke.com\/de\/wp-json\/wp\/v2\/comments?post=19629"}],"wp:featuredmedia":[{"embeddable":true,"href":"https:\/\/www.nogometnizaotroke.com\/de\/wp-json\/wp\/v2\/media\/19631"}],"wp:attachment":[{"href":"https:\/\/www.nogometnizaotroke.com\/de\/wp-json\/wp\/v2\/media?parent=19629"}],"wp:term":[{"taxonomy":"product_brand","embeddable":true,"href":"https:\/\/www.nogometnizaotroke.com\/de\/wp-json\/wp\/v2\/product_brand?post=19629"},{"taxonomy":"product_cat","embeddable":true,"href":"https:\/\/www.nogometnizaotroke.com\/de\/wp-json\/wp\/v2\/product_cat?post=19629"},{"taxonomy":"product_tag","embeddable":true,"href":"https:\/\/www.nogometnizaotroke.com\/de\/wp-json\/wp\/v2\/product_tag?post=19629"}],"curies":[{"name":"wp","href":"https:\/\/api.w.org\/{rel}","templated":true}]}}