{"id":19257,"date":"2024-10-31T13:38:43","date_gmt":"2024-10-31T13:38:43","guid":{"rendered":"https:\/\/www.nogometnionline.com\/?post_type=product&#038;p=19257"},"modified":"2024-11-06T09:15:18","modified_gmt":"2024-11-06T09:15:18","slug":"moski-nogometni-dresi-kompleti-juventus-domaci-2024-25-dusan-vlahovic-9","status":"publish","type":"product","link":"https:\/\/www.nogometnizaotroke.com\/de\/product\/moski-nogometni-dresi-kompleti-juventus-domaci-2024-25-dusan-vlahovic-9\/","title":{"rendered":"Mo\u0161ki Nogometni dresi kompleti Juventus Doma\u010di 2024-25 Dusan Vlahovic 9"},"content":{"rendered":"<p>Ein auff\u00e4lliges Merkmal der Juventus Home 2024-25 Fu\u00dfballtrikots ist die Kratergrafik, die an die charakteristische Landschaft der Mondoberfl\u00e4che erinnert. Dieses einzigartige Muster f\u00fcgt sich nahtlos in das klassische schwarz-wei\u00dfe Streifendesign ein und schafft ein dynamisches Zusammenspiel, das die Blicke auf sich zieht und die Fantasie befl\u00fcgelt.<\/p>\n<p>Mit dem Mondmotiv setzt Juventus ein starkes Zeichen f\u00fcr den Pioniergeist des Vereins und sein Engagement, Grenzen auf und neben dem Spielfeld zu \u00fcberschreiten. Das Trikot besteht aus einem einzigartigen, strukturierten Stoff, der mit Hilfe eines 3D-Verfahrens hergestellt wurde. Das Ergebnis dieses innovativen Ansatzes ist eine dreilagige Konstruktion, die das Kleidungsst\u00fcck optisch und haptisch interessant macht. Die strukturierten, gewundenen Details sind der wellenf\u00f6rmigen Oberfl\u00e4che des Mondes nachempfunden und bieten ein sensorisches Erlebnis, das \u00fcber die reine \u00c4sthetik hinausgeht.<\/p>\n<p>Tipps f\u00fcr Socken: Das T-Shirt enth\u00e4lt standardm\u00e4\u00dfig keine Socken. Wenn Sie Socken w\u00fcnschen, w\u00e4hlen Sie die Sockenoptionen, um sie zu bezahlen.<\/p>\n<p>Tipp zum Drucken: Wenn der Name und die Nummer auf dem Bild genau Ihren Vorstellungen entsprechen, brauchen Sie sie nicht erneut einzugeben. Ist dies nicht der Fall, geben Sie den gew\u00fcnschten Namen und die Nummer ein.<\/p>\n<p>Waschtipp: Es wird empfohlen, Fu\u00dfballtrikots mit der Hand zu waschen. Wenn Sie eine Waschmaschine benutzen wollen, denken Sie daran, das Trikot umzudrehen und es dann zu waschen. F\u00fcllen Sie die Maschine mit kaltem Wasser und verwenden Sie einen Schonwaschgang, um die Farben besser zu sch\u00fctzen.<\/p>","protected":false},"excerpt":{"rendered":"<p>Izstopajo\u010da zna\u010dilnost Juventus Doma\u010di 2024-25 nogometni dresi je grafika kraterja, ki spominja na zna\u010dilno pokrajino lunine povr\u0161ine. Ta edinstveni vzorec je brezhibno integriran v klasi\u010dni \u010drno-beli \u010drtasti dizajn, kar ustvarja dinami\u010dno medsebojno igro, ki pritegne poglede in razvnema domi\u0161ljijo. Z vklju\u010ditvijo tega lunarnega motiva daje Juventus mo\u010dno izjavo o pionirskem duhu kluba in njegovi predanosti [&hellip;]<\/p>","protected":false},"featured_media":19259,"comment_status":"open","ping_status":"closed","template":"","meta":[],"product_brand":[],"product_cat":[140,36],"product_tag":[1098,150,153,1095,148,1094,198,373,147],"class_list":{"0":"post-19257","1":"product","2":"type-product","3":"status-publish","4":"has-post-thumbnail","6":"product_cat-moski","7":"product_cat-nogometni-dresi-juventus","8":"product_tag-dusan-vlahovic-dresi","9":"product_tag-moski-nogometni-dresi","10":"product_tag-nogometni-dresi","11":"product_tag-nogometni-dresi-juventus-z-lastnim-imenom","12":"product_tag-poceni-nogometni-dresi","13":"product_tag-poceni-nogometni-dresi-juventus","14":"product_tag-poceni-nogometni-dresi-juventus-z-lastnim-imenom-online","15":"product_tag-poceni-otroski-nogometni-dresi-juventus-z-lastnim-imenom","16":"product_tag-slovenski-nogometni-dresi","18":"first","19":"instock","20":"shipping-taxable","21":"purchasable","22":"product-type-variable"},"_links":{"self":[{"href":"https:\/\/www.nogometnizaotroke.com\/de\/wp-json\/wp\/v2\/product\/19257","targetHints":{"allow":["GET"]}}],"collection":[{"href":"https:\/\/www.nogometnizaotroke.com\/de\/wp-json\/wp\/v2\/product"}],"about":[{"href":"https:\/\/www.nogometnizaotroke.com\/de\/wp-json\/wp\/v2\/types\/product"}],"replies":[{"embeddable":true,"href":"https:\/\/www.nogometnizaotroke.com\/de\/wp-json\/wp\/v2\/comments?post=19257"}],"wp:featuredmedia":[{"embeddable":true,"href":"https:\/\/www.nogometnizaotroke.com\/de\/wp-json\/wp\/v2\/media\/19259"}],"wp:attachment":[{"href":"https:\/\/www.nogometnizaotroke.com\/de\/wp-json\/wp\/v2\/media?parent=19257"}],"wp:term":[{"taxonomy":"product_brand","embeddable":true,"href":"https:\/\/www.nogometnizaotroke.com\/de\/wp-json\/wp\/v2\/product_brand?post=19257"},{"taxonomy":"product_cat","embeddable":true,"href":"https:\/\/www.nogometnizaotroke.com\/de\/wp-json\/wp\/v2\/product_cat?post=19257"},{"taxonomy":"product_tag","embeddable":true,"href":"https:\/\/www.nogometnizaotroke.com\/de\/wp-json\/wp\/v2\/product_tag?post=19257"}],"curies":[{"name":"wp","href":"https:\/\/api.w.org\/{rel}","templated":true}]}}