{"id":19142,"date":"2024-10-29T09:22:18","date_gmt":"2024-10-29T09:22:18","guid":{"rendered":"https:\/\/www.nogometnionline.com\/?post_type=product&#038;p=19142"},"modified":"2024-10-29T09:22:23","modified_gmt":"2024-10-29T09:22:23","slug":"otroski-nogometni-dresi-kompleti-za-otroke-liverpool-gostujoci-2024-25-federico-chiesa-14","status":"publish","type":"product","link":"https:\/\/www.nogometnizaotroke.com\/de\/product\/otroski-nogometni-dresi-kompleti-za-otroke-liverpool-gostujoci-2024-25-federico-chiesa-14\/","title":{"rendered":"Kinder Fu\u00dfball Trikots Trikots f\u00fcr Kinder Liverpool Away 2024-25 Federico Chiesa 14"},"content":{"rendered":"<p>Dizajn\u00a0gostujo\u010di dresi Liverpool FC 2024\/25 mojstrsko zdru\u017euje tradicijo s sodobnostjo in vklju\u010duje temno zeleno osnovo s poudarkom na antracitih, spranih Tea odtenkih in odtenkih jader. Ti kontrastni elementi so vidno prikazani na man\u0161etah in notranji oblogi nogometne majice in kratkih hla\u010d ter ustvarjajo vizualno privla\u010den in koheziven videz.<\/p>\n<p>Das Ausw\u00e4rtstrikot des FC Liverpool 2024\/25 zeichnet sich durch ein einzigartiges Namens- und Nummernmotiv aus, das von den historischen Stra\u00dfenschildern Liverpools inspiriert ist. Diese kreative Note schafft eine pers\u00f6nliche Verbindung zwischen dem Team, der Stadt und ihrer leidenschaftlichen Fangemeinde. Dar\u00fcber hinaus werden die Grafiken des Trikots mit wasserbasierten Farben gedruckt, was das Engagement des Vereins f\u00fcr Nachhaltigkeit unterstreicht und im Einklang mit umweltfreundlichen Praktiken bei der Herstellung von Sportbekleidung steht.<\/p>\n<p>Tipps f\u00fcr Socken: Das T-Shirt enth\u00e4lt standardm\u00e4\u00dfig keine Socken. Wenn Sie Socken w\u00fcnschen, w\u00e4hlen Sie die Sockenoptionen, um sie zu bezahlen.<\/p>\n<p>Tipp zum Drucken: Wenn der Name und die Nummer auf dem Bild genau Ihren Vorstellungen entsprechen, brauchen Sie sie nicht erneut einzugeben. Ist dies nicht der Fall, geben Sie den gew\u00fcnschten Namen und die Nummer ein.<\/p>\n<p>Waschtipp: Es wird empfohlen, Fu\u00dfballtrikots mit der Hand zu waschen. Wenn Sie eine Waschmaschine benutzen wollen, denken Sie daran, das Trikot umzudrehen und es dann zu waschen. F\u00fcllen Sie die Maschine mit kaltem Wasser und verwenden Sie einen Schonwaschgang, um die Farben besser zu sch\u00fctzen.<\/p>","protected":false},"excerpt":{"rendered":"<p>Dizajn\u00a0gostujo\u010di dresi Liverpool FC 2024\/25 mojstrsko zdru\u017euje tradicijo s sodobnostjo in vklju\u010duje temno zeleno osnovo s poudarkom na antracitih, spranih Tea odtenkih in odtenkih jader. Ti kontrastni elementi so vidno prikazani na man\u0161etah in notranji oblogi nogometne majice in kratkih hla\u010d ter ustvarjajo vizualno privla\u010den in koheziven videz. Gostujo\u010di dres Liverpool FC 2024\/25 ima edinstven [&hellip;]<\/p>","protected":false},"featured_media":19144,"comment_status":"open","ping_status":"closed","template":"","meta":[],"product_brand":[],"product_cat":[73,39],"product_tag":[876,837,1347,875,284,159,148,295,147],"class_list":{"0":"post-19142","1":"product","2":"type-product","3":"status-publish","4":"has-post-thumbnail","6":"product_cat-otroski","7":"product_cat-nogometni-dresi-liverpool","8":"product_tag-dresi-liverpool-za-otroski","9":"product_tag-dresi-za-nogomet","10":"product_tag-federico-chiesa-dresi","11":"product_tag-liverpool-dresi-2024","12":"product_tag-otroski-dresi-liverpool-z-lastnim-imenom","13":"product_tag-otroski-nogometni-dresi","14":"product_tag-poceni-nogometni-dresi","15":"product_tag-poceni-nogometni-dresi-liverpool-z-lastnim-imenom-online","16":"product_tag-slovenski-nogometni-dresi","18":"first","19":"instock","20":"shipping-taxable","21":"purchasable","22":"product-type-variable"},"_links":{"self":[{"href":"https:\/\/www.nogometnizaotroke.com\/de\/wp-json\/wp\/v2\/product\/19142","targetHints":{"allow":["GET"]}}],"collection":[{"href":"https:\/\/www.nogometnizaotroke.com\/de\/wp-json\/wp\/v2\/product"}],"about":[{"href":"https:\/\/www.nogometnizaotroke.com\/de\/wp-json\/wp\/v2\/types\/product"}],"replies":[{"embeddable":true,"href":"https:\/\/www.nogometnizaotroke.com\/de\/wp-json\/wp\/v2\/comments?post=19142"}],"wp:featuredmedia":[{"embeddable":true,"href":"https:\/\/www.nogometnizaotroke.com\/de\/wp-json\/wp\/v2\/media\/19144"}],"wp:attachment":[{"href":"https:\/\/www.nogometnizaotroke.com\/de\/wp-json\/wp\/v2\/media?parent=19142"}],"wp:term":[{"taxonomy":"product_brand","embeddable":true,"href":"https:\/\/www.nogometnizaotroke.com\/de\/wp-json\/wp\/v2\/product_brand?post=19142"},{"taxonomy":"product_cat","embeddable":true,"href":"https:\/\/www.nogometnizaotroke.com\/de\/wp-json\/wp\/v2\/product_cat?post=19142"},{"taxonomy":"product_tag","embeddable":true,"href":"https:\/\/www.nogometnizaotroke.com\/de\/wp-json\/wp\/v2\/product_tag?post=19142"}],"curies":[{"name":"wp","href":"https:\/\/api.w.org\/{rel}","templated":true}]}}