{"id":19060,"date":"2024-10-28T11:22:43","date_gmt":"2024-10-28T11:22:43","guid":{"rendered":"https:\/\/www.nogometnionline.com\/?post_type=product&#038;p=19060"},"modified":"2024-10-28T11:22:47","modified_gmt":"2024-10-28T11:22:47","slug":"otroski-nogometni-dresi-kompleti-za-otroke-liverpool-tretji-2024-2025-virgil-van-dijk-4","status":"publish","type":"product","link":"https:\/\/www.nogometnizaotroke.com\/de\/product\/otroski-nogometni-dresi-kompleti-za-otroke-liverpool-tretji-2024-2025-virgil-van-dijk-4\/","title":{"rendered":"Kinder Fu\u00dfballtrikots Trikots f\u00fcr Kinder Liverpool Third 2024-2025 Virgil van Dijk 4"},"content":{"rendered":"<p>Das auff\u00e4lligste Merkmal des dritten Trikots des FC Liverpool 2024\/25 ist der markante vertikale Doppel-Swoosh, der sich \u00fcber Trikot, Hose und Stutzen erstreckt. Inspiriert vom Fl\u00fcgel einer griechischen G\u00f6ttin, symbolisiert dieses einzigartige Designelement Geschwindigkeit, Bewegung, St\u00e4rke und Motivation. Sowohl die M\u00e4nner- als auch die Frauenmannschaft werden mit diesem innovativen Detail ausgestattet sein, das das Engagement des Vereins f\u00fcr die Gleichstellung der Geschlechter im Fu\u00dfball unterstreicht.<br \/>\nDas Design des neuen LFC-Trikots ist von der pulsierenden Punk-Szene Liverpools inspiriert und wird als \"rebellisch\" beschrieben. Es zeigt ein k\u00fchnes Muster, das die ikonischen Farben des Vereins mit Elementen kombiniert, die eine Hommage an die furchtlosen Punkk\u00fcnstler der Stadt sind, die dort, wo der Fluss Mersey auf die Irische See trifft, einen neuen Sound eingef\u00fchrt haben. Das \u00fcberwiegend wei\u00dfe Liverpool 24\/25-Drittelset ist mit sauberen Platindetails akzentuiert, w\u00e4hrend das traditionelle Rot und das Chromgelb des Vereins aufblitzen und den Look abrunden. Schwarze Shorts und wei\u00dfe Stutzen vervollst\u00e4ndigen das Trikot zu einem stimmigen und auff\u00e4lligen Ensemble. Das Hauptaugenmerk wurde auch auf die Verbesserung des Komforts und der Passform des Trikots gelegt, um eine optimale Leistung der Spieler zu gew\u00e4hrleisten.<\/p>\n<p>Tipps f\u00fcr Socken: Das T-Shirt enth\u00e4lt standardm\u00e4\u00dfig keine Socken. Wenn Sie Socken w\u00fcnschen, w\u00e4hlen Sie die Sockenoptionen, um sie zu bezahlen.<\/p>\n<p>Tipp zum Drucken: Wenn der Name und die Nummer auf dem Bild genau Ihren Vorstellungen entsprechen, brauchen Sie sie nicht erneut einzugeben. Ist dies nicht der Fall, geben Sie den gew\u00fcnschten Namen und die Nummer ein.<\/p>\n<p>Waschtipp: Es wird empfohlen, Fu\u00dfballtrikots mit der Hand zu waschen. Wenn Sie eine Waschmaschine benutzen wollen, denken Sie daran, das Trikot umzudrehen und es dann zu waschen. F\u00fcllen Sie die Maschine mit kaltem Wasser und verwenden Sie einen Schonwaschgang, um die Farben besser zu sch\u00fctzen.<\/p>","protected":false},"excerpt":{"rendered":"<p>Najbolj presenetljiva zna\u010dilnost Liverpool FC 2024\/25 Tretji dresi je izrazit navpi\u010dni dvojni Swoosh, ki se razteza \u010dez dres, kratke hla\u010de in nogavice. Ta edinstven oblikovalski element, ki ga je navdihnilo krilo gr\u0161ke boginje, simbolizira hitrost, gibanje, mo\u010d in motivacijo. Tako mo\u0161ka kot \u017eenska ekipa bosta opremljeni s tem inovativnim detajlom, ki poudarja zavezanost kluba enakosti [&hellip;]<\/p>","protected":false},"featured_media":19062,"comment_status":"open","ping_status":"closed","template":"","meta":[],"product_brand":[],"product_cat":[73,39],"product_tag":[876,837,875,284,159,148,295,147,1333],"class_list":{"0":"post-19060","1":"product","2":"type-product","3":"status-publish","4":"has-post-thumbnail","6":"product_cat-otroski","7":"product_cat-nogometni-dresi-liverpool","8":"product_tag-dresi-liverpool-za-otroski","9":"product_tag-dresi-za-nogomet","10":"product_tag-liverpool-dresi-2024","11":"product_tag-otroski-dresi-liverpool-z-lastnim-imenom","12":"product_tag-otroski-nogometni-dresi","13":"product_tag-poceni-nogometni-dresi","14":"product_tag-poceni-nogometni-dresi-liverpool-z-lastnim-imenom-online","15":"product_tag-slovenski-nogometni-dresi","16":"product_tag-virgil-van-dijk-dresi","18":"first","19":"instock","20":"shipping-taxable","21":"purchasable","22":"product-type-variable"},"_links":{"self":[{"href":"https:\/\/www.nogometnizaotroke.com\/de\/wp-json\/wp\/v2\/product\/19060","targetHints":{"allow":["GET"]}}],"collection":[{"href":"https:\/\/www.nogometnizaotroke.com\/de\/wp-json\/wp\/v2\/product"}],"about":[{"href":"https:\/\/www.nogometnizaotroke.com\/de\/wp-json\/wp\/v2\/types\/product"}],"replies":[{"embeddable":true,"href":"https:\/\/www.nogometnizaotroke.com\/de\/wp-json\/wp\/v2\/comments?post=19060"}],"wp:featuredmedia":[{"embeddable":true,"href":"https:\/\/www.nogometnizaotroke.com\/de\/wp-json\/wp\/v2\/media\/19062"}],"wp:attachment":[{"href":"https:\/\/www.nogometnizaotroke.com\/de\/wp-json\/wp\/v2\/media?parent=19060"}],"wp:term":[{"taxonomy":"product_brand","embeddable":true,"href":"https:\/\/www.nogometnizaotroke.com\/de\/wp-json\/wp\/v2\/product_brand?post=19060"},{"taxonomy":"product_cat","embeddable":true,"href":"https:\/\/www.nogometnizaotroke.com\/de\/wp-json\/wp\/v2\/product_cat?post=19060"},{"taxonomy":"product_tag","embeddable":true,"href":"https:\/\/www.nogometnizaotroke.com\/de\/wp-json\/wp\/v2\/product_tag?post=19060"}],"curies":[{"name":"wp","href":"https:\/\/api.w.org\/{rel}","templated":true}]}}