{"id":18924,"date":"2024-10-24T09:32:47","date_gmt":"2024-10-24T09:32:47","guid":{"rendered":"https:\/\/www.nogometnionline.com\/?post_type=product&#038;p=18924"},"modified":"2024-10-24T09:32:52","modified_gmt":"2024-10-24T09:32:52","slug":"otroski-nogometni-dresi-kompleti-za-otroke-barcelona-tretji-2024-25-ferran-torres-7","status":"publish","type":"product","link":"https:\/\/www.nogometnizaotroke.com\/de\/product\/otroski-nogometni-dresi-kompleti-za-otroke-barcelona-tretji-2024-25-ferran-torres-7\/","title":{"rendered":"Kinder Fu\u00dfballtrikots Trikots f\u00fcr Kinder Barcelona Third 2024-25 Ferran Torres 7"},"content":{"rendered":"<p>Tretji dres Barcelona 2024-25 ima sodobno barvno shemo. Kombinira svetlobni volt z modro za logotipe in aplikacije. Uradno so barve &#8220;Barely Volt \/ Old Royal&#8221;. Tretji dres Barcelona 2024-2025 je zasnovan s simbolom \u017eenskega spola &#8211; hermafroditom, krogom nad kri\u017eem.<\/p>\n<p>Tipps f\u00fcr Socken: Das T-Shirt enth\u00e4lt standardm\u00e4\u00dfig keine Socken. Wenn Sie Socken w\u00fcnschen, w\u00e4hlen Sie die Sockenoptionen, um sie zu bezahlen.<\/p>\n<p>Tipp zum Drucken: Wenn der Name und die Nummer auf dem Bild genau Ihren Vorstellungen entsprechen, brauchen Sie sie nicht erneut einzugeben. Ist dies nicht der Fall, geben Sie den gew\u00fcnschten Namen und die Nummer ein.<\/p>\n<p>Waschtipp: Es wird empfohlen, Fu\u00dfballtrikots mit der Hand zu waschen. Wenn Sie eine Waschmaschine benutzen wollen, denken Sie daran, das Trikot umzudrehen und es dann zu waschen. F\u00fcllen Sie die Maschine mit kaltem Wasser und verwenden Sie einen Schonwaschgang, um die Farben besser zu sch\u00fctzen.<\/p>","protected":false},"excerpt":{"rendered":"<p>Tretji dres Barcelona 2024-25 ima sodobno barvno shemo. Kombinira svetlobni volt z modro za logotipe in aplikacije. Uradno so barve &#8220;Barely Volt \/ Old Royal&#8221;. Tretji dres Barcelona 2024-2025 je zasnovan s simbolom \u017eenskega spola &#8211; hermafroditom, krogom nad kri\u017eem. Nasveti za nogavice: Majica ne vsebuje nogavic privzeto. \u010ce \u017eelite nogavice, izberite mo\u017enosti nogavic, da [&hellip;]<\/p>","protected":false},"featured_media":18926,"comment_status":"open","ping_status":"closed","template":"","meta":[],"product_brand":[],"product_cat":[73,34],"product_tag":[843,992,1058,191,993,159,991,148,161,147],"class_list":{"0":"post-18924","1":"product","2":"type-product","3":"status-publish","4":"has-post-thumbnail","6":"product_cat-otroski","7":"product_cat-nogometni-dresi-barcelona","8":"product_tag-2024-25-nogometni-dresi","9":"product_tag-dresi-barcelona-za-otroke","10":"product_tag-ferran-torres-dresi","11":"product_tag-nogometni-dresi-kompleti","12":"product_tag-otroski-dresi-barcelona-z-lastnim-imenom","13":"product_tag-otroski-nogometni-dresi","14":"product_tag-otroski-nogometni-dresi-barcelona","15":"product_tag-poceni-nogometni-dresi","16":"product_tag-poceni-nogometni-dresi-barcelona-z-lastnim-imenom-online","17":"product_tag-slovenski-nogometni-dresi","19":"first","20":"instock","21":"shipping-taxable","22":"purchasable","23":"product-type-variable"},"_links":{"self":[{"href":"https:\/\/www.nogometnizaotroke.com\/de\/wp-json\/wp\/v2\/product\/18924","targetHints":{"allow":["GET"]}}],"collection":[{"href":"https:\/\/www.nogometnizaotroke.com\/de\/wp-json\/wp\/v2\/product"}],"about":[{"href":"https:\/\/www.nogometnizaotroke.com\/de\/wp-json\/wp\/v2\/types\/product"}],"replies":[{"embeddable":true,"href":"https:\/\/www.nogometnizaotroke.com\/de\/wp-json\/wp\/v2\/comments?post=18924"}],"wp:featuredmedia":[{"embeddable":true,"href":"https:\/\/www.nogometnizaotroke.com\/de\/wp-json\/wp\/v2\/media\/18926"}],"wp:attachment":[{"href":"https:\/\/www.nogometnizaotroke.com\/de\/wp-json\/wp\/v2\/media?parent=18924"}],"wp:term":[{"taxonomy":"product_brand","embeddable":true,"href":"https:\/\/www.nogometnizaotroke.com\/de\/wp-json\/wp\/v2\/product_brand?post=18924"},{"taxonomy":"product_cat","embeddable":true,"href":"https:\/\/www.nogometnizaotroke.com\/de\/wp-json\/wp\/v2\/product_cat?post=18924"},{"taxonomy":"product_tag","embeddable":true,"href":"https:\/\/www.nogometnizaotroke.com\/de\/wp-json\/wp\/v2\/product_tag?post=18924"}],"curies":[{"name":"wp","href":"https:\/\/api.w.org\/{rel}","templated":true}]}}