{"id":18921,"date":"2024-10-24T09:26:08","date_gmt":"2024-10-24T09:26:08","guid":{"rendered":"https:\/\/www.nogometnionline.com\/?post_type=product&#038;p=18921"},"modified":"2024-10-24T09:26:13","modified_gmt":"2024-10-24T09:26:13","slug":"otroski-nogometni-dresi-kompleti-za-otroke-barcelona-tretji-2024-25-pau-cubarsi-2","status":"publish","type":"product","link":"https:\/\/www.nogometnizaotroke.com\/de\/product\/otroski-nogometni-dresi-kompleti-za-otroke-barcelona-tretji-2024-25-pau-cubarsi-2\/","title":{"rendered":"Kinder Fu\u00dfballtrikots\u00e4tze f\u00fcr Kinder Barcelona Third 2024-25 Pau Cubarsi 2"},"content":{"rendered":"<p>Das Barcelona 2024-25 dritte Trikot besticht durch ein modernes Farbschema. Es kombiniert ein helles Volt mit Blau f\u00fcr Logos und Applikationen. Offiziell lauten die Farben \u201cBarely Volt \/ Old Royal\u201d.Das Bar\u00e7a 2024-2025 dritte Trikot ist mit einem weiblichen Geschlechtssymbol gestaltet \u2013 ein Zwitter, ein Kreis \u00fcber einem Kreuz.<\/p>\n<p>Tipps f\u00fcr Socken: Das T-Shirt enth\u00e4lt standardm\u00e4\u00dfig keine Socken. Wenn Sie Socken w\u00fcnschen, w\u00e4hlen Sie die Sockenoptionen, um sie zu bezahlen.<\/p>\n<p>Tipp zum Drucken: Wenn der Name und die Nummer auf dem Bild genau Ihren Vorstellungen entsprechen, brauchen Sie sie nicht erneut einzugeben. Ist dies nicht der Fall, geben Sie den gew\u00fcnschten Namen und die Nummer ein.<\/p>\n<p>Waschtipp: Es wird empfohlen, Fu\u00dfballtrikots mit der Hand zu waschen. Wenn Sie eine Waschmaschine benutzen wollen, denken Sie daran, das Trikot umzudrehen und es dann zu waschen. F\u00fcllen Sie die Maschine mit kaltem Wasser und verwenden Sie einen Schonwaschgang, um die Farben besser zu sch\u00fctzen.<\/p>","protected":false},"excerpt":{"rendered":"<p>Das Barcelona 2024-25 dritte Trikot besticht durch ein modernes Farbschema. Es kombiniert ein helles Volt mit Blau f\u00fcr Logos und Applikationen. Offiziell lauten die Farben \u201cBarely Volt \/ Old Royal\u201d.Das Bar\u00e7a 2024-2025 dritte Trikot ist mit einem weiblichen Geschlechtssymbol gestaltet \u2013 ein Zwitter, ein Kreis \u00fcber einem Kreuz. Nasveti za nogavice: Majica ne vsebuje nogavic [&hellip;]<\/p>","protected":false},"featured_media":18923,"comment_status":"open","ping_status":"closed","template":"","meta":[],"product_brand":[],"product_cat":[73,34],"product_tag":[843,992,191,993,159,991,1433,148,161,147],"class_list":{"0":"post-18921","1":"product","2":"type-product","3":"status-publish","4":"has-post-thumbnail","6":"product_cat-otroski","7":"product_cat-nogometni-dresi-barcelona","8":"product_tag-2024-25-nogometni-dresi","9":"product_tag-dresi-barcelona-za-otroke","10":"product_tag-nogometni-dresi-kompleti","11":"product_tag-otroski-dresi-barcelona-z-lastnim-imenom","12":"product_tag-otroski-nogometni-dresi","13":"product_tag-otroski-nogometni-dresi-barcelona","14":"product_tag-pau-cubarsi-dresi","15":"product_tag-poceni-nogometni-dresi","16":"product_tag-poceni-nogometni-dresi-barcelona-z-lastnim-imenom-online","17":"product_tag-slovenski-nogometni-dresi","19":"first","20":"instock","21":"shipping-taxable","22":"purchasable","23":"product-type-variable"},"_links":{"self":[{"href":"https:\/\/www.nogometnizaotroke.com\/de\/wp-json\/wp\/v2\/product\/18921","targetHints":{"allow":["GET"]}}],"collection":[{"href":"https:\/\/www.nogometnizaotroke.com\/de\/wp-json\/wp\/v2\/product"}],"about":[{"href":"https:\/\/www.nogometnizaotroke.com\/de\/wp-json\/wp\/v2\/types\/product"}],"replies":[{"embeddable":true,"href":"https:\/\/www.nogometnizaotroke.com\/de\/wp-json\/wp\/v2\/comments?post=18921"}],"wp:featuredmedia":[{"embeddable":true,"href":"https:\/\/www.nogometnizaotroke.com\/de\/wp-json\/wp\/v2\/media\/18923"}],"wp:attachment":[{"href":"https:\/\/www.nogometnizaotroke.com\/de\/wp-json\/wp\/v2\/media?parent=18921"}],"wp:term":[{"taxonomy":"product_brand","embeddable":true,"href":"https:\/\/www.nogometnizaotroke.com\/de\/wp-json\/wp\/v2\/product_brand?post=18921"},{"taxonomy":"product_cat","embeddable":true,"href":"https:\/\/www.nogometnizaotroke.com\/de\/wp-json\/wp\/v2\/product_cat?post=18921"},{"taxonomy":"product_tag","embeddable":true,"href":"https:\/\/www.nogometnizaotroke.com\/de\/wp-json\/wp\/v2\/product_tag?post=18921"}],"curies":[{"name":"wp","href":"https:\/\/api.w.org\/{rel}","templated":true}]}}