{"id":18349,"date":"2024-10-12T09:29:36","date_gmt":"2024-10-12T09:29:36","guid":{"rendered":"https:\/\/www.nogometnionline.com\/?post_type=product&#038;p=18349"},"modified":"2024-10-12T09:29:41","modified_gmt":"2024-10-12T09:29:41","slug":"moski-nogometni-dresi-kompleti-chelsea-gostujoci-2024-2025-bela-enzo-fernandez-8","status":"publish","type":"product","link":"https:\/\/www.nogometnizaotroke.com\/de\/product\/moski-nogometni-dresi-kompleti-chelsea-gostujoci-2024-2025-bela-enzo-fernandez-8\/","title":{"rendered":"Herren Fu\u00dfball Trikots Chelsea Away 2024-2025 wei\u00df Enzo Fernandez 8"},"content":{"rendered":"<p>Das \"Blue Blame\"-Thema dieses Heimtrikots des FC Chelsea 24\/25 setzt sich auch auf dem Ausw\u00e4rtstrikot fort und unterstreicht den gemeinsamen Ehrgeiz, die brennende Leidenschaft und die Entschlossenheit des Vereins zum Erfolg. Die auff\u00e4llige orange Akzentfarbe symbolisiert das Feuer, das den kollektiven Antrieb aller mit Chelsea verbundenen Personen darstellt, sowohl auf als auch neben dem Spielfeld. Der Slogan 'Together, We Burn Blue' fasst dieses Ethos zusammen und spiegelt die Einigkeit und Intensit\u00e4t wider, mit der der Verein in die neue Saison gehen will.Das Chelsea-Trikot 2024\/25 besteht aus einem gewebten Stoff in 'guava ice', einem helleren Orangeton, der eine klare, jugendliche und trendige \u00c4sthetik vermittelt. Diese Farbwahl sorgt nicht nur f\u00fcr einen frischen Look, sondern erg\u00e4nzt auch die traditionellen Farben, die mit Chelsea in Verbindung gebracht werden. Das Design zielt darauf ab, Spieler und Fans gleicherma\u00dfen anzusprechen und bietet einen modernen und doch zeitlosen Look, der den aktuellen Modetrends entspricht.<\/p>\n<p>Tipps f\u00fcr Socken: Das T-Shirt enth\u00e4lt standardm\u00e4\u00dfig keine Socken. Wenn Sie Socken w\u00fcnschen, w\u00e4hlen Sie die Sockenoptionen, um sie zu bezahlen.<\/p>\n<p>Tipp zum Drucken: Wenn der Name und die Nummer auf dem Bild genau Ihren Vorstellungen entsprechen, brauchen Sie sie nicht erneut einzugeben. Ist dies nicht der Fall, geben Sie den gew\u00fcnschten Namen und die Nummer ein.<\/p>\n<p>Waschtipp: Es wird empfohlen, Fu\u00dfballtrikots mit der Hand zu waschen. Wenn Sie eine Waschmaschine benutzen wollen, denken Sie daran, das Trikot umzudrehen und es dann zu waschen. F\u00fcllen Sie die Maschine mit kaltem Wasser und verwenden Sie einen Schonwaschgang, um die Farben besser zu sch\u00fctzen.<\/p>","protected":false},"excerpt":{"rendered":"<p>Tema \u2018Blue Blame\u2019 iz tega doma\u010dega dresa FC Chelsea 24\/25 se raz\u0161iri na gostujo\u010do majico in poudarja skupno ambicioznost kluba, gore\u010do strast in odlo\u010denost za uspeh. Osupljiva oran\u017ena poudarjena barva simbolizira ogenj, ki predstavlja kolektivni zagon vseh, ki so povezani s Chelseajem, tako na igri\u0161\u010du kot izven njega. Slogan \u00bbTogether, We Burn Blue\u00ab povzema ta [&hellip;]<\/p>","protected":false},"featured_media":18351,"comment_status":"open","ping_status":"closed","template":"","meta":[],"product_brand":[],"product_cat":[140,43],"product_tag":[281,1038,150,282,1036,148,647,165,147],"class_list":{"0":"post-18349","1":"product","2":"type-product","3":"status-publish","4":"has-post-thumbnail","6":"product_cat-moski","7":"product_cat-nogometni-dresi-chelsea","8":"product_tag-dresi-chelsea-za-otroke","9":"product_tag-enzo-fernandez-dresi","10":"product_tag-moski-nogometni-dresi","11":"product_tag-otroski-dresi-chelsea-z-lastnim-imenom","12":"product_tag-otroski-nogometni-dresi-chelsea","13":"product_tag-poceni-nogometni-dresi","14":"product_tag-poceni-nogometni-dresi-otroski-z-lastnim-imenom-online","15":"product_tag-poceni-otroski-nogometni-dresi-chelsea-z-lastnim-imenom","16":"product_tag-slovenski-nogometni-dresi","18":"first","19":"instock","20":"shipping-taxable","21":"purchasable","22":"product-type-variable"},"_links":{"self":[{"href":"https:\/\/www.nogometnizaotroke.com\/de\/wp-json\/wp\/v2\/product\/18349","targetHints":{"allow":["GET"]}}],"collection":[{"href":"https:\/\/www.nogometnizaotroke.com\/de\/wp-json\/wp\/v2\/product"}],"about":[{"href":"https:\/\/www.nogometnizaotroke.com\/de\/wp-json\/wp\/v2\/types\/product"}],"replies":[{"embeddable":true,"href":"https:\/\/www.nogometnizaotroke.com\/de\/wp-json\/wp\/v2\/comments?post=18349"}],"wp:featuredmedia":[{"embeddable":true,"href":"https:\/\/www.nogometnizaotroke.com\/de\/wp-json\/wp\/v2\/media\/18351"}],"wp:attachment":[{"href":"https:\/\/www.nogometnizaotroke.com\/de\/wp-json\/wp\/v2\/media?parent=18349"}],"wp:term":[{"taxonomy":"product_brand","embeddable":true,"href":"https:\/\/www.nogometnizaotroke.com\/de\/wp-json\/wp\/v2\/product_brand?post=18349"},{"taxonomy":"product_cat","embeddable":true,"href":"https:\/\/www.nogometnizaotroke.com\/de\/wp-json\/wp\/v2\/product_cat?post=18349"},{"taxonomy":"product_tag","embeddable":true,"href":"https:\/\/www.nogometnizaotroke.com\/de\/wp-json\/wp\/v2\/product_tag?post=18349"}],"curies":[{"name":"wp","href":"https:\/\/api.w.org\/{rel}","templated":true}]}}