{"id":18301,"date":"2024-10-11T02:19:48","date_gmt":"2024-10-11T02:19:48","guid":{"rendered":"https:\/\/www.nogometnionline.com\/?post_type=product&#038;p=18301"},"modified":"2024-10-19T02:37:56","modified_gmt":"2024-10-19T02:37:56","slug":"moski-nogometni-dresi-kompleti-chelsea-domaci-2024-25-tisk-cole-palmer-20","status":"publish","type":"product","link":"https:\/\/www.nogometnizaotroke.com\/de\/product\/moski-nogometni-dresi-kompleti-chelsea-domaci-2024-25-tisk-cole-palmer-20\/","title":{"rendered":"Herren Fu\u00dfball Trikots Trikots Chelsea Home 2024-25 Druck Cole Palmer 20"},"content":{"rendered":"<p>Das Chelsea FC 24-25 Trikot ist das erste in der Geschichte des Vereins, das die traditionellen Farben Blau und Orange-Wei\u00df kombiniert. Die Logos des Chelsea 24-25 Heimtrikots sind hellblau und mit \"Team Orange\" umrandet. Beide haben einen 3D-Effekt, der durch das wellenf\u00f6rmige Design hervorsticht, das ein wenig an einen Schaumwelleneffekt erinnert.<\/p>\n<p>Tipps f\u00fcr Socken: Das T-Shirt enth\u00e4lt standardm\u00e4\u00dfig keine Socken. Wenn Sie Socken w\u00fcnschen, w\u00e4hlen Sie die Sockenoptionen, um sie zu bezahlen.<\/p>\n<p>Tipp zum Drucken: Wenn der Name und die Nummer auf dem Bild genau Ihren Vorstellungen entsprechen, brauchen Sie sie nicht erneut einzugeben. Ist dies nicht der Fall, geben Sie den gew\u00fcnschten Namen und die Nummer ein.<\/p>\n<p>Waschtipp: Es wird empfohlen, Fu\u00dfballtrikots mit der Hand zu waschen. Wenn Sie eine Waschmaschine benutzen wollen, denken Sie daran, das Trikot umzudrehen und es dann zu waschen. F\u00fcllen Sie die Maschine mit kaltem Wasser und verwenden Sie einen Schonwaschgang, um die Farben besser zu sch\u00fctzen.<\/p>","protected":false},"excerpt":{"rendered":"<p>Dres Chelsea FC 24-25 je prvi v zgodovini kluba, ki zdru\u017euje tradicionalno modro in belo-oran\u017eno barvo. Logotipi doma\u010de opreme Chelsea 24-25 so svetlo modri in obrobljeni z \u201cTeam Orange\u201d. Oba imata 3D u\u010dinek.Izstopa valovit dizajn, ki nekoliko spominja na u\u010dinek penastega vala. Nasveti za nogavice: Majica ne vsebuje nogavic privzeto. \u010ce \u017eelite nogavice, izberite mo\u017enosti [&hellip;]<\/p>","protected":false},"featured_media":18303,"comment_status":"open","ping_status":"closed","template":"","meta":[],"product_brand":[],"product_cat":[140,43],"product_tag":[959,281,150,282,1036,148,647,165,147],"class_list":{"0":"post-18301","1":"product","2":"type-product","3":"status-publish","4":"has-post-thumbnail","6":"product_cat-moski","7":"product_cat-nogometni-dresi-chelsea","8":"product_tag-cole-palmer-dresi","9":"product_tag-dresi-chelsea-za-otroke","10":"product_tag-moski-nogometni-dresi","11":"product_tag-otroski-dresi-chelsea-z-lastnim-imenom","12":"product_tag-otroski-nogometni-dresi-chelsea","13":"product_tag-poceni-nogometni-dresi","14":"product_tag-poceni-nogometni-dresi-otroski-z-lastnim-imenom-online","15":"product_tag-poceni-otroski-nogometni-dresi-chelsea-z-lastnim-imenom","16":"product_tag-slovenski-nogometni-dresi","18":"first","19":"instock","20":"featured","21":"shipping-taxable","22":"purchasable","23":"product-type-variable"},"_links":{"self":[{"href":"https:\/\/www.nogometnizaotroke.com\/de\/wp-json\/wp\/v2\/product\/18301","targetHints":{"allow":["GET"]}}],"collection":[{"href":"https:\/\/www.nogometnizaotroke.com\/de\/wp-json\/wp\/v2\/product"}],"about":[{"href":"https:\/\/www.nogometnizaotroke.com\/de\/wp-json\/wp\/v2\/types\/product"}],"replies":[{"embeddable":true,"href":"https:\/\/www.nogometnizaotroke.com\/de\/wp-json\/wp\/v2\/comments?post=18301"}],"wp:featuredmedia":[{"embeddable":true,"href":"https:\/\/www.nogometnizaotroke.com\/de\/wp-json\/wp\/v2\/media\/18303"}],"wp:attachment":[{"href":"https:\/\/www.nogometnizaotroke.com\/de\/wp-json\/wp\/v2\/media?parent=18301"}],"wp:term":[{"taxonomy":"product_brand","embeddable":true,"href":"https:\/\/www.nogometnizaotroke.com\/de\/wp-json\/wp\/v2\/product_brand?post=18301"},{"taxonomy":"product_cat","embeddable":true,"href":"https:\/\/www.nogometnizaotroke.com\/de\/wp-json\/wp\/v2\/product_cat?post=18301"},{"taxonomy":"product_tag","embeddable":true,"href":"https:\/\/www.nogometnizaotroke.com\/de\/wp-json\/wp\/v2\/product_tag?post=18301"}],"curies":[{"name":"wp","href":"https:\/\/api.w.org\/{rel}","templated":true}]}}