{"id":18184,"date":"2024-10-10T07:57:22","date_gmt":"2024-10-10T07:57:22","guid":{"rendered":"https:\/\/www.nogometnionline.com\/?post_type=product&#038;p=18184"},"modified":"2024-10-10T07:57:28","modified_gmt":"2024-10-10T07:57:28","slug":"moski-nogometni-dresi-kompleti-manchester-city-domaci-2024-2025-kalvin-phillips-4","status":"publish","type":"product","link":"https:\/\/www.nogometnizaotroke.com\/de\/product\/moski-nogometni-dresi-kompleti-manchester-city-domaci-2024-2025-kalvin-phillips-4\/","title":{"rendered":"M\u00e4nner Fu\u00dfball Trikots Manchester City Heim Trikots 2024-2025 Kalvin Phillips 4"},"content":{"rendered":"<p>Das himmelblaue Trikot ist ironischerweise an die Heimfarben von Manchester City angelehnt und zeigt ein neues Design, das vom Rufzeichen \"0161\" inspiriert ist, das das Stadtzentrum von Manchester City bedeckt. Das himmelblaue Trikot ist mit marineblauen Eins\u00e4tzen und einer einzigartigen Graffiti-Grafik im Camouflage-Stil versehen, die die Zahlen \"0161\" am Kragen und an den \u00c4rmelaufschl\u00e4gen verwendet. Das Abzeichen von Manchester City und das Puma-Logo sind auf der Vorderseite des Trikots aufgestickt, und das Logo des Sponsors ist ebenfalls aufgedruckt.<\/p>\n<p>Dieses Heimtrikot ist perfekt f\u00fcr alle jungen Man City-Fans und ideal, um deine Loyalit\u00e4t zum Team zu zeigen. Es verf\u00fcgt \u00fcber kurze \u00c4rmel, einen gerippten Kragen und eine Standard-Passform f\u00fcr optimalen Komfort. In der Jugend von Dean der Fu\u00dfballer, ist dieses Shirt aus mindestens 95 % recyceltem Polyester, hat Mesh-Bel\u00fcftungskan\u00e4le und eine unverwechselbare Duracell Schwei\u00df-Management-Mittel, um junge Spieler k\u00fchl und trocken zu halten.<\/p>\n<p>Tipps f\u00fcr Socken: Das T-Shirt enth\u00e4lt standardm\u00e4\u00dfig keine Socken. Wenn Sie Socken w\u00fcnschen, w\u00e4hlen Sie die Sockenoptionen, um sie zu bezahlen.<\/p>\n<p>Tipp zum Drucken: Wenn der Name und die Nummer auf dem Bild genau Ihren Vorstellungen entsprechen, brauchen Sie sie nicht erneut einzugeben. Ist dies nicht der Fall, geben Sie den gew\u00fcnschten Namen und die Nummer ein.<\/p>\n<p>Waschtipp: Es wird empfohlen, Fu\u00dfballtrikots mit der Hand zu waschen. Wenn Sie eine Waschmaschine benutzen wollen, denken Sie daran, das Trikot umzudrehen und es dann zu waschen. F\u00fcllen Sie die Maschine mit kaltem Wasser und verwenden Sie einen Schonwaschgang, um die Farben besser zu sch\u00fctzen.<\/p>","protected":false},"excerpt":{"rendered":"<p>Ta majica, oblikovana v nebesno modri barvi po ironi\u010dni doma\u010di barvni shemi Man City, ima nov dizajn, ki ga je navdihnila klicna koda \u20180161\u2019, ki pokriva sredi\u0161\u010de Manchester City. Nebe\u0161ko moder dres je poudarjen z mornarskimi vstavki in edinstveno maskirno grafiko v slogu grafitov, ki uporablja \u0161tevilke \u20180161\u2019 okoli ovratnika in man\u0161et na rokavih. Na [&hellip;]<\/p>","protected":false},"featured_media":18186,"comment_status":"open","ping_status":"closed","template":"","meta":[],"product_brand":[],"product_cat":[140,44],"product_tag":[483,1397,883,938,150,153,1176,148,1175,147],"class_list":{"0":"post-18184","1":"product","2":"type-product","3":"status-publish","4":"has-post-thumbnail","6":"product_cat-moski","7":"product_cat-nogometni-dresi-manchester-city","8":"product_tag-dresi-manchester-city-za-otroke","9":"product_tag-kalvin-phillips-dresi","10":"product_tag-manchester-city-dresi-2024","11":"product_tag-manchester-city-z-lastnim-imenom-online","12":"product_tag-moski-nogometni-dresi","13":"product_tag-nogometni-dresi","14":"product_tag-nogometni-dresi-manchester-city-z-lastnim-imenom","15":"product_tag-poceni-nogometni-dresi","16":"product_tag-poceni-nogometni-dresi-manchester-city","17":"product_tag-slovenski-nogometni-dresi","19":"first","20":"instock","21":"shipping-taxable","22":"purchasable","23":"product-type-variable"},"_links":{"self":[{"href":"https:\/\/www.nogometnizaotroke.com\/de\/wp-json\/wp\/v2\/product\/18184","targetHints":{"allow":["GET"]}}],"collection":[{"href":"https:\/\/www.nogometnizaotroke.com\/de\/wp-json\/wp\/v2\/product"}],"about":[{"href":"https:\/\/www.nogometnizaotroke.com\/de\/wp-json\/wp\/v2\/types\/product"}],"replies":[{"embeddable":true,"href":"https:\/\/www.nogometnizaotroke.com\/de\/wp-json\/wp\/v2\/comments?post=18184"}],"wp:featuredmedia":[{"embeddable":true,"href":"https:\/\/www.nogometnizaotroke.com\/de\/wp-json\/wp\/v2\/media\/18186"}],"wp:attachment":[{"href":"https:\/\/www.nogometnizaotroke.com\/de\/wp-json\/wp\/v2\/media?parent=18184"}],"wp:term":[{"taxonomy":"product_brand","embeddable":true,"href":"https:\/\/www.nogometnizaotroke.com\/de\/wp-json\/wp\/v2\/product_brand?post=18184"},{"taxonomy":"product_cat","embeddable":true,"href":"https:\/\/www.nogometnizaotroke.com\/de\/wp-json\/wp\/v2\/product_cat?post=18184"},{"taxonomy":"product_tag","embeddable":true,"href":"https:\/\/www.nogometnizaotroke.com\/de\/wp-json\/wp\/v2\/product_tag?post=18184"}],"curies":[{"name":"wp","href":"https:\/\/api.w.org\/{rel}","templated":true}]}}