{"id":18088,"date":"2024-10-09T08:14:49","date_gmt":"2024-10-09T08:14:49","guid":{"rendered":"https:\/\/www.nogometnionline.com\/?post_type=product&#038;p=18088"},"modified":"2024-10-09T08:14:54","modified_gmt":"2024-10-09T08:14:54","slug":"moski-nogometni-dresi-kompleti-manchester-city-gostujoci-2024-2025-kyle-walker-2","status":"publish","type":"product","link":"https:\/\/www.nogometnizaotroke.com\/de\/product\/moski-nogometni-dresi-kompleti-manchester-city-gostujoci-2024-2025-kyle-walker-2\/","title":{"rendered":"Herren-Fu\u00dfballtrikots Trikots Manchester City Ausw\u00e4rts 2024-2025 Kyle Walker 2"},"content":{"rendered":"<p>Nova Gostujo\u010di oprema Manchester City 24-25 je poklon ekipi Manchester City v gosteh 98-99. Je mornarsko modre barve s fluo rumenimi \u010drtami, vmes pa so nebesno modre \u010drte.Na notranji strani ovratnika je posebna oznaka za 30. maj 1999. Na ta dan je Manchester City zmagal v finalu kon\u010dnice druge lige Football League 1999 in napredoval v drugo ligo. Ekipa je nosila znameniti \u010drtasti dres.<\/p>\n<p>Tipps f\u00fcr Socken: Das T-Shirt enth\u00e4lt standardm\u00e4\u00dfig keine Socken. Wenn Sie Socken w\u00fcnschen, w\u00e4hlen Sie die Sockenoptionen, um sie zu bezahlen.<\/p>\n<p>Tipp zum Drucken: Wenn der Name und die Nummer auf dem Bild genau Ihren Vorstellungen entsprechen, brauchen Sie sie nicht erneut einzugeben. Ist dies nicht der Fall, geben Sie den gew\u00fcnschten Namen und die Nummer ein.<\/p>\n<p>Waschtipp: Es wird empfohlen, Fu\u00dfballtrikots mit der Hand zu waschen. Wenn Sie eine Waschmaschine benutzen wollen, denken Sie daran, das Trikot umzudrehen und es dann zu waschen. F\u00fcllen Sie die Maschine mit kaltem Wasser und verwenden Sie einen Schonwaschgang, um die Farben besser zu sch\u00fctzen.<\/p>","protected":false},"excerpt":{"rendered":"<p>Nova Gostujo\u010di oprema Manchester City 24-25 je poklon ekipi Manchester City v gosteh 98-99. Je mornarsko modre barve s fluo rumenimi \u010drtami, vmes pa so nebesno modre \u010drte.Na notranji strani ovratnika je posebna oznaka za 30. maj 1999. Na ta dan je Manchester City zmagal v finalu kon\u010dnice druge lige Football League 1999 in napredoval [&hellip;]<\/p>","protected":false},"featured_media":18090,"comment_status":"open","ping_status":"closed","template":"","meta":[],"product_brand":[],"product_cat":[140,44],"product_tag":[483,980,883,938,150,153,1176,148,1175,147],"class_list":{"0":"post-18088","1":"product","2":"type-product","3":"status-publish","4":"has-post-thumbnail","6":"product_cat-moski","7":"product_cat-nogometni-dresi-manchester-city","8":"product_tag-dresi-manchester-city-za-otroke","9":"product_tag-kyle-walker-dresi","10":"product_tag-manchester-city-dresi-2024","11":"product_tag-manchester-city-z-lastnim-imenom-online","12":"product_tag-moski-nogometni-dresi","13":"product_tag-nogometni-dresi","14":"product_tag-nogometni-dresi-manchester-city-z-lastnim-imenom","15":"product_tag-poceni-nogometni-dresi","16":"product_tag-poceni-nogometni-dresi-manchester-city","17":"product_tag-slovenski-nogometni-dresi","19":"first","20":"instock","21":"shipping-taxable","22":"purchasable","23":"product-type-variable"},"_links":{"self":[{"href":"https:\/\/www.nogometnizaotroke.com\/de\/wp-json\/wp\/v2\/product\/18088","targetHints":{"allow":["GET"]}}],"collection":[{"href":"https:\/\/www.nogometnizaotroke.com\/de\/wp-json\/wp\/v2\/product"}],"about":[{"href":"https:\/\/www.nogometnizaotroke.com\/de\/wp-json\/wp\/v2\/types\/product"}],"replies":[{"embeddable":true,"href":"https:\/\/www.nogometnizaotroke.com\/de\/wp-json\/wp\/v2\/comments?post=18088"}],"wp:featuredmedia":[{"embeddable":true,"href":"https:\/\/www.nogometnizaotroke.com\/de\/wp-json\/wp\/v2\/media\/18090"}],"wp:attachment":[{"href":"https:\/\/www.nogometnizaotroke.com\/de\/wp-json\/wp\/v2\/media?parent=18088"}],"wp:term":[{"taxonomy":"product_brand","embeddable":true,"href":"https:\/\/www.nogometnizaotroke.com\/de\/wp-json\/wp\/v2\/product_brand?post=18088"},{"taxonomy":"product_cat","embeddable":true,"href":"https:\/\/www.nogometnizaotroke.com\/de\/wp-json\/wp\/v2\/product_cat?post=18088"},{"taxonomy":"product_tag","embeddable":true,"href":"https:\/\/www.nogometnizaotroke.com\/de\/wp-json\/wp\/v2\/product_tag?post=18088"}],"curies":[{"name":"wp","href":"https:\/\/api.w.org\/{rel}","templated":true}]}}