{"id":17739,"date":"2024-09-30T07:12:53","date_gmt":"2024-09-30T07:12:53","guid":{"rendered":"https:\/\/www.nogometnionline.com\/?post_type=product&#038;p=17739"},"modified":"2024-09-30T07:12:57","modified_gmt":"2024-09-30T07:12:57","slug":"poceni-moski-nogometni-dresi-argentina-domaci-copa-america-2024-rodrigo-de-paul-7","status":"publish","type":"product","link":"https:\/\/www.nogometnizaotroke.com\/de\/product\/poceni-moski-nogometni-dresi-argentina-domaci-copa-america-2024-rodrigo-de-paul-7\/","title":{"rendered":"G\u00fcnstige M\u00e4nner Fu\u00dfball Trikots Argentinien Home Copa America 2024 Rodrigo de Paul 7"},"content":{"rendered":"<p>Doma\u010di dres Argentina 2024 ima tradicionalne bele in nebesno modre \u010drte v kombinaciji z zlatimi logotipi, aplikacijami in zlatimi napisi.Argentina je osvojila Copa Am\u00e9rica 2021 in svetovno prvenstvo 2022, zato so zlati elementi primeren poklon.Proge na dresu Argentine 2024 so klasi\u010dne, z modro \u010drto na sredini in belimi \u010drtami z logotipom AFA.Argentina uporablja nekoliko posodobljen logotip s tremi zvezdicami, pri \u010demer je tretja zvezdica nekoliko vi\u0161ja od obeh s prvih svetovnih prvenstev.<\/p>\n<p>Tipps f\u00fcr Socken: Das T-Shirt enth\u00e4lt standardm\u00e4\u00dfig keine Socken. Wenn Sie Socken w\u00fcnschen, w\u00e4hlen Sie die Sockenoptionen, um sie zu bezahlen.<\/p>\n<p>Tipp zum Drucken: Wenn der Name und die Nummer auf dem Bild genau Ihren Vorstellungen entsprechen, brauchen Sie sie nicht erneut einzugeben. Ist dies nicht der Fall, geben Sie den gew\u00fcnschten Namen und die Nummer ein.<\/p>\n<p>Waschtipp: Es wird empfohlen, Fu\u00dfballtrikots mit der Hand zu waschen. Wenn Sie eine Waschmaschine benutzen wollen, denken Sie daran, das Trikot umzudrehen und es dann zu waschen. F\u00fcllen Sie die Maschine mit kaltem Wasser und verwenden Sie einen Schonwaschgang, um die Farben besser zu sch\u00fctzen.<\/p>","protected":false},"excerpt":{"rendered":"<p>Doma\u010di dres Argentina 2024 ima tradicionalne bele in nebesno modre \u010drte v kombinaciji z zlatimi logotipi, aplikacijami in zlatimi napisi.Argentina je osvojila Copa Am\u00e9rica 2021 in svetovno prvenstvo 2022, zato so zlati elementi primeren poklon.Proge na dresu Argentine 2024 so klasi\u010dne, z modro \u010drto na sredini in belimi \u010drtami z logotipom AFA.Argentina uporablja nekoliko posodobljen [&hellip;]<\/p>","protected":false},"featured_media":17741,"comment_status":"open","ping_status":"closed","template":"","meta":[],"product_brand":[],"product_cat":[140,81],"product_tag":[840,816,150,153,545,148,1386,147],"class_list":{"0":"post-17739","1":"product","2":"type-product","3":"status-publish","4":"has-post-thumbnail","6":"product_cat-moski","7":"product_cat-dresi-argentina-reprezentance","8":"product_tag-argentina-2024-25-dresi","9":"product_tag-argentina-copa-america-2024-dresi","10":"product_tag-moski-nogometni-dresi","11":"product_tag-nogometni-dresi","12":"product_tag-nogometni-dresi-slovenija","13":"product_tag-poceni-nogometni-dresi","14":"product_tag-rodrigo-de-paul-dresi","15":"product_tag-slovenski-nogometni-dresi","17":"first","18":"instock","19":"shipping-taxable","20":"purchasable","21":"product-type-variable"},"_links":{"self":[{"href":"https:\/\/www.nogometnizaotroke.com\/de\/wp-json\/wp\/v2\/product\/17739","targetHints":{"allow":["GET"]}}],"collection":[{"href":"https:\/\/www.nogometnizaotroke.com\/de\/wp-json\/wp\/v2\/product"}],"about":[{"href":"https:\/\/www.nogometnizaotroke.com\/de\/wp-json\/wp\/v2\/types\/product"}],"replies":[{"embeddable":true,"href":"https:\/\/www.nogometnizaotroke.com\/de\/wp-json\/wp\/v2\/comments?post=17739"}],"wp:featuredmedia":[{"embeddable":true,"href":"https:\/\/www.nogometnizaotroke.com\/de\/wp-json\/wp\/v2\/media\/17741"}],"wp:attachment":[{"href":"https:\/\/www.nogometnizaotroke.com\/de\/wp-json\/wp\/v2\/media?parent=17739"}],"wp:term":[{"taxonomy":"product_brand","embeddable":true,"href":"https:\/\/www.nogometnizaotroke.com\/de\/wp-json\/wp\/v2\/product_brand?post=17739"},{"taxonomy":"product_cat","embeddable":true,"href":"https:\/\/www.nogometnizaotroke.com\/de\/wp-json\/wp\/v2\/product_cat?post=17739"},{"taxonomy":"product_tag","embeddable":true,"href":"https:\/\/www.nogometnizaotroke.com\/de\/wp-json\/wp\/v2\/product_tag?post=17739"}],"curies":[{"name":"wp","href":"https:\/\/api.w.org\/{rel}","templated":true}]}}