{"id":17517,"date":"2024-09-24T11:35:30","date_gmt":"2024-09-24T11:35:30","guid":{"rendered":"https:\/\/www.nogometnionline.com\/?post_type=product&#038;p=17517"},"modified":"2024-09-24T11:35:34","modified_gmt":"2024-09-24T11:35:34","slug":"otroski-nogometni-dresi-kompleti-za-otroke-real-madrid-gostujoci-2024-25-eder-militao-3","status":"publish","type":"product","link":"https:\/\/www.nogometnizaotroke.com\/de\/product\/otroski-nogometni-dresi-kompleti-za-otroke-real-madrid-gostujoci-2024-25-eder-militao-3\/","title":{"rendered":"Kinder Fu\u00dfballtrikots Trikots f\u00fcr Kinder Real Madrid Ausw\u00e4rts 2024-25 Eder Militao 3"},"content":{"rendered":"<p><a href=\"https:\/\/www.nogometnionline.com\/kategorija-izdelka\/klubi\/nogometni-dresi-real-madrid\/\" target=\"_blank\" rel=\"noopener\">Real Madrid dresi<\/a> Gostujo\u010di 2024-25 je navdihnjena z zvezdami na nebu med dnevi gostovanj; vedno povezuje klub s Antigon Barnabyjem. Oran\u017ena majica ima abstraktno astralno grafiko po celotnem kompletu, z odtenki svetle\u010de modre, \u010drno-modre kovinske in no\u010dne mornarske barve, ki so predstavljeni po vsem \u2013 predvsem na ovratniku. Komplet, ki povezuje Madrid iste z domom.<\/p>\n<p>Tipps f\u00fcr Socken: Das T-Shirt enth\u00e4lt standardm\u00e4\u00dfig keine Socken. Wenn Sie Socken w\u00fcnschen, w\u00e4hlen Sie die Sockenoptionen, um sie zu bezahlen.<\/p>\n<p>Tipp zum Drucken: Wenn der Name und die Nummer auf dem Bild genau Ihren Vorstellungen entsprechen, brauchen Sie sie nicht erneut einzugeben. Ist dies nicht der Fall, geben Sie den gew\u00fcnschten Namen und die Nummer ein.<\/p>\n<p>Waschtipp: Es wird empfohlen, Fu\u00dfballtrikots mit der Hand zu waschen. Wenn Sie eine Waschmaschine benutzen wollen, denken Sie daran, das Trikot umzudrehen und es dann zu waschen. F\u00fcllen Sie die Maschine mit kaltem Wasser und verwenden Sie einen Schonwaschgang, um die Farben besser zu sch\u00fctzen.<\/p>","protected":false},"excerpt":{"rendered":"<p>Real Madrid dresi Gostujo\u010di 2024-25 je navdihnjena z zvezdami na nebu med dnevi gostovanj; vedno povezuje klub s Antigon Barnabyjem. Oran\u017ena majica ima abstraktno astralno grafiko po celotnem kompletu, z odtenki svetle\u010de modre, \u010drno-modre kovinske in no\u010dne mornarske barve, ki so predstavljeni po vsem \u2013 predvsem na ovratniku. Komplet, ki povezuje Madrid iste z domom. [&hellip;]<\/p>","protected":false},"featured_media":17519,"comment_status":"open","ping_status":"closed","template":"","meta":[],"product_brand":[],"product_cat":[73,33],"product_tag":[290,837,1132,464,1114,463,220,148,1113,751,147],"class_list":{"0":"post-17517","1":"product","2":"type-product","3":"status-publish","4":"has-post-thumbnail","6":"product_cat-otroski","7":"product_cat-nogometni-dresi-real-madrid","8":"product_tag-dresi-real-madrid-za-otroke","9":"product_tag-dresi-za-nogomet","10":"product_tag-eder-militao-dresi","11":"product_tag-nogometni-dresi-real-madrid-prodaja","12":"product_tag-nogometni-dresi-real-madrid-z-lastnim-imenom","13":"product_tag-nogometni-dresi-real-madrid-z-lastnim-tiskom","14":"product_tag-nogometni-dresi-za-otroke","15":"product_tag-poceni-nogometni-dresi","16":"product_tag-poceni-nogometni-dresi-real-madrid","17":"product_tag-real-madrid-dresi-2024","18":"product_tag-slovenski-nogometni-dresi","20":"first","21":"instock","22":"shipping-taxable","23":"purchasable","24":"product-type-variable"},"_links":{"self":[{"href":"https:\/\/www.nogometnizaotroke.com\/de\/wp-json\/wp\/v2\/product\/17517","targetHints":{"allow":["GET"]}}],"collection":[{"href":"https:\/\/www.nogometnizaotroke.com\/de\/wp-json\/wp\/v2\/product"}],"about":[{"href":"https:\/\/www.nogometnizaotroke.com\/de\/wp-json\/wp\/v2\/types\/product"}],"replies":[{"embeddable":true,"href":"https:\/\/www.nogometnizaotroke.com\/de\/wp-json\/wp\/v2\/comments?post=17517"}],"wp:featuredmedia":[{"embeddable":true,"href":"https:\/\/www.nogometnizaotroke.com\/de\/wp-json\/wp\/v2\/media\/17519"}],"wp:attachment":[{"href":"https:\/\/www.nogometnizaotroke.com\/de\/wp-json\/wp\/v2\/media?parent=17517"}],"wp:term":[{"taxonomy":"product_brand","embeddable":true,"href":"https:\/\/www.nogometnizaotroke.com\/de\/wp-json\/wp\/v2\/product_brand?post=17517"},{"taxonomy":"product_cat","embeddable":true,"href":"https:\/\/www.nogometnizaotroke.com\/de\/wp-json\/wp\/v2\/product_cat?post=17517"},{"taxonomy":"product_tag","embeddable":true,"href":"https:\/\/www.nogometnizaotroke.com\/de\/wp-json\/wp\/v2\/product_tag?post=17517"}],"curies":[{"name":"wp","href":"https:\/\/api.w.org\/{rel}","templated":true}]}}