{"id":17396,"date":"2024-09-19T08:13:58","date_gmt":"2024-09-19T08:13:58","guid":{"rendered":"https:\/\/www.nogometnionline.com\/?post_type=product&#038;p=17396"},"modified":"2024-09-19T08:14:03","modified_gmt":"2024-09-19T08:14:03","slug":"otroski-nogometni-dresi-kompleti-za-otroke-everton-gostujoci-2024-25-jarrad-branthwaite-32","status":"publish","type":"product","link":"https:\/\/www.nogometnizaotroke.com\/de\/product\/otroski-nogometni-dresi-kompleti-za-otroke-everton-gostujoci-2024-25-jarrad-branthwaite-32\/","title":{"rendered":"Kinder Fu\u00dfball Trikots Trikots f\u00fcr Kinder Everton Away 2024-25 Jarrad Branthwaite 32"},"content":{"rendered":"<p>Poceni Everton Gostujo\u010di 2024-25 dresi je poklon tekmam, odigranim pod sojem reflektorjev Goodison. Prete\u017eno temno siva ima geometrijski vzorec po celotnem dresu v \u010drni barvi, podrobnosti pa prevzamejo \u017eivo rumeno barvo. Tradicionalni grb je nadome\u0161\u010den s stolpom princa Ruperta z okroglim ovratnikom, ki prevzame svetlo rumeno obrobo, da dopolni komplet.<\/p>\n<p>Tipps f\u00fcr Socken: Das T-Shirt enth\u00e4lt standardm\u00e4\u00dfig keine Socken. Wenn Sie Socken w\u00fcnschen, w\u00e4hlen Sie die Sockenoptionen, um sie zu bezahlen.<\/p>\n<p>Tipp zum Drucken: Wenn der Name und die Nummer auf dem Bild genau Ihren Vorstellungen entsprechen, brauchen Sie sie nicht erneut einzugeben. Ist dies nicht der Fall, geben Sie den gew\u00fcnschten Namen und die Nummer ein.<\/p>\n<p>Waschtipp: Es wird empfohlen, Fu\u00dfballtrikots mit der Hand zu waschen. Wenn Sie eine Waschmaschine benutzen wollen, denken Sie daran, das Trikot umzudrehen und es dann zu waschen. F\u00fcllen Sie die Maschine mit kaltem Wasser und verwenden Sie einen Schonwaschgang, um die Farben besser zu sch\u00fctzen.<\/p>","protected":false},"excerpt":{"rendered":"<p>Poceni Everton Gostujo\u010di 2024-25 dresi je poklon tekmam, odigranim pod sojem reflektorjev Goodison. Prete\u017eno temno siva ima geometrijski vzorec po celotnem dresu v \u010drni barvi, podrobnosti pa prevzamejo \u017eivo rumeno barvo. Tradicionalni grb je nadome\u0161\u010den s stolpom princa Ruperta z okroglim ovratnikom, ki prevzame svetlo rumeno obrobo, da dopolni komplet. Nasveti za nogavice: Majica ne [&hellip;]<\/p>","protected":false},"featured_media":17398,"comment_status":"open","ping_status":"closed","template":"","meta":[],"product_brand":[],"product_cat":[73,49],"product_tag":[1101,1359,153,220,1102,159,1100,148,774,147],"class_list":{"0":"post-17396","1":"product","2":"type-product","3":"status-publish","4":"has-post-thumbnail","6":"product_cat-otroski","7":"product_cat-nogometni-dresi-everton","8":"product_tag-dresi-everton-za-otroke","9":"product_tag-jarrad-branthwaite-dresi","10":"product_tag-nogometni-dresi","11":"product_tag-nogometni-dresi-za-otroke","12":"product_tag-otroski-dresi-everton-z-lastnim-imenom","13":"product_tag-otroski-nogometni-dresi","14":"product_tag-otroski-nogometni-dresi-everton","15":"product_tag-poceni-nogometni-dresi","16":"product_tag-poceni-otroski-nogometni-dresi-everton-z-lastnim-imenom","17":"product_tag-slovenski-nogometni-dresi","19":"first","20":"instock","21":"shipping-taxable","22":"purchasable","23":"product-type-variable"},"_links":{"self":[{"href":"https:\/\/www.nogometnizaotroke.com\/de\/wp-json\/wp\/v2\/product\/17396","targetHints":{"allow":["GET"]}}],"collection":[{"href":"https:\/\/www.nogometnizaotroke.com\/de\/wp-json\/wp\/v2\/product"}],"about":[{"href":"https:\/\/www.nogometnizaotroke.com\/de\/wp-json\/wp\/v2\/types\/product"}],"replies":[{"embeddable":true,"href":"https:\/\/www.nogometnizaotroke.com\/de\/wp-json\/wp\/v2\/comments?post=17396"}],"wp:featuredmedia":[{"embeddable":true,"href":"https:\/\/www.nogometnizaotroke.com\/de\/wp-json\/wp\/v2\/media\/17398"}],"wp:attachment":[{"href":"https:\/\/www.nogometnizaotroke.com\/de\/wp-json\/wp\/v2\/media?parent=17396"}],"wp:term":[{"taxonomy":"product_brand","embeddable":true,"href":"https:\/\/www.nogometnizaotroke.com\/de\/wp-json\/wp\/v2\/product_brand?post=17396"},{"taxonomy":"product_cat","embeddable":true,"href":"https:\/\/www.nogometnizaotroke.com\/de\/wp-json\/wp\/v2\/product_cat?post=17396"},{"taxonomy":"product_tag","embeddable":true,"href":"https:\/\/www.nogometnizaotroke.com\/de\/wp-json\/wp\/v2\/product_tag?post=17396"}],"curies":[{"name":"wp","href":"https:\/\/api.w.org\/{rel}","templated":true}]}}