{"id":17337,"date":"2024-09-17T07:46:16","date_gmt":"2024-09-17T07:46:16","guid":{"rendered":"https:\/\/www.nogometnionline.com\/?post_type=product&#038;p=17337"},"modified":"2024-09-18T13:14:48","modified_gmt":"2024-09-18T13:14:48","slug":"otroski-nogometni-dresi-kompleti-za-otroke-liverpool-tretji-2024-2025","status":"publish","type":"product","link":"https:\/\/www.nogometnizaotroke.com\/de\/product\/otroski-nogometni-dresi-kompleti-za-otroke-liverpool-tretji-2024-2025\/","title":{"rendered":"Kinder Fu\u00dfball Trikots Trikots f\u00fcr Kinder Liverpool Third 2024-2025"},"content":{"rendered":"<p>Das auff\u00e4lligste Merkmal des dritten Trikots des FC Liverpool 2024\/25 ist der markante vertikale Doppel-Swoosh, der sich \u00fcber Trikot, Hose und Stutzen erstreckt. Inspiriert vom Fl\u00fcgel einer griechischen G\u00f6ttin, symbolisiert dieses einzigartige Designelement Geschwindigkeit, Bewegung, St\u00e4rke und Motivation. Sowohl die M\u00e4nner- als auch die Frauenmannschaft werden mit diesem innovativen Detail ausgestattet sein, das das Engagement des Vereins f\u00fcr die Gleichstellung der Geschlechter im Fu\u00dfball unterstreicht.<br \/>\nOblikovanje nove majice LFC, ki je \u010drpa navdih iz \u017eivahne punk scene v Liverpoolu, je opisano kot &#8220;uporni\u0161ko.&#8221; Ima drzen vzorec, ki zdru\u017euje ikoni\u010dne barve kluba z elementi, ki \u010dastijo mestne neustra\u0161ne punk umetnice, ki so uvedle nov zvok, kjer Reka Mersey se sre\u010da z Irskim morjem. Vklju\u010ditev pti\u010djega perja Liver v vzorec dodatno povezuje dizajn z identiteto kluba.Prete\u017eno bela tretja garnitura Liverpool 24\/25 je poudarjena s \u010distimi platinastimi detajli, medtem ko prebliski klubske tradicionalne rde\u010de in krom rumene barve dopolnjujejo videz. \u010crne kratke hla\u010de in bele nogavice dopolnjujejo dres ter ustvarjajo skladen in vpadljiv ansambel. Osredoto\u010dil se je tudi na izbolj\u0161anje udobja in prileganja kompleta, kar zagotavlja optimalno zmogljivost za igralce.<\/p>\n<p>Tipps f\u00fcr Socken: Das T-Shirt enth\u00e4lt standardm\u00e4\u00dfig keine Socken. Wenn Sie Socken w\u00fcnschen, w\u00e4hlen Sie die Sockenoptionen, um sie zu bezahlen.<\/p>\n<p>Tipp zum Drucken: Wenn der Name und die Nummer auf dem Bild genau Ihren Vorstellungen entsprechen, brauchen Sie sie nicht erneut einzugeben. Ist dies nicht der Fall, geben Sie den gew\u00fcnschten Namen und die Nummer ein.<\/p>\n<p>Waschtipp: Es wird empfohlen, Fu\u00dfballtrikots mit der Hand zu waschen. Wenn Sie eine Waschmaschine benutzen wollen, denken Sie daran, das Trikot umzudrehen und es dann zu waschen. F\u00fcllen Sie die Maschine mit kaltem Wasser und verwenden Sie einen Schonwaschgang, um die Farben besser zu sch\u00fctzen.<\/p>","protected":false},"excerpt":{"rendered":"<p>Najbolj presenetljiva zna\u010dilnost Liverpool FC 2024\/25 Tretji dresi je izrazit navpi\u010dni dvojni Swoosh, ki se razteza \u010dez dres, kratke hla\u010de in nogavice. Ta edinstven oblikovalski element, ki ga je navdihnilo krilo gr\u0161ke boginje, simbolizira hitrost, gibanje, mo\u010d in motivacijo. Tako mo\u0161ka kot \u017eenska ekipa bosta opremljeni s tem inovativnim detajlom, ki poudarja zavezanost kluba enakosti [&hellip;]<\/p>","protected":false},"featured_media":17339,"comment_status":"open","ping_status":"closed","template":"","meta":[],"product_brand":[],"product_cat":[73,39],"product_tag":[876,837,875,284,159,148,295,147],"class_list":{"0":"post-17337","1":"product","2":"type-product","3":"status-publish","4":"has-post-thumbnail","6":"product_cat-otroski","7":"product_cat-nogometni-dresi-liverpool","8":"product_tag-dresi-liverpool-za-otroski","9":"product_tag-dresi-za-nogomet","10":"product_tag-liverpool-dresi-2024","11":"product_tag-otroski-dresi-liverpool-z-lastnim-imenom","12":"product_tag-otroski-nogometni-dresi","13":"product_tag-poceni-nogometni-dresi","14":"product_tag-poceni-nogometni-dresi-liverpool-z-lastnim-imenom-online","15":"product_tag-slovenski-nogometni-dresi","17":"first","18":"instock","19":"shipping-taxable","20":"purchasable","21":"product-type-variable"},"_links":{"self":[{"href":"https:\/\/www.nogometnizaotroke.com\/de\/wp-json\/wp\/v2\/product\/17337","targetHints":{"allow":["GET"]}}],"collection":[{"href":"https:\/\/www.nogometnizaotroke.com\/de\/wp-json\/wp\/v2\/product"}],"about":[{"href":"https:\/\/www.nogometnizaotroke.com\/de\/wp-json\/wp\/v2\/types\/product"}],"replies":[{"embeddable":true,"href":"https:\/\/www.nogometnizaotroke.com\/de\/wp-json\/wp\/v2\/comments?post=17337"}],"wp:featuredmedia":[{"embeddable":true,"href":"https:\/\/www.nogometnizaotroke.com\/de\/wp-json\/wp\/v2\/media\/17339"}],"wp:attachment":[{"href":"https:\/\/www.nogometnizaotroke.com\/de\/wp-json\/wp\/v2\/media?parent=17337"}],"wp:term":[{"taxonomy":"product_brand","embeddable":true,"href":"https:\/\/www.nogometnizaotroke.com\/de\/wp-json\/wp\/v2\/product_brand?post=17337"},{"taxonomy":"product_cat","embeddable":true,"href":"https:\/\/www.nogometnizaotroke.com\/de\/wp-json\/wp\/v2\/product_cat?post=17337"},{"taxonomy":"product_tag","embeddable":true,"href":"https:\/\/www.nogometnizaotroke.com\/de\/wp-json\/wp\/v2\/product_tag?post=17337"}],"curies":[{"name":"wp","href":"https:\/\/api.w.org\/{rel}","templated":true}]}}