{"id":17277,"date":"2024-09-16T07:59:22","date_gmt":"2024-09-16T07:59:22","guid":{"rendered":"https:\/\/www.nogometnionline.com\/?post_type=product&#038;p=17277"},"modified":"2024-09-16T07:59:27","modified_gmt":"2024-09-16T07:59:27","slug":"poceni-moski-nogometni-dresi-kompleti-liverpool-domaci-2024-25-luis-diaz-7","status":"publish","type":"product","link":"https:\/\/www.nogometnizaotroke.com\/de\/product\/poceni-moski-nogometni-dresi-kompleti-liverpool-domaci-2024-25-luis-diaz-7\/","title":{"rendered":"Billig M\u00e4nner Fu\u00dfball Trikots Trikots Liverpool Home 2024-25 Luis D\u00edaz 7"},"content":{"rendered":"<p>Das Trikot f\u00fcr Liverpool Home Jerseys 2024-25 ist eine Kombination aus Rot, Wei\u00df und Chromgelb. Der K\u00f6rper ist rot, die Logos sind gelb und wei\u00df wird f\u00fcr die Sponsorenlogos und Details verwendet.was das Liverpool Heimtrikot 24-25 auszeichnet, ist das Design auf der Vorderseite. Es hat gelbe Streifen, die das YNWA-Design bilden.<\/p>\n<p>Tipps f\u00fcr Socken: Das T-Shirt enth\u00e4lt standardm\u00e4\u00dfig keine Socken. Wenn Sie Socken w\u00fcnschen, w\u00e4hlen Sie die Sockenoptionen, um sie zu bezahlen.<\/p>\n<p>Tipp zum Drucken: Wenn der Name und die Nummer auf dem Bild genau Ihren Vorstellungen entsprechen, brauchen Sie sie nicht erneut einzugeben. Ist dies nicht der Fall, geben Sie den gew\u00fcnschten Namen und die Nummer ein.<\/p>\n<p>Waschtipp: Es wird empfohlen, Fu\u00dfballtrikots mit der Hand zu waschen. Wenn Sie eine Waschmaschine benutzen wollen, denken Sie daran, das Trikot umzudrehen und es dann zu waschen. F\u00fcllen Sie die Maschine mit kaltem Wasser und verwenden Sie einen Schonwaschgang, um die Farben besser zu sch\u00fctzen.<\/p>","protected":false},"excerpt":{"rendered":"<p>Majica za Liverpool Doma\u010di dresi 2024-25 je kombinacija rde\u010da, Bela in v krom rumeni barvi. Telo je rde\u010de, logotipi so rumeni, bela pa je uporabljena za sponzorske logotipe in podrobnosti.Kar omogo\u010da, da doma\u010di komplet Liverpool 24-25 izstopa, je dizajn na sprednji strani. Ima rumene \u010drte, ki tvorijo dizajn YNWA. Nasveti za nogavice: Majica ne vsebuje [&hellip;]<\/p>","protected":false},"featured_media":17279,"comment_status":"open","ping_status":"closed","template":"","meta":[],"product_brand":[],"product_cat":[140,39],"product_tag":[589,1341,296,150,148,295,147],"class_list":{"0":"post-17277","1":"product","2":"type-product","3":"status-publish","4":"has-post-thumbnail","6":"product_cat-moski","7":"product_cat-nogometni-dresi-liverpool","8":"product_tag-dresi-liverpool-za-moski","9":"product_tag-luis-diaz-dresi","10":"product_tag-moski-dresi-liverpool-z-lastnim-imenom","11":"product_tag-moski-nogometni-dresi","12":"product_tag-poceni-nogometni-dresi","13":"product_tag-poceni-nogometni-dresi-liverpool-z-lastnim-imenom-online","14":"product_tag-slovenski-nogometni-dresi","16":"first","17":"instock","18":"shipping-taxable","19":"purchasable","20":"product-type-variable"},"_links":{"self":[{"href":"https:\/\/www.nogometnizaotroke.com\/de\/wp-json\/wp\/v2\/product\/17277","targetHints":{"allow":["GET"]}}],"collection":[{"href":"https:\/\/www.nogometnizaotroke.com\/de\/wp-json\/wp\/v2\/product"}],"about":[{"href":"https:\/\/www.nogometnizaotroke.com\/de\/wp-json\/wp\/v2\/types\/product"}],"replies":[{"embeddable":true,"href":"https:\/\/www.nogometnizaotroke.com\/de\/wp-json\/wp\/v2\/comments?post=17277"}],"wp:featuredmedia":[{"embeddable":true,"href":"https:\/\/www.nogometnizaotroke.com\/de\/wp-json\/wp\/v2\/media\/17279"}],"wp:attachment":[{"href":"https:\/\/www.nogometnizaotroke.com\/de\/wp-json\/wp\/v2\/media?parent=17277"}],"wp:term":[{"taxonomy":"product_brand","embeddable":true,"href":"https:\/\/www.nogometnizaotroke.com\/de\/wp-json\/wp\/v2\/product_brand?post=17277"},{"taxonomy":"product_cat","embeddable":true,"href":"https:\/\/www.nogometnizaotroke.com\/de\/wp-json\/wp\/v2\/product_cat?post=17277"},{"taxonomy":"product_tag","embeddable":true,"href":"https:\/\/www.nogometnizaotroke.com\/de\/wp-json\/wp\/v2\/product_tag?post=17277"}],"curies":[{"name":"wp","href":"https:\/\/api.w.org\/{rel}","templated":true}]}}