{"id":17272,"date":"2024-09-15T07:32:56","date_gmt":"2024-09-15T07:32:56","guid":{"rendered":"https:\/\/www.nogometnionline.com\/?post_type=product&#038;p=17272"},"modified":"2024-09-15T07:33:01","modified_gmt":"2024-09-15T07:33:01","slug":"poceni-moski-nogometni-dresi-reprezentance-kolumbija-gostujoci-copa-america-2024","status":"publish","type":"product","link":"https:\/\/www.nogometnizaotroke.com\/de\/product\/poceni-moski-nogometni-dresi-reprezentance-kolumbija-gostujoci-copa-america-2024\/","title":{"rendered":"Poceni Mo\u0161ki Nogometni dresi reprezentance Kolumbija Gostujo\u010di Copa America 2024"},"content":{"rendered":"<p>Gostujo\u010di majica Kolumbija 2024 \u0161e naprej vklju\u010duje vstajenje feniksa, podobno kot doma\u010da majica. \u010crna osnova, ozadje osupljivih oran\u017enih detajlov, vklju\u010dno s poenostavljenim in barvno spremenjenim grbom. Majica za goste bo nosila med prihajajo\u010dim turnirjem Copa America in kvalifikacijami za svetovno prvenstvo 2026.<\/p>\n<p>Tipps f\u00fcr Socken: Das T-Shirt enth\u00e4lt standardm\u00e4\u00dfig keine Socken. Wenn Sie Socken w\u00fcnschen, w\u00e4hlen Sie die Sockenoptionen, um sie zu bezahlen.<\/p>\n<p>Tipp zum Drucken: Wenn der Name und die Nummer auf dem Bild genau Ihren Vorstellungen entsprechen, brauchen Sie sie nicht erneut einzugeben. Ist dies nicht der Fall, geben Sie den gew\u00fcnschten Namen und die Nummer ein.<\/p>\n<p>Waschtipp: Es wird empfohlen, Fu\u00dfballtrikots mit der Hand zu waschen. Wenn Sie eine Waschmaschine benutzen wollen, denken Sie daran, das Trikot umzudrehen und es dann zu waschen. F\u00fcllen Sie die Maschine mit kaltem Wasser und verwenden Sie einen Schonwaschgang, um die Farben besser zu sch\u00fctzen.<\/p>","protected":false},"excerpt":{"rendered":"<p>Gostujo\u010di majica Kolumbija 2024 \u0161e naprej vklju\u010duje vstajenje feniksa, podobno kot doma\u010da majica. \u010crna osnova, ozadje osupljivih oran\u017enih detajlov, vklju\u010dno s poenostavljenim in barvno spremenjenim grbom. Majica za goste bo nosila med prihajajo\u010dim turnirjem Copa America in kvalifikacijami za svetovno prvenstvo 2026. Nasveti za nogavice: Majica ne vsebuje nogavic privzeto. \u010ce \u017eelite nogavice, izberite mo\u017enosti [&hellip;]<\/p>","protected":false},"featured_media":17274,"comment_status":"open","ping_status":"closed","template":"","meta":[],"product_brand":[],"product_cat":[140,83],"product_tag":[847,848,150,153,1338,148,1337,147],"class_list":{"0":"post-17272","1":"product","2":"type-product","3":"status-publish","4":"has-post-thumbnail","6":"product_cat-moski","7":"product_cat-dresi-kolumbija-reprezentance","8":"product_tag-copa-america-2024","9":"product_tag-kolumbija-copa-america-2024-dresi","10":"product_tag-moski-nogometni-dresi","11":"product_tag-nogometni-dresi","12":"product_tag-nogometni-dresi-kolumbija-z-lastnim-imenom","13":"product_tag-poceni-nogometni-dresi","14":"product_tag-poceni-nogometni-dresi-kolumbija","15":"product_tag-slovenski-nogometni-dresi","17":"first","18":"instock","19":"shipping-taxable","20":"purchasable","21":"product-type-variable"},"_links":{"self":[{"href":"https:\/\/www.nogometnizaotroke.com\/de\/wp-json\/wp\/v2\/product\/17272","targetHints":{"allow":["GET"]}}],"collection":[{"href":"https:\/\/www.nogometnizaotroke.com\/de\/wp-json\/wp\/v2\/product"}],"about":[{"href":"https:\/\/www.nogometnizaotroke.com\/de\/wp-json\/wp\/v2\/types\/product"}],"replies":[{"embeddable":true,"href":"https:\/\/www.nogometnizaotroke.com\/de\/wp-json\/wp\/v2\/comments?post=17272"}],"wp:featuredmedia":[{"embeddable":true,"href":"https:\/\/www.nogometnizaotroke.com\/de\/wp-json\/wp\/v2\/media\/17274"}],"wp:attachment":[{"href":"https:\/\/www.nogometnizaotroke.com\/de\/wp-json\/wp\/v2\/media?parent=17272"}],"wp:term":[{"taxonomy":"product_brand","embeddable":true,"href":"https:\/\/www.nogometnizaotroke.com\/de\/wp-json\/wp\/v2\/product_brand?post=17272"},{"taxonomy":"product_cat","embeddable":true,"href":"https:\/\/www.nogometnizaotroke.com\/de\/wp-json\/wp\/v2\/product_cat?post=17272"},{"taxonomy":"product_tag","embeddable":true,"href":"https:\/\/www.nogometnizaotroke.com\/de\/wp-json\/wp\/v2\/product_tag?post=17272"}],"curies":[{"name":"wp","href":"https:\/\/api.w.org\/{rel}","templated":true}]}}