{"id":17264,"date":"2024-09-15T07:17:34","date_gmt":"2024-09-15T07:17:34","guid":{"rendered":"https:\/\/www.nogometnionline.com\/?post_type=product&#038;p=17264"},"modified":"2024-09-15T07:17:39","modified_gmt":"2024-09-15T07:17:39","slug":"moski-nogometni-dresi-reprezentance-kolumbija-domaci-copa-america-2024-james-rodriguez-10","status":"publish","type":"product","link":"https:\/\/www.nogometnizaotroke.com\/de\/product\/moski-nogometni-dresi-reprezentance-kolumbija-domaci-copa-america-2024-james-rodriguez-10\/","title":{"rendered":"Mo\u0161ki Nogometni dresi reprezentance Kolumbija Doma\u010di Copa America 2024 James Rodriguez 10"},"content":{"rendered":"<p>Doma\u010da majica Kolumbija 2024 je poklon feniksovim krilom. Svetlo rumeno podno\u017eje gosti podrobne oran\u017ene obloge \u2013 zadevna krila \u2013 ki potujejo do hrbtne strani. Logotip je temno modre barve, ki se lepo ujema z modrimi kratkimi hla\u010dami za popoln komplet. Nov doma\u010di dres bodo nosili na prihajajo\u010dem Copa America 2024.<\/p>\n<p>Tipps f\u00fcr Socken: Das T-Shirt enth\u00e4lt standardm\u00e4\u00dfig keine Socken. Wenn Sie Socken w\u00fcnschen, w\u00e4hlen Sie die Sockenoptionen, um sie zu bezahlen.<\/p>\n<p>Tipp zum Drucken: Wenn der Name und die Nummer auf dem Bild genau Ihren Vorstellungen entsprechen, brauchen Sie sie nicht erneut einzugeben. Ist dies nicht der Fall, geben Sie den gew\u00fcnschten Namen und die Nummer ein.<\/p>\n<p>Waschtipp: Es wird empfohlen, Fu\u00dfballtrikots mit der Hand zu waschen. Wenn Sie eine Waschmaschine benutzen wollen, denken Sie daran, das Trikot umzudrehen und es dann zu waschen. F\u00fcllen Sie die Maschine mit kaltem Wasser und verwenden Sie einen Schonwaschgang, um die Farben besser zu sch\u00fctzen.<\/p>","protected":false},"excerpt":{"rendered":"<p>Doma\u010da majica Kolumbija 2024 je poklon feniksovim krilom. Svetlo rumeno podno\u017eje gosti podrobne oran\u017ene obloge \u2013 zadevna krila \u2013 ki potujejo do hrbtne strani. Logotip je temno modre barve, ki se lepo ujema z modrimi kratkimi hla\u010dami za popoln komplet. Nov doma\u010di dres bodo nosili na prihajajo\u010dem Copa America 2024. Nasveti za nogavice: Majica ne [&hellip;]<\/p>","protected":false},"featured_media":17266,"comment_status":"open","ping_status":"closed","template":"","meta":[],"product_brand":[],"product_cat":[140,83],"product_tag":[847,1342,848,150,153,1338,1343,148,1344,1337,147],"class_list":{"0":"post-17264","1":"product","2":"type-product","3":"status-publish","4":"has-post-thumbnail","6":"product_cat-moski","7":"product_cat-dresi-kolumbija-reprezentance","8":"product_tag-copa-america-2024","9":"product_tag-james-rodriguez-dresi","10":"product_tag-kolumbija-copa-america-2024-dresi","11":"product_tag-moski-nogometni-dresi","12":"product_tag-nogometni-dresi","13":"product_tag-nogometni-dresi-kolumbija-z-lastnim-imenom","14":"product_tag-otroske-nogometni-dresi-james-rodriguez","15":"product_tag-poceni-nogometni-dresi","16":"product_tag-poceni-nogometni-dresi-james-rodriguez","17":"product_tag-poceni-nogometni-dresi-kolumbija","18":"product_tag-slovenski-nogometni-dresi","20":"first","21":"instock","22":"shipping-taxable","23":"purchasable","24":"product-type-variable"},"_links":{"self":[{"href":"https:\/\/www.nogometnizaotroke.com\/de\/wp-json\/wp\/v2\/product\/17264","targetHints":{"allow":["GET"]}}],"collection":[{"href":"https:\/\/www.nogometnizaotroke.com\/de\/wp-json\/wp\/v2\/product"}],"about":[{"href":"https:\/\/www.nogometnizaotroke.com\/de\/wp-json\/wp\/v2\/types\/product"}],"replies":[{"embeddable":true,"href":"https:\/\/www.nogometnizaotroke.com\/de\/wp-json\/wp\/v2\/comments?post=17264"}],"wp:featuredmedia":[{"embeddable":true,"href":"https:\/\/www.nogometnizaotroke.com\/de\/wp-json\/wp\/v2\/media\/17266"}],"wp:attachment":[{"href":"https:\/\/www.nogometnizaotroke.com\/de\/wp-json\/wp\/v2\/media?parent=17264"}],"wp:term":[{"taxonomy":"product_brand","embeddable":true,"href":"https:\/\/www.nogometnizaotroke.com\/de\/wp-json\/wp\/v2\/product_brand?post=17264"},{"taxonomy":"product_cat","embeddable":true,"href":"https:\/\/www.nogometnizaotroke.com\/de\/wp-json\/wp\/v2\/product_cat?post=17264"},{"taxonomy":"product_tag","embeddable":true,"href":"https:\/\/www.nogometnizaotroke.com\/de\/wp-json\/wp\/v2\/product_tag?post=17264"}],"curies":[{"name":"wp","href":"https:\/\/api.w.org\/{rel}","templated":true}]}}