{"id":16992,"date":"2024-09-10T02:01:16","date_gmt":"2024-09-10T02:01:16","guid":{"rendered":"https:\/\/www.nogometnionline.com\/?post_type=product&#038;p=16992"},"modified":"2024-09-10T02:01:21","modified_gmt":"2024-09-10T02:01:21","slug":"zenske-nogometni-dresi-ac-milan-domaci-2024-25-rdeca-kratki-rokavi","status":"publish","type":"product","link":"https:\/\/www.nogometnizaotroke.com\/de\/product\/zenske-nogometni-dresi-ac-milan-domaci-2024-25-rdeca-kratki-rokavi\/","title":{"rendered":"\u017denske Nogometni Dresi AC Milan Doma\u010di 2024-25 rde\u010da Kratki rokavi"},"content":{"rendered":"<p>Novi doma\u010di dres Milana 24-25 se vra\u010da h klasi\u010dnemu dizajnu, potem ko je bil dres prej\u0161nje sezone eksperimentalen. Vsebuje rde\u010de in \u010drne \u010drte kluba v kombinaciji z belimi logotipi.Znotraj rde\u010dih \u010drt je zelo subtilen dizajn, ki je verjetno povezan s 125-letnico kluba. Milano je bilo ustanovljeno leta 1899, pred 125 leti od danes.<\/p>\n<p>Tipps f\u00fcr Socken: Das T-Shirt enth\u00e4lt standardm\u00e4\u00dfig keine Socken. Wenn Sie Socken w\u00fcnschen, w\u00e4hlen Sie die Sockenoptionen, um sie zu bezahlen.<\/p>\n<p>Tipp zum Drucken: Wenn der Name und die Nummer auf dem Bild genau Ihren Vorstellungen entsprechen, brauchen Sie sie nicht erneut einzugeben. Ist dies nicht der Fall, geben Sie den gew\u00fcnschten Namen und die Nummer ein.<\/p>\n<p>Waschtipp: Es wird empfohlen, Fu\u00dfballtrikots mit der Hand zu waschen. Wenn Sie eine Waschmaschine benutzen wollen, denken Sie daran, das Trikot umzudrehen und es dann zu waschen. F\u00fcllen Sie die Maschine mit kaltem Wasser und verwenden Sie einen Schonwaschgang, um die Farben besser zu sch\u00fctzen.<\/p>","protected":false},"excerpt":{"rendered":"<p>Novi doma\u010di dres Milana 24-25 se vra\u010da h klasi\u010dnemu dizajnu, potem ko je bil dres prej\u0161nje sezone eksperimentalen. Vsebuje rde\u010de in \u010drne \u010drte kluba v kombinaciji z belimi logotipi.Znotraj rde\u010dih \u010drt je zelo subtilen dizajn, ki je verjetno povezan s 125-letnico kluba. Milano je bilo ustanovljeno leta 1899, pred 125 leti od danes. Nasveti za [&hellip;]<\/p>","protected":false},"featured_media":16994,"comment_status":"open","ping_status":"closed","template":"","meta":[],"product_brand":[],"product_cat":[74,46],"product_tag":[727,1310,1309,1205,148,1204,147,1311,1312],"class_list":{"0":"post-16992","1":"product","2":"type-product","3":"status-publish","4":"has-post-thumbnail","6":"product_cat-zenski","7":"product_cat-nogometni-dresi-ac-milan","8":"product_tag-ac-milan-dresi-2024","9":"product_tag-ac-milan-z-lastnim-imenom-online","10":"product_tag-dresi-ac-milany-za-zenske","11":"product_tag-nogometni-dresi-ac-milan-z-lastnim-imenom","12":"product_tag-poceni-nogometni-dresi","13":"product_tag-poceni-nogometni-dresi-ac-milan","14":"product_tag-slovenski-nogometni-dresi","15":"product_tag-zenske-dresi-ac-milan-z-lastnim-imenom","16":"product_tag-zenske-nogometni-dresi-ac-milan","18":"first","19":"instock","20":"shipping-taxable","21":"purchasable","22":"product-type-variable"},"_links":{"self":[{"href":"https:\/\/www.nogometnizaotroke.com\/de\/wp-json\/wp\/v2\/product\/16992","targetHints":{"allow":["GET"]}}],"collection":[{"href":"https:\/\/www.nogometnizaotroke.com\/de\/wp-json\/wp\/v2\/product"}],"about":[{"href":"https:\/\/www.nogometnizaotroke.com\/de\/wp-json\/wp\/v2\/types\/product"}],"replies":[{"embeddable":true,"href":"https:\/\/www.nogometnizaotroke.com\/de\/wp-json\/wp\/v2\/comments?post=16992"}],"wp:featuredmedia":[{"embeddable":true,"href":"https:\/\/www.nogometnizaotroke.com\/de\/wp-json\/wp\/v2\/media\/16994"}],"wp:attachment":[{"href":"https:\/\/www.nogometnizaotroke.com\/de\/wp-json\/wp\/v2\/media?parent=16992"}],"wp:term":[{"taxonomy":"product_brand","embeddable":true,"href":"https:\/\/www.nogometnizaotroke.com\/de\/wp-json\/wp\/v2\/product_brand?post=16992"},{"taxonomy":"product_cat","embeddable":true,"href":"https:\/\/www.nogometnizaotroke.com\/de\/wp-json\/wp\/v2\/product_cat?post=16992"},{"taxonomy":"product_tag","embeddable":true,"href":"https:\/\/www.nogometnizaotroke.com\/de\/wp-json\/wp\/v2\/product_tag?post=16992"}],"curies":[{"name":"wp","href":"https:\/\/api.w.org\/{rel}","templated":true}]}}