{"id":16915,"date":"2024-09-08T06:29:46","date_gmt":"2024-09-08T06:29:46","guid":{"rendered":"https:\/\/www.nogometnionline.com\/?post_type=product&#038;p=16915"},"modified":"2024-09-08T06:31:57","modified_gmt":"2024-09-08T06:31:57","slug":"moski-nogometni-dresi-celtic-domaci-2024-2025-kyogo-furuhashi-8","status":"publish","type":"product","link":"https:\/\/www.nogometnizaotroke.com\/de\/product\/moski-nogometni-dresi-celtic-domaci-2024-2025-kyogo-furuhashi-8\/","title":{"rendered":"Mo\u0161ki Nogometni dresi Celtic Doma\u010di 2024-2025 Kyogo Furuhashi 8"},"content":{"rendered":"<p>Ikoni\u010dna majica Bhoys ohranja tradicionalne klubske zeleno-bele obro\u010de, okra\u0161ene z edinstvenim dizajnom keltskega vozla na ovratniku, ki simbolizira enotnost med igralci in predanimi navija\u010di.Doma\u010di dres za sezono 2024\/25 vklju\u010duje moderen zaobljen vratni izrez z zna\u010dilnimi tremi \u010drtami Footballa v temno zeleni barvi, vidno prikazanimi na ramenih.<\/p>\n<p>Tipps f\u00fcr Socken: Das T-Shirt enth\u00e4lt standardm\u00e4\u00dfig keine Socken. Wenn Sie Socken w\u00fcnschen, w\u00e4hlen Sie die Sockenoptionen, um sie zu bezahlen.<\/p>\n<p>Tipp zum Drucken: Wenn der Name und die Nummer auf dem Bild genau Ihren Vorstellungen entsprechen, brauchen Sie sie nicht erneut einzugeben. Ist dies nicht der Fall, geben Sie den gew\u00fcnschten Namen und die Nummer ein.<\/p>\n<p>Waschtipp: Es wird empfohlen, Fu\u00dfballtrikots mit der Hand zu waschen. Wenn Sie eine Waschmaschine benutzen wollen, denken Sie daran, das Trikot umzudrehen und es dann zu waschen. F\u00fcllen Sie die Maschine mit kaltem Wasser und verwenden Sie einen Schonwaschgang, um die Farben besser zu sch\u00fctzen.<\/p>","protected":false},"excerpt":{"rendered":"<p>Ikoni\u010dna majica Bhoys ohranja tradicionalne klubske zeleno-bele obro\u010de, okra\u0161ene z edinstvenim dizajnom keltskega vozla na ovratniku, ki simbolizira enotnost med igralci in predanimi navija\u010di.Doma\u010di dres za sezono 2024\/25 vklju\u010duje moderen zaobljen vratni izrez z zna\u010dilnimi tremi \u010drtami Footballa v temno zeleni barvi, vidno prikazanimi na ramenih. Nasveti za nogavice: Majica ne vsebuje nogavic privzeto. \u010ce [&hellip;]<\/p>","protected":false},"featured_media":16917,"comment_status":"open","ping_status":"closed","template":"","meta":[],"product_brand":[],"product_cat":[69],"product_tag":[1303,153,220,1304,159,1305,148,147],"class_list":{"0":"post-16915","1":"product","2":"type-product","3":"status-publish","4":"has-post-thumbnail","6":"product_cat-nogometni-dresi-celtic","7":"product_tag-dresi-celtic-za-otroke","8":"product_tag-nogometni-dresi","9":"product_tag-nogometni-dresi-za-otroke","10":"product_tag-otroski-dresi-celtic-z-lastnim-imenom","11":"product_tag-otroski-nogometni-dresi","12":"product_tag-otroski-nogometni-dresi-celtic","13":"product_tag-poceni-nogometni-dresi","14":"product_tag-slovenski-nogometni-dresi","16":"first","17":"instock","18":"shipping-taxable","19":"purchasable","20":"product-type-variable"},"_links":{"self":[{"href":"https:\/\/www.nogometnizaotroke.com\/de\/wp-json\/wp\/v2\/product\/16915","targetHints":{"allow":["GET"]}}],"collection":[{"href":"https:\/\/www.nogometnizaotroke.com\/de\/wp-json\/wp\/v2\/product"}],"about":[{"href":"https:\/\/www.nogometnizaotroke.com\/de\/wp-json\/wp\/v2\/types\/product"}],"replies":[{"embeddable":true,"href":"https:\/\/www.nogometnizaotroke.com\/de\/wp-json\/wp\/v2\/comments?post=16915"}],"wp:featuredmedia":[{"embeddable":true,"href":"https:\/\/www.nogometnizaotroke.com\/de\/wp-json\/wp\/v2\/media\/16917"}],"wp:attachment":[{"href":"https:\/\/www.nogometnizaotroke.com\/de\/wp-json\/wp\/v2\/media?parent=16915"}],"wp:term":[{"taxonomy":"product_brand","embeddable":true,"href":"https:\/\/www.nogometnizaotroke.com\/de\/wp-json\/wp\/v2\/product_brand?post=16915"},{"taxonomy":"product_cat","embeddable":true,"href":"https:\/\/www.nogometnizaotroke.com\/de\/wp-json\/wp\/v2\/product_cat?post=16915"},{"taxonomy":"product_tag","embeddable":true,"href":"https:\/\/www.nogometnizaotroke.com\/de\/wp-json\/wp\/v2\/product_tag?post=16915"}],"curies":[{"name":"wp","href":"https:\/\/api.w.org\/{rel}","templated":true}]}}