{"id":16871,"date":"2024-09-06T03:26:47","date_gmt":"2024-09-06T03:26:47","guid":{"rendered":"https:\/\/www.nogometnionline.com\/?post_type=product&#038;p=16871"},"modified":"2024-09-06T03:26:52","modified_gmt":"2024-09-06T03:26:52","slug":"moski-nogometni-dresi-kompleti-al-nassr-domaci-2024-2025-prodaja","status":"publish","type":"product","link":"https:\/\/www.nogometnizaotroke.com\/de\/product\/moski-nogometni-dresi-kompleti-al-nassr-domaci-2024-2025-prodaja\/","title":{"rendered":"Mo\u0161ki Nogometni dresi kompleti Al-Nassr Doma\u010di 2024-2025 Prodaja"},"content":{"rendered":"<p>Nogometni dresi Al-Nassr Doma\u010di 2024-25 ima klasi\u010dne barve ekipe. V glavnem je rumena v kombinaciji z modrimi logotipi in plo\u0161\u010dami. Uradne barve so \u201cImpact Yellow\/Team Royal Blue\u201d.Dres Al-Nassr 24-25 ima ovratnik v obliki \u010drke V z modro\/rumenimi \u010drtami zadaj.<\/p>\n<p>Tipps f\u00fcr Socken: Das T-Shirt enth\u00e4lt standardm\u00e4\u00dfig keine Socken. Wenn Sie Socken w\u00fcnschen, w\u00e4hlen Sie die Sockenoptionen, um sie zu bezahlen.<\/p>\n<p>Tipp zum Drucken: Wenn der Name und die Nummer auf dem Bild genau Ihren Vorstellungen entsprechen, brauchen Sie sie nicht erneut einzugeben. Ist dies nicht der Fall, geben Sie den gew\u00fcnschten Namen und die Nummer ein.<\/p>\n<p>Waschtipp: Es wird empfohlen, Fu\u00dfballtrikots mit der Hand zu waschen. Wenn Sie eine Waschmaschine benutzen wollen, denken Sie daran, das Trikot umzudrehen und es dann zu waschen. F\u00fcllen Sie die Maschine mit kaltem Wasser und verwenden Sie einen Schonwaschgang, um die Farben besser zu sch\u00fctzen.<\/p>","protected":false},"excerpt":{"rendered":"<p>Nogometni dresi Al-Nassr Doma\u010di 2024-25 ima klasi\u010dne barve ekipe. V glavnem je rumena v kombinaciji z modrimi logotipi in plo\u0161\u010dami. Uradne barve so \u201cImpact Yellow\/Team Royal Blue\u201d.Dres Al-Nassr 24-25 ima ovratnik v obliki \u010drke V z modro\/rumenimi \u010drtami zadaj. Nasveti za nogavice: Majica ne vsebuje nogavic privzeto. \u010ce \u017eelite nogavice, izberite mo\u017enosti nogavic, da jih [&hellip;]<\/p>","protected":false},"featured_media":16873,"comment_status":"open","ping_status":"closed","template":"","meta":[],"product_brand":[],"product_cat":[598,140],"product_tag":[150,217,153,1259,667,148,1258,599,147],"class_list":{"0":"post-16871","1":"product","2":"type-product","3":"status-publish","4":"has-post-thumbnail","6":"product_cat-nogometni-dresi-al-nassr","7":"product_cat-moski","8":"product_tag-moski-nogometni-dresi","9":"product_tag-najcenejsi-nogometni-dresi","10":"product_tag-nogometni-dresi","11":"product_tag-nogometni-dresi-al-nassr-z-lastnim-imenom","12":"product_tag-nogometni-dresi-za-otroski-z-lastnim-tiskom","13":"product_tag-poceni-nogometni-dresi","14":"product_tag-poceni-nogometni-dresi-al-nassr","15":"product_tag-poceni-nogometni-dresi-al-nassr-z-lastnim-imenom-online","16":"product_tag-slovenski-nogometni-dresi","18":"first","19":"instock","20":"shipping-taxable","21":"purchasable","22":"product-type-variable"},"_links":{"self":[{"href":"https:\/\/www.nogometnizaotroke.com\/de\/wp-json\/wp\/v2\/product\/16871","targetHints":{"allow":["GET"]}}],"collection":[{"href":"https:\/\/www.nogometnizaotroke.com\/de\/wp-json\/wp\/v2\/product"}],"about":[{"href":"https:\/\/www.nogometnizaotroke.com\/de\/wp-json\/wp\/v2\/types\/product"}],"replies":[{"embeddable":true,"href":"https:\/\/www.nogometnizaotroke.com\/de\/wp-json\/wp\/v2\/comments?post=16871"}],"wp:featuredmedia":[{"embeddable":true,"href":"https:\/\/www.nogometnizaotroke.com\/de\/wp-json\/wp\/v2\/media\/16873"}],"wp:attachment":[{"href":"https:\/\/www.nogometnizaotroke.com\/de\/wp-json\/wp\/v2\/media?parent=16871"}],"wp:term":[{"taxonomy":"product_brand","embeddable":true,"href":"https:\/\/www.nogometnizaotroke.com\/de\/wp-json\/wp\/v2\/product_brand?post=16871"},{"taxonomy":"product_cat","embeddable":true,"href":"https:\/\/www.nogometnizaotroke.com\/de\/wp-json\/wp\/v2\/product_cat?post=16871"},{"taxonomy":"product_tag","embeddable":true,"href":"https:\/\/www.nogometnizaotroke.com\/de\/wp-json\/wp\/v2\/product_tag?post=16871"}],"curies":[{"name":"wp","href":"https:\/\/api.w.org\/{rel}","templated":true}]}}