{"id":16777,"date":"2024-09-04T05:27:12","date_gmt":"2024-09-04T05:27:12","guid":{"rendered":"https:\/\/www.nogometnionline.com\/?post_type=product&#038;p=16777"},"modified":"2024-09-04T05:27:17","modified_gmt":"2024-09-04T05:27:17","slug":"poceni-moski-nogometni-dresi-real-betis-domaci-2024-25-z-lastnim-tiskom","status":"publish","type":"product","link":"https:\/\/www.nogometnizaotroke.com\/de\/product\/poceni-moski-nogometni-dresi-real-betis-domaci-2024-25-z-lastnim-tiskom\/","title":{"rendered":"Poceni Mo\u0161ki Nogometni dresi Real Betis Doma\u010di 2024-25 z lastnim tiskom"},"content":{"rendered":"<p>Dres Hummel Real Betis 2024-25 ima dizajn, ki spominja na polo majico iz zgodnjih 90-ih, s polo ovratnikom na gumbe.Dres Hummel Real Betis 24-25 ima \u0161e vedno tradicionalne belo\/zelene \u010drte z mat\/sijajnim \u017eakard blagom za klasi\u010den ob\u010dutek.<\/p>\n<p>Tipps f\u00fcr Socken: Das T-Shirt enth\u00e4lt standardm\u00e4\u00dfig keine Socken. Wenn Sie Socken w\u00fcnschen, w\u00e4hlen Sie die Sockenoptionen, um sie zu bezahlen.<\/p>\n<p>Tipp zum Drucken: Wenn der Name und die Nummer auf dem Bild genau Ihren Vorstellungen entsprechen, brauchen Sie sie nicht erneut einzugeben. Ist dies nicht der Fall, geben Sie den gew\u00fcnschten Namen und die Nummer ein.<\/p>\n<p>Waschtipp: Es wird empfohlen, Fu\u00dfballtrikots mit der Hand zu waschen. Wenn Sie eine Waschmaschine benutzen wollen, denken Sie daran, das Trikot umzudrehen und es dann zu waschen. F\u00fcllen Sie die Maschine mit kaltem Wasser und verwenden Sie einen Schonwaschgang, um die Farben besser zu sch\u00fctzen.<\/p>","protected":false},"excerpt":{"rendered":"<p>Dres Hummel Real Betis 2024-25 ima dizajn, ki spominja na polo majico iz zgodnjih 90-ih, s polo ovratnikom na gumbe.Dres Hummel Real Betis 24-25 ima \u0161e vedno tradicionalne belo\/zelene \u010drte z mat\/sijajnim \u017eakard blagom za klasi\u010den ob\u010dutek. Nasveti za nogavice: Majica ne vsebuje nogavic privzeto. \u010ce \u017eelite nogavice, izberite mo\u017enosti nogavic, da jih pla\u010date. Nasveti [&hellip;]<\/p>","protected":false},"featured_media":16775,"comment_status":"open","ping_status":"closed","template":"","meta":[],"product_brand":[],"product_cat":[140,65],"product_tag":[150,153,697,220,148,696,147],"class_list":{"0":"post-16777","1":"product","2":"type-product","3":"status-publish","4":"has-post-thumbnail","6":"product_cat-moski","7":"product_cat-nogometni-dresi-real-betis","8":"product_tag-moski-nogometni-dresi","9":"product_tag-nogometni-dresi","10":"product_tag-nogometni-dresi-real-betis-z-lastnim-imenom","11":"product_tag-nogometni-dresi-za-otroke","12":"product_tag-poceni-nogometni-dresi","13":"product_tag-poceni-nogometni-dresi-real-betis","14":"product_tag-slovenski-nogometni-dresi","16":"first","17":"instock","18":"shipping-taxable","19":"purchasable","20":"product-type-variable"},"_links":{"self":[{"href":"https:\/\/www.nogometnizaotroke.com\/de\/wp-json\/wp\/v2\/product\/16777","targetHints":{"allow":["GET"]}}],"collection":[{"href":"https:\/\/www.nogometnizaotroke.com\/de\/wp-json\/wp\/v2\/product"}],"about":[{"href":"https:\/\/www.nogometnizaotroke.com\/de\/wp-json\/wp\/v2\/types\/product"}],"replies":[{"embeddable":true,"href":"https:\/\/www.nogometnizaotroke.com\/de\/wp-json\/wp\/v2\/comments?post=16777"}],"wp:featuredmedia":[{"embeddable":true,"href":"https:\/\/www.nogometnizaotroke.com\/de\/wp-json\/wp\/v2\/media\/16775"}],"wp:attachment":[{"href":"https:\/\/www.nogometnizaotroke.com\/de\/wp-json\/wp\/v2\/media?parent=16777"}],"wp:term":[{"taxonomy":"product_brand","embeddable":true,"href":"https:\/\/www.nogometnizaotroke.com\/de\/wp-json\/wp\/v2\/product_brand?post=16777"},{"taxonomy":"product_cat","embeddable":true,"href":"https:\/\/www.nogometnizaotroke.com\/de\/wp-json\/wp\/v2\/product_cat?post=16777"},{"taxonomy":"product_tag","embeddable":true,"href":"https:\/\/www.nogometnizaotroke.com\/de\/wp-json\/wp\/v2\/product_tag?post=16777"}],"curies":[{"name":"wp","href":"https:\/\/api.w.org\/{rel}","templated":true}]}}