{"id":16606,"date":"2024-08-31T05:18:55","date_gmt":"2024-08-31T05:18:55","guid":{"rendered":"https:\/\/www.nogometnionline.com\/?post_type=product&#038;p=16606"},"modified":"2024-08-31T05:18:59","modified_gmt":"2024-08-31T05:18:59","slug":"novo-moski-nogometni-dresi-west-ham-united-tretji-2024-25-z-lastnim-imenom-online","status":"publish","type":"product","link":"https:\/\/www.nogometnizaotroke.com\/de\/product\/novo-moski-nogometni-dresi-west-ham-united-tretji-2024-25-z-lastnim-imenom-online\/","title":{"rendered":"Neue Herren-Fu\u00dfball-Trikots West Ham United Third 2024-25 mit Ihrem eigenen Namen online"},"content":{"rendered":"<p>Dresi West Ham United Tretji 2024-25 je ve\u010dinoma bel, z bordo ovratnikom in bordo man\u0161etami ter zlatimi obrobami, kar ustvarja \u010dist in eleganten videz. Dresi West Ham United Tretji 2024-25 ima vtisnjen cikcak vzorec s kladivi v grbu West Ham. Ta elegantna oblika je poklon skupni dedi\u0161\u010dini kluba in Umbra.<\/p>\n<p>Tipps f\u00fcr Socken: Das T-Shirt enth\u00e4lt standardm\u00e4\u00dfig keine Socken. Wenn Sie Socken w\u00fcnschen, w\u00e4hlen Sie die Sockenoptionen, um sie zu bezahlen.<\/p>\n<p>Tipp zum Drucken: Wenn der Name und die Nummer auf dem Bild genau Ihren Vorstellungen entsprechen, brauchen Sie sie nicht erneut einzugeben. Ist dies nicht der Fall, geben Sie den gew\u00fcnschten Namen und die Nummer ein.<\/p>\n<p>Waschtipp: Es wird empfohlen, Fu\u00dfballtrikots mit der Hand zu waschen. Wenn Sie eine Waschmaschine benutzen wollen, denken Sie daran, das Trikot umzudrehen und es dann zu waschen. F\u00fcllen Sie die Maschine mit kaltem Wasser und verwenden Sie einen Schonwaschgang, um die Farben besser zu sch\u00fctzen.<\/p>","protected":false},"excerpt":{"rendered":"<p>Dresi West Ham United Tretji 2024-25 je ve\u010dinoma bel, z bordo ovratnikom in bordo man\u0161etami ter zlatimi obrobami, kar ustvarja \u010dist in eleganten videz. Dresi West Ham United Tretji 2024-25 ima vtisnjen cikcak vzorec s kladivi v grbu West Ham. Ta elegantna oblika je poklon skupni dedi\u0161\u010dini kluba in Umbra. Nasveti za nogavice: Majica ne [&hellip;]<\/p>","protected":false},"featured_media":16608,"comment_status":"open","ping_status":"closed","template":"","meta":[],"product_brand":[],"product_cat":[140,53],"product_tag":[150,153,1239,220,148,1238,147],"class_list":{"0":"post-16606","1":"product","2":"type-product","3":"status-publish","4":"has-post-thumbnail","6":"product_cat-moski","7":"product_cat-nogometni-dresi-west-ham-united","8":"product_tag-moski-nogometni-dresi","9":"product_tag-nogometni-dresi","10":"product_tag-nogometni-dresi-west-ham-united-z-lastnim-imenom","11":"product_tag-nogometni-dresi-za-otroke","12":"product_tag-poceni-nogometni-dresi","13":"product_tag-poceni-nogometni-dresi-west-ham-united","14":"product_tag-slovenski-nogometni-dresi","16":"first","17":"instock","18":"shipping-taxable","19":"purchasable","20":"product-type-variable"},"_links":{"self":[{"href":"https:\/\/www.nogometnizaotroke.com\/de\/wp-json\/wp\/v2\/product\/16606","targetHints":{"allow":["GET"]}}],"collection":[{"href":"https:\/\/www.nogometnizaotroke.com\/de\/wp-json\/wp\/v2\/product"}],"about":[{"href":"https:\/\/www.nogometnizaotroke.com\/de\/wp-json\/wp\/v2\/types\/product"}],"replies":[{"embeddable":true,"href":"https:\/\/www.nogometnizaotroke.com\/de\/wp-json\/wp\/v2\/comments?post=16606"}],"wp:featuredmedia":[{"embeddable":true,"href":"https:\/\/www.nogometnizaotroke.com\/de\/wp-json\/wp\/v2\/media\/16608"}],"wp:attachment":[{"href":"https:\/\/www.nogometnizaotroke.com\/de\/wp-json\/wp\/v2\/media?parent=16606"}],"wp:term":[{"taxonomy":"product_brand","embeddable":true,"href":"https:\/\/www.nogometnizaotroke.com\/de\/wp-json\/wp\/v2\/product_brand?post=16606"},{"taxonomy":"product_cat","embeddable":true,"href":"https:\/\/www.nogometnizaotroke.com\/de\/wp-json\/wp\/v2\/product_cat?post=16606"},{"taxonomy":"product_tag","embeddable":true,"href":"https:\/\/www.nogometnizaotroke.com\/de\/wp-json\/wp\/v2\/product_tag?post=16606"}],"curies":[{"name":"wp","href":"https:\/\/api.w.org\/{rel}","templated":true}]}}