{"id":16547,"date":"2024-08-29T04:30:33","date_gmt":"2024-08-29T04:30:33","guid":{"rendered":"https:\/\/www.nogometnionline.com\/?post_type=product&#038;p=16547"},"modified":"2024-08-29T04:30:37","modified_gmt":"2024-08-29T04:30:37","slug":"moski-nogometni-dresi-as-roma-domaci-2024-25-z-lastnim-tiskom-paulo-dybala-21","status":"publish","type":"product","link":"https:\/\/www.nogometnizaotroke.com\/de\/product\/moski-nogometni-dresi-as-roma-domaci-2024-25-z-lastnim-tiskom-paulo-dybala-21\/","title":{"rendered":"Mo\u0161ki Nogometni dresi AS Roma Doma\u010di 2024-25 z lastnim tiskom Paulo Dybala 21"},"content":{"rendered":"<p>Das Design des Trikots ist eine Hommage an die DNA der Roma, mit d\u00fcnnen goldenen Streifen auf dunkelrotem Grund, die einen subtilen Kontrast bilden. Der tiefere Rotton verleiht dem Gesamtbild Dimensionen und schafft ein Gleichgewicht zwischen Tradition und moderner \u00c4sthetik. Das Wappen des AS Roma, das sich oberhalb des Herzens befindet, ist in demselben Dunkelrot gehalten wie das Trikot und symbolisiert die Verbindung zwischen dem Verein und seinen Fans. Die charakteristischen drei goldenen Streifen zieren die Schultern und unterstreichen die Hochwertigkeit des Trikots.<br \/>\nPozornost do detajlov je o\u010ditna povsod, z besedilom \u00bbA.S. Roma\u00ab na hrbtni strani ovratnika, ki odra\u017ea slog, uporabljen na sezonskih vstopnicah 1933\/34. Ta subtilen pridih naj bi slu\u017eil kot opomin na dolgoletno dedi\u0161\u010dino kluba in generacije navija\u010dev, ki so podpirali Romo.<\/p>\n<p>Tipps f\u00fcr Socken: Das T-Shirt enth\u00e4lt standardm\u00e4\u00dfig keine Socken. Wenn Sie Socken w\u00fcnschen, w\u00e4hlen Sie die Sockenoptionen, um sie zu bezahlen.<\/p>\n<p>Tipp zum Drucken: Wenn der Name und die Nummer auf dem Bild genau Ihren Vorstellungen entsprechen, brauchen Sie sie nicht erneut einzugeben. Ist dies nicht der Fall, geben Sie den gew\u00fcnschten Namen und die Nummer ein.<\/p>\n<p>Waschtipp: Es wird empfohlen, Fu\u00dfballtrikots mit der Hand zu waschen. Wenn Sie eine Waschmaschine benutzen wollen, denken Sie daran, das Trikot umzudrehen und es dann zu waschen. F\u00fcllen Sie die Maschine mit kaltem Wasser und verwenden Sie einen Schonwaschgang, um die Farben besser zu sch\u00fctzen.<\/p>","protected":false},"excerpt":{"rendered":"<p>Dizajn srajce je poklon DNK Roma s tankimi zlatimi \u010drtami, prekritimi s temno rde\u010do podlago, ki ustvarjajo prefinjen kontrast. Globlji odtenek rde\u010de dodaja dimenzijo celotnemu videzu in uravnove\u0161a tradicijo s sodobno estetiko.Grb AS Roma, ki se nahaja nad srcem, ima enako temno rde\u010do barvo kot dres, kar simbolizira povezavo med klubom in njegovimi navija\u010di. Prepoznavne [&hellip;]<\/p>","protected":false},"featured_media":16549,"comment_status":"open","ping_status":"closed","template":"","meta":[],"product_brand":[],"product_cat":[140,48],"product_tag":[754,150,153,1231,220,1233,148,1230,147],"class_list":{"0":"post-16547","1":"product","2":"type-product","3":"status-publish","4":"has-post-thumbnail","6":"product_cat-moski","7":"product_cat-nogometni-dresi-as-roma","8":"product_tag-as-roma-dresi-2024","9":"product_tag-moski-nogometni-dresi","10":"product_tag-nogometni-dresi","11":"product_tag-nogometni-dresi-as-roma-z-lastnim-imenom","12":"product_tag-nogometni-dresi-za-otroke","13":"product_tag-paulo-dybala-dresi","14":"product_tag-poceni-nogometni-dresi","15":"product_tag-poceni-nogometni-dresi-as-roma","16":"product_tag-slovenski-nogometni-dresi","18":"first","19":"instock","20":"shipping-taxable","21":"purchasable","22":"product-type-variable"},"_links":{"self":[{"href":"https:\/\/www.nogometnizaotroke.com\/de\/wp-json\/wp\/v2\/product\/16547","targetHints":{"allow":["GET"]}}],"collection":[{"href":"https:\/\/www.nogometnizaotroke.com\/de\/wp-json\/wp\/v2\/product"}],"about":[{"href":"https:\/\/www.nogometnizaotroke.com\/de\/wp-json\/wp\/v2\/types\/product"}],"replies":[{"embeddable":true,"href":"https:\/\/www.nogometnizaotroke.com\/de\/wp-json\/wp\/v2\/comments?post=16547"}],"wp:featuredmedia":[{"embeddable":true,"href":"https:\/\/www.nogometnizaotroke.com\/de\/wp-json\/wp\/v2\/media\/16549"}],"wp:attachment":[{"href":"https:\/\/www.nogometnizaotroke.com\/de\/wp-json\/wp\/v2\/media?parent=16547"}],"wp:term":[{"taxonomy":"product_brand","embeddable":true,"href":"https:\/\/www.nogometnizaotroke.com\/de\/wp-json\/wp\/v2\/product_brand?post=16547"},{"taxonomy":"product_cat","embeddable":true,"href":"https:\/\/www.nogometnizaotroke.com\/de\/wp-json\/wp\/v2\/product_cat?post=16547"},{"taxonomy":"product_tag","embeddable":true,"href":"https:\/\/www.nogometnizaotroke.com\/de\/wp-json\/wp\/v2\/product_tag?post=16547"}],"curies":[{"name":"wp","href":"https:\/\/api.w.org\/{rel}","templated":true}]}}