{"id":15951,"date":"2024-08-17T09:49:41","date_gmt":"2024-08-17T09:49:41","guid":{"rendered":"https:\/\/www.nogometnionline.com\/?post_type=product&#038;p=15951"},"modified":"2024-08-17T09:49:46","modified_gmt":"2024-08-17T09:49:46","slug":"otroske-nogometnih-dresov-manchester-city-tretji-2024-25-erling-haaland-9","status":"publish","type":"product","link":"https:\/\/www.nogometnizaotroke.com\/de\/product\/otroske-nogometnih-dresov-manchester-city-tretji-2024-25-erling-haaland-9\/","title":{"rendered":"Kinder Fu\u00dfball Trikots Manchester City Dritte 2024-25 Erling Haaland 9"},"content":{"rendered":"<p>Barvna kombinacija dresa za goste Manchester City 2024-25 spominja na dres za goste Ambro 2012-13. Gostujo\u010di dres Manchester City 24-25 s svetlo zlatimi logotipi. Na sprednji strani je velik grafi\u010dni dizajn v temneje Bordon barvi, navdihnjen z elementi grba Manchester City, ki predstavlja preteklost, sedanjost in prihodnost kluba.<\/p>\n<p>Tipps f\u00fcr Socken: Das T-Shirt enth\u00e4lt standardm\u00e4\u00dfig keine Socken. Wenn Sie Socken w\u00fcnschen, w\u00e4hlen Sie die Sockenoptionen, um sie zu bezahlen.<\/p>\n<p>Tipp zum Drucken: Wenn der Name und die Nummer auf dem Bild genau Ihren Vorstellungen entsprechen, brauchen Sie sie nicht erneut einzugeben. Ist dies nicht der Fall, geben Sie den gew\u00fcnschten Namen und die Nummer ein.<\/p>\n<p>Waschtipp: Es wird empfohlen, Fu\u00dfballtrikots mit der Hand zu waschen. Wenn Sie eine Waschmaschine benutzen wollen, denken Sie daran, das Trikot umzudrehen und es dann zu waschen. F\u00fcllen Sie die Maschine mit kaltem Wasser und verwenden Sie einen Schonwaschgang, um die Farben besser zu sch\u00fctzen.<\/p>","protected":false},"excerpt":{"rendered":"<p>Barvna kombinacija dresa za goste Manchester City 2024-25 spominja na dres za goste Ambro 2012-13. Gostujo\u010di dres Manchester City 24-25 s svetlo zlatimi logotipi. Na sprednji strani je velik grafi\u010dni dizajn v temneje Bordon barvi, navdihnjen z elementi grba Manchester City, ki predstavlja preteklost, sedanjost in prihodnost kluba. Nasveti za nogavice: Majica ne vsebuje nogavic [&hellip;]<\/p>","protected":false},"featured_media":15953,"comment_status":"open","ping_status":"closed","template":"","meta":[],"product_brand":[],"product_cat":[73,44],"product_tag":[483,899,883,938,153,1173,159,1172,148,1174,147],"class_list":{"0":"post-15951","1":"product","2":"type-product","3":"status-publish","4":"has-post-thumbnail","6":"product_cat-otroski","7":"product_cat-nogometni-dresi-manchester-city","8":"product_tag-dresi-manchester-city-za-otroke","9":"product_tag-erling-haaland-dresi","10":"product_tag-manchester-city-dresi-2024","11":"product_tag-manchester-city-z-lastnim-imenom-online","12":"product_tag-nogometni-dresi","13":"product_tag-otroski-dresi-manchester-city-z-lastnim-imenom","14":"product_tag-otroski-nogometni-dresi","15":"product_tag-otroski-nogometni-dresi-manchester-city","16":"product_tag-poceni-nogometni-dresi","17":"product_tag-poceni-nogometni-dresi-ruben-dias","18":"product_tag-slovenski-nogometni-dresi","20":"first","21":"instock","22":"shipping-taxable","23":"purchasable","24":"product-type-variable"},"_links":{"self":[{"href":"https:\/\/www.nogometnizaotroke.com\/de\/wp-json\/wp\/v2\/product\/15951","targetHints":{"allow":["GET"]}}],"collection":[{"href":"https:\/\/www.nogometnizaotroke.com\/de\/wp-json\/wp\/v2\/product"}],"about":[{"href":"https:\/\/www.nogometnizaotroke.com\/de\/wp-json\/wp\/v2\/types\/product"}],"replies":[{"embeddable":true,"href":"https:\/\/www.nogometnizaotroke.com\/de\/wp-json\/wp\/v2\/comments?post=15951"}],"wp:featuredmedia":[{"embeddable":true,"href":"https:\/\/www.nogometnizaotroke.com\/de\/wp-json\/wp\/v2\/media\/15953"}],"wp:attachment":[{"href":"https:\/\/www.nogometnizaotroke.com\/de\/wp-json\/wp\/v2\/media?parent=15951"}],"wp:term":[{"taxonomy":"product_brand","embeddable":true,"href":"https:\/\/www.nogometnizaotroke.com\/de\/wp-json\/wp\/v2\/product_brand?post=15951"},{"taxonomy":"product_cat","embeddable":true,"href":"https:\/\/www.nogometnizaotroke.com\/de\/wp-json\/wp\/v2\/product_cat?post=15951"},{"taxonomy":"product_tag","embeddable":true,"href":"https:\/\/www.nogometnizaotroke.com\/de\/wp-json\/wp\/v2\/product_tag?post=15951"}],"curies":[{"name":"wp","href":"https:\/\/api.w.org\/{rel}","templated":true}]}}