{"id":15900,"date":"2024-08-16T08:23:56","date_gmt":"2024-08-16T08:23:56","guid":{"rendered":"https:\/\/www.nogometnionline.com\/?post_type=product&#038;p=15900"},"modified":"2024-08-16T08:24:01","modified_gmt":"2024-08-16T08:24:01","slug":"moski-nogometni-dresi-diskont-manchester-united-domaci-2024-25-sofyan-amrabat-4","status":"publish","type":"product","link":"https:\/\/www.nogometnizaotroke.com\/de\/product\/moski-nogometni-dresi-diskont-manchester-united-domaci-2024-25-sofyan-amrabat-4\/","title":{"rendered":"M\u00e4nner-Rabatt Manchester United Heim Trikots 2024-25 Sofyan Amrabat 4"},"content":{"rendered":"<p>Das Manchester United FC 24-25 Heimtrikot kombiniert zwei Rott\u00f6ne in einem Farbverlaufsdesign. Es ist nicht das erste Mal, dass ein Manchester United Trikot zwei Rott\u00f6ne miteinander kombiniert. Das letzte Mal war es in der Saison 2016\/17. Das subtile, aber markanteste Merkmal des Manchester United 24-25 Heimtrikots ist das raffinierte Rot-auf-Rot-Verlaufsdesign. Was die Vorlage betrifft, basiert das Manchester United 24-25 Heimtrikot auf der neuen Miro 24 Vorlage.<\/p>\n<p>Tipps f\u00fcr Socken: Das T-Shirt enth\u00e4lt standardm\u00e4\u00dfig keine Socken. Wenn Sie Socken w\u00fcnschen, w\u00e4hlen Sie die Sockenoptionen, um sie zu bezahlen.<\/p>\n<p>Tipp zum Drucken: Wenn der Name und die Nummer auf dem Bild genau Ihren Vorstellungen entsprechen, brauchen Sie sie nicht erneut einzugeben. Ist dies nicht der Fall, geben Sie den gew\u00fcnschten Namen und die Nummer ein.<\/p>\n<p>Waschtipp: Es wird empfohlen, Fu\u00dfballtrikots mit der Hand zu waschen. Wenn Sie eine Waschmaschine benutzen wollen, denken Sie daran, das Trikot umzudrehen und es dann zu waschen. F\u00fcllen Sie die Maschine mit kaltem Wasser und verwenden Sie einen Schonwaschgang, um die Farben besser zu sch\u00fctzen.<\/p>","protected":false},"excerpt":{"rendered":"<p>Majica za doma\u010di nogomet Manchester United FC 24-25 zdru\u017euje dva odtenka rde\u010de v gradientnem dizajnu. Ni prvi\u010d, da dres Manchester United zdru\u017euje dva odtenka rde\u010de. Nazadnje je bilo tako v sezoni 2016\/17.Prefinjena, a najbolj posebna zna\u010dilnost doma\u010dega dresa Manchester United 24-25 je prefinjen gradientni dizajn rde\u010de-na-rde\u010de.Kar zadeva predlogo, doma\u010di dres Manchester United 24-25 temelji na [&hellip;]<\/p>","protected":false},"featured_media":15902,"comment_status":"open","ping_status":"closed","template":"","meta":[],"product_brand":[],"product_cat":[140,35],"product_tag":[611,1083,835,148,1082,147,1163],"class_list":{"0":"post-15900","1":"product","2":"type-product","3":"status-publish","4":"has-post-thumbnail","6":"product_cat-moski","7":"product_cat-nogometni-dresi-manchester-united","8":"product_tag-dresi-manchester-united-za-moski","9":"product_tag-nogometni-dresi-manchester-united-z-lastnim-imenom","10":"product_tag-poceni-moski-nogometni-dresi-manchester-united-z-lastnim-imenom","11":"product_tag-poceni-nogometni-dresi","12":"product_tag-poceni-nogometni-dresi-manchester-united","13":"product_tag-slovenski-nogometni-dresi","14":"product_tag-sofyan-amrabat-dresi","16":"first","17":"instock","18":"shipping-taxable","19":"purchasable","20":"product-type-variable"},"_links":{"self":[{"href":"https:\/\/www.nogometnizaotroke.com\/de\/wp-json\/wp\/v2\/product\/15900","targetHints":{"allow":["GET"]}}],"collection":[{"href":"https:\/\/www.nogometnizaotroke.com\/de\/wp-json\/wp\/v2\/product"}],"about":[{"href":"https:\/\/www.nogometnizaotroke.com\/de\/wp-json\/wp\/v2\/types\/product"}],"replies":[{"embeddable":true,"href":"https:\/\/www.nogometnizaotroke.com\/de\/wp-json\/wp\/v2\/comments?post=15900"}],"wp:featuredmedia":[{"embeddable":true,"href":"https:\/\/www.nogometnizaotroke.com\/de\/wp-json\/wp\/v2\/media\/15902"}],"wp:attachment":[{"href":"https:\/\/www.nogometnizaotroke.com\/de\/wp-json\/wp\/v2\/media?parent=15900"}],"wp:term":[{"taxonomy":"product_brand","embeddable":true,"href":"https:\/\/www.nogometnizaotroke.com\/de\/wp-json\/wp\/v2\/product_brand?post=15900"},{"taxonomy":"product_cat","embeddable":true,"href":"https:\/\/www.nogometnizaotroke.com\/de\/wp-json\/wp\/v2\/product_cat?post=15900"},{"taxonomy":"product_tag","embeddable":true,"href":"https:\/\/www.nogometnizaotroke.com\/de\/wp-json\/wp\/v2\/product_tag?post=15900"}],"curies":[{"name":"wp","href":"https:\/\/api.w.org\/{rel}","templated":true}]}}