{"id":15684,"date":"2024-08-14T04:54:21","date_gmt":"2024-08-14T04:54:21","guid":{"rendered":"https:\/\/www.nogometnionline.com\/?post_type=product&#038;p=15684"},"modified":"2024-08-14T04:54:30","modified_gmt":"2024-08-14T04:54:30","slug":"poceni-moski-nogometni-dresi-kompleti-real-madrid-domaci-2024-25-eduardo-camavinga-12","status":"publish","type":"product","link":"https:\/\/www.nogometnizaotroke.com\/de\/product\/poceni-moski-nogometni-dresi-kompleti-real-madrid-domaci-2024-25-eduardo-camavinga-12\/","title":{"rendered":"Billig M\u00e4nner Fu\u00dfball Trikots Trikots Real Madrid Home 2024-25 Eduardo Camavinga 12"},"content":{"rendered":"<p>Jasno bela majica je bila za\u0161\u010ditni znak kluba skozi celotno okra\u0161eno zgodovino, stil, ki ga obo\u017eujejo verniki Igralec Real Madrid in ga nosijo nekateri najve\u010dji igralci, ki so kdaj krasili nogometno igri\u0161\u010de. Zdaj, ko Real Madrid pozdravlja novo dobo razburljivih talentov, se dizajn 2024\/25 vra\u010da h koreninam kluba z minimalisti\u010dno estetiko, ki se poklanja trajni zapu\u0161\u010dini in naklonjenosti, ki jo imajo vsi tisti, ki so povezani s klubom, do bele barve.<\/p>\n<p>Tipps f\u00fcr Socken: Das T-Shirt enth\u00e4lt standardm\u00e4\u00dfig keine Socken. Wenn Sie Socken w\u00fcnschen, w\u00e4hlen Sie die Sockenoptionen, um sie zu bezahlen.<\/p>\n<p>Tipp zum Drucken: Wenn der Name und die Nummer auf dem Bild genau Ihren Vorstellungen entsprechen, brauchen Sie sie nicht erneut einzugeben. Ist dies nicht der Fall, geben Sie den gew\u00fcnschten Namen und die Nummer ein.<\/p>\n<p>Waschtipp: Es wird empfohlen, Fu\u00dfballtrikots mit der Hand zu waschen. Wenn Sie eine Waschmaschine benutzen wollen, denken Sie daran, das Trikot umzudrehen und es dann zu waschen. F\u00fcllen Sie die Maschine mit kaltem Wasser und verwenden Sie einen Schonwaschgang, um die Farben besser zu sch\u00fctzen.<\/p>","protected":false},"excerpt":{"rendered":"<p>Jasno bela majica je bila za\u0161\u010ditni znak kluba skozi celotno okra\u0161eno zgodovino, stil, ki ga obo\u017eujejo verniki Igralec Real Madrid in ga nosijo nekateri najve\u010dji igralci, ki so kdaj krasili nogometno igri\u0161\u010de. Zdaj, ko Real Madrid pozdravlja novo dobo razburljivih talentov, se dizajn 2024\/25 vra\u010da h koreninam kluba z minimalisti\u010dno estetiko, ki se poklanja trajni [&hellip;]<\/p>","protected":false},"featured_media":15686,"comment_status":"open","ping_status":"closed","template":"","meta":[],"product_brand":[],"product_cat":[140,33],"product_tag":[290,837,1141,464,1114,463,148,1113,751,147],"class_list":{"0":"post-15684","1":"product","2":"type-product","3":"status-publish","4":"has-post-thumbnail","6":"product_cat-moski","7":"product_cat-nogometni-dresi-real-madrid","8":"product_tag-dresi-real-madrid-za-otroke","9":"product_tag-dresi-za-nogomet","10":"product_tag-eduardo-camavinga-dresi","11":"product_tag-nogometni-dresi-real-madrid-prodaja","12":"product_tag-nogometni-dresi-real-madrid-z-lastnim-imenom","13":"product_tag-nogometni-dresi-real-madrid-z-lastnim-tiskom","14":"product_tag-poceni-nogometni-dresi","15":"product_tag-poceni-nogometni-dresi-real-madrid","16":"product_tag-real-madrid-dresi-2024","17":"product_tag-slovenski-nogometni-dresi","19":"first","20":"instock","21":"shipping-taxable","22":"purchasable","23":"product-type-variable"},"_links":{"self":[{"href":"https:\/\/www.nogometnizaotroke.com\/de\/wp-json\/wp\/v2\/product\/15684","targetHints":{"allow":["GET"]}}],"collection":[{"href":"https:\/\/www.nogometnizaotroke.com\/de\/wp-json\/wp\/v2\/product"}],"about":[{"href":"https:\/\/www.nogometnizaotroke.com\/de\/wp-json\/wp\/v2\/types\/product"}],"replies":[{"embeddable":true,"href":"https:\/\/www.nogometnizaotroke.com\/de\/wp-json\/wp\/v2\/comments?post=15684"}],"wp:featuredmedia":[{"embeddable":true,"href":"https:\/\/www.nogometnizaotroke.com\/de\/wp-json\/wp\/v2\/media\/15686"}],"wp:attachment":[{"href":"https:\/\/www.nogometnizaotroke.com\/de\/wp-json\/wp\/v2\/media?parent=15684"}],"wp:term":[{"taxonomy":"product_brand","embeddable":true,"href":"https:\/\/www.nogometnizaotroke.com\/de\/wp-json\/wp\/v2\/product_brand?post=15684"},{"taxonomy":"product_cat","embeddable":true,"href":"https:\/\/www.nogometnizaotroke.com\/de\/wp-json\/wp\/v2\/product_cat?post=15684"},{"taxonomy":"product_tag","embeddable":true,"href":"https:\/\/www.nogometnizaotroke.com\/de\/wp-json\/wp\/v2\/product_tag?post=15684"}],"curies":[{"name":"wp","href":"https:\/\/api.w.org\/{rel}","templated":true}]}}