{"id":15359,"date":"2024-08-06T03:34:58","date_gmt":"2024-08-06T03:34:58","guid":{"rendered":"https:\/\/www.nogometnionline.com\/?post_type=product&#038;p=15359"},"modified":"2024-08-06T03:35:02","modified_gmt":"2024-08-06T03:35:02","slug":"moski-nogometni-dresi-prodajo-benfica-domaci-2024-2025-z-lastnim-imenom","status":"publish","type":"product","link":"https:\/\/www.nogometnizaotroke.com\/de\/product\/moski-nogometni-dresi-prodajo-benfica-domaci-2024-2025-z-lastnim-imenom\/","title":{"rendered":"Mo\u0161ki Nogometni Dresi Prodajo Benfica Doma\u010di 2024-2025 z lastnim imenom"},"content":{"rendered":"<p>Novi dres se poklanja bogati zgodovini kluba z vklju\u010ditvijo klasi\u010dne nogometne majice z Izrezom. Dizajn, ki ga navdihuje doma\u010di dres, ki so ga nosili v sezoni 1974\/75, ko je Benfica osvojila naslov v Primera Liga, vzbuja ob\u010dutek nostalgije.SL Benfica se je poglobila v korenine klubske dedi\u0161\u010dine, da bi razvila dres z zna\u010dilnim belim V-izrezom in grafiko, ki posnema \u010drko V.Srajca prikazuje \u017eivahen vzorec v rde\u010dih odtenkih, okra\u0161en s tonskimi V oblikami na sprednji strani. Novi logotip je izvezen na desni strani prsnega ko\u0161a, medtem ko je ikoni\u010dni emblem SL Benfice, okra\u0161en s tremi zvezdicami, ki predstavljajo vsakih deset osvojenih prvenstev kluba, name\u0161\u010den na levi strani.<\/p>\n<p>Tipps f\u00fcr Socken: Das T-Shirt enth\u00e4lt standardm\u00e4\u00dfig keine Socken. Wenn Sie Socken w\u00fcnschen, w\u00e4hlen Sie die Sockenoptionen, um sie zu bezahlen.<\/p>\n<p>Tipp zum Drucken: Wenn der Name und die Nummer auf dem Bild genau Ihren Vorstellungen entsprechen, brauchen Sie sie nicht erneut einzugeben. Ist dies nicht der Fall, geben Sie den gew\u00fcnschten Namen und die Nummer ein.<\/p>\n<p>Waschtipp: Es wird empfohlen, Fu\u00dfballtrikots mit der Hand zu waschen. Wenn Sie eine Waschmaschine benutzen wollen, denken Sie daran, das Trikot umzudrehen und es dann zu waschen. F\u00fcllen Sie die Maschine mit kaltem Wasser und verwenden Sie einen Schonwaschgang, um die Farben besser zu sch\u00fctzen.<\/p>","protected":false},"excerpt":{"rendered":"<p>Novi dres se poklanja bogati zgodovini kluba z vklju\u010ditvijo klasi\u010dne nogometne majice z Izrezom. Dizajn, ki ga navdihuje doma\u010di dres, ki so ga nosili v sezoni 1974\/75, ko je Benfica osvojila naslov v Primera Liga, vzbuja ob\u010dutek nostalgije.SL Benfica se je poglobila v korenine klubske dedi\u0161\u010dine, da bi razvila dres z zna\u010dilnim belim V-izrezom in [&hellip;]<\/p>","protected":false},"featured_media":15358,"comment_status":"open","ping_status":"closed","template":"","meta":[],"product_brand":[],"product_cat":[140,70],"product_tag":[524,526,1089,159,1088,525,148,147],"class_list":{"0":"post-15359","1":"product","2":"type-product","3":"status-publish","4":"has-post-thumbnail","6":"product_cat-moski","7":"product_cat-nogometni-dresi-benfica","8":"product_tag-dresi-benfica-za-otroke","9":"product_tag-nogometni-dresi-benfica-za-otroke-z-lastnim-tiskom","10":"product_tag-otroski-dresi-benfica-z-lastnim-imenom","11":"product_tag-otroski-nogometni-dresi","12":"product_tag-otroski-nogometni-dresi-benfica","13":"product_tag-otroski-nogometni-dresi-benfica-z-lastnim-imenom","14":"product_tag-poceni-nogometni-dresi","15":"product_tag-slovenski-nogometni-dresi","17":"first","18":"instock","19":"shipping-taxable","20":"purchasable","21":"product-type-variable"},"_links":{"self":[{"href":"https:\/\/www.nogometnizaotroke.com\/de\/wp-json\/wp\/v2\/product\/15359","targetHints":{"allow":["GET"]}}],"collection":[{"href":"https:\/\/www.nogometnizaotroke.com\/de\/wp-json\/wp\/v2\/product"}],"about":[{"href":"https:\/\/www.nogometnizaotroke.com\/de\/wp-json\/wp\/v2\/types\/product"}],"replies":[{"embeddable":true,"href":"https:\/\/www.nogometnizaotroke.com\/de\/wp-json\/wp\/v2\/comments?post=15359"}],"wp:featuredmedia":[{"embeddable":true,"href":"https:\/\/www.nogometnizaotroke.com\/de\/wp-json\/wp\/v2\/media\/15358"}],"wp:attachment":[{"href":"https:\/\/www.nogometnizaotroke.com\/de\/wp-json\/wp\/v2\/media?parent=15359"}],"wp:term":[{"taxonomy":"product_brand","embeddable":true,"href":"https:\/\/www.nogometnizaotroke.com\/de\/wp-json\/wp\/v2\/product_brand?post=15359"},{"taxonomy":"product_cat","embeddable":true,"href":"https:\/\/www.nogometnizaotroke.com\/de\/wp-json\/wp\/v2\/product_cat?post=15359"},{"taxonomy":"product_tag","embeddable":true,"href":"https:\/\/www.nogometnizaotroke.com\/de\/wp-json\/wp\/v2\/product_tag?post=15359"}],"curies":[{"name":"wp","href":"https:\/\/api.w.org\/{rel}","templated":true}]}}