{"id":15119,"date":"2024-07-30T12:21:42","date_gmt":"2024-07-30T12:21:42","guid":{"rendered":"https:\/\/www.nogometnionline.com\/?post_type=product&#038;p=15119"},"modified":"2024-07-30T12:21:46","modified_gmt":"2024-07-30T12:21:46","slug":"moski-nogometni-dresi-athletic-bilbao-domaci-2024-2025-nico-williams-11","status":"publish","type":"product","link":"https:\/\/www.nogometnizaotroke.com\/de\/product\/moski-nogometni-dresi-athletic-bilbao-domaci-2024-2025-nico-williams-11\/","title":{"rendered":"Herren Fu\u00dfball Trikots Athletic Bilbao Home 2024 2025 Nico Williams 11"},"content":{"rendered":"<p>Doma\u010di dres Athletic Bilbao 2024-25 ima tradicionalno klasi\u010dno zasnovo rde\u010dih in belih \u010drt, s subtilnim vzorcem znotraj rde\u010dih \u010drt.Ta grafika se zgleduje po Brigadni pala\u010di, simbolu identitete kluba, ki je znan po svoji me\u0161anici zgodovinske in moderne arhitekture.Okrogel ovratnik je spredaj bel, zadaj pa \u010drn. Zgornji del hrbta vklju\u010duje grafiko, ki zdru\u017euje baskovsko zastavo z emblemom leva.<\/p>\n<p>Tipps f\u00fcr Socken: Das T-Shirt enth\u00e4lt standardm\u00e4\u00dfig keine Socken. Wenn Sie Socken w\u00fcnschen, w\u00e4hlen Sie die Sockenoptionen, um sie zu bezahlen.<\/p>\n<p>Tipp zum Drucken: Wenn der Name und die Nummer auf dem Bild genau Ihren Vorstellungen entsprechen, brauchen Sie sie nicht erneut einzugeben. Ist dies nicht der Fall, geben Sie den gew\u00fcnschten Namen und die Nummer ein.<\/p>\n<p>Waschtipp: Es wird empfohlen, Fu\u00dfballtrikots mit der Hand zu waschen. Wenn Sie eine Waschmaschine benutzen wollen, denken Sie daran, das Trikot umzudrehen und es dann zu waschen. F\u00fcllen Sie die Maschine mit kaltem Wasser und verwenden Sie einen Schonwaschgang, um die Farben besser zu sch\u00fctzen.<\/p>","protected":false},"excerpt":{"rendered":"<p>Doma\u010di dres Athletic Bilbao 2024-25 ima tradicionalno klasi\u010dno zasnovo rde\u010dih in belih \u010drt, s subtilnim vzorcem znotraj rde\u010dih \u010drt.Ta grafika se zgleduje po Brigadni pala\u010di, simbolu identitete kluba, ki je znan po svoji me\u0161anici zgodovinske in moderne arhitekture.Okrogel ovratnik je spredaj bel, zadaj pa \u010drn. Zgornji del hrbta vklju\u010duje grafiko, ki zdru\u017euje baskovsko zastavo z [&hellip;]<\/p>","protected":false},"featured_media":15121,"comment_status":"open","ping_status":"closed","template":"","meta":[],"product_brand":[],"product_cat":[140,52],"product_tag":[150,936,148,704,147],"class_list":{"0":"post-15119","1":"product","2":"type-product","3":"status-publish","4":"has-post-thumbnail","6":"product_cat-moski","7":"product_cat-nogometni-dresi-athletic-bilbao","8":"product_tag-moski-nogometni-dresi","9":"product_tag-nico-williams-dresi","10":"product_tag-poceni-nogometni-dresi","11":"product_tag-poceni-nogometni-dresi-athletic-bilbao-z-lastnim-imenom-online","12":"product_tag-slovenski-nogometni-dresi","14":"first","15":"instock","16":"shipping-taxable","17":"purchasable","18":"product-type-variable"},"_links":{"self":[{"href":"https:\/\/www.nogometnizaotroke.com\/de\/wp-json\/wp\/v2\/product\/15119","targetHints":{"allow":["GET"]}}],"collection":[{"href":"https:\/\/www.nogometnizaotroke.com\/de\/wp-json\/wp\/v2\/product"}],"about":[{"href":"https:\/\/www.nogometnizaotroke.com\/de\/wp-json\/wp\/v2\/types\/product"}],"replies":[{"embeddable":true,"href":"https:\/\/www.nogometnizaotroke.com\/de\/wp-json\/wp\/v2\/comments?post=15119"}],"wp:featuredmedia":[{"embeddable":true,"href":"https:\/\/www.nogometnizaotroke.com\/de\/wp-json\/wp\/v2\/media\/15121"}],"wp:attachment":[{"href":"https:\/\/www.nogometnizaotroke.com\/de\/wp-json\/wp\/v2\/media?parent=15119"}],"wp:term":[{"taxonomy":"product_brand","embeddable":true,"href":"https:\/\/www.nogometnizaotroke.com\/de\/wp-json\/wp\/v2\/product_brand?post=15119"},{"taxonomy":"product_cat","embeddable":true,"href":"https:\/\/www.nogometnizaotroke.com\/de\/wp-json\/wp\/v2\/product_cat?post=15119"},{"taxonomy":"product_tag","embeddable":true,"href":"https:\/\/www.nogometnizaotroke.com\/de\/wp-json\/wp\/v2\/product_tag?post=15119"}],"curies":[{"name":"wp","href":"https:\/\/api.w.org\/{rel}","templated":true}]}}