{"id":14998,"date":"2024-07-28T11:43:16","date_gmt":"2024-07-28T11:43:16","guid":{"rendered":"https:\/\/www.nogometnionline.com\/?post_type=product&#038;p=14998"},"modified":"2024-07-28T11:43:21","modified_gmt":"2024-07-28T11:43:21","slug":"moski-nogometni-dresi-za-nogomet-anglija-gostujoci-euro-2024-declan-rice-4","status":"publish","type":"product","link":"https:\/\/www.nogometnizaotroke.com\/de\/product\/moski-nogometni-dresi-za-nogomet-anglija-gostujoci-euro-2024-declan-rice-4\/","title":{"rendered":"Herren Fu\u00dfball Trikots f\u00fcr Fu\u00dfball England Away Euro 2024 Declan Rice 4"},"content":{"rendered":"<p>Das England Euro 2024-Ausw\u00e4rtstrikot ist in einer dunklen, hellen Kastanienfarbe namens \"Dark Raisin\" gehalten, kombiniert mit \"Sesame\" f\u00fcr die Logos, einem goldenen Farbton, und tr\u00e4gt im Kragen ein St. Georgs-Kreuz in denselben Farben wie die Seitenstreifen.Dieses neue Farbschema ist eine deutliche Abkehr von den traditionellen blauen oder roten Ausw\u00e4rtstrikots, die England in der Vergangenheit verwendet hat, k\u00f6nnte aber bei den Fans sehr beliebt sein.<\/p>\n<p>Tipps f\u00fcr Socken: Das T-Shirt enth\u00e4lt standardm\u00e4\u00dfig keine Socken. Wenn Sie Socken w\u00fcnschen, w\u00e4hlen Sie die Sockenoptionen, um sie zu bezahlen.<\/p>\n<p>Tipp zum Drucken: Wenn der Name und die Nummer auf dem Bild genau Ihren Vorstellungen entsprechen, brauchen Sie sie nicht erneut einzugeben. Ist dies nicht der Fall, geben Sie den gew\u00fcnschten Namen und die Nummer ein.<\/p>\n<p>Waschtipp: Es wird empfohlen, Fu\u00dfballtrikots mit der Hand zu waschen. Wenn Sie eine Waschmaschine benutzen wollen, denken Sie daran, das Trikot umzudrehen und es dann zu waschen. F\u00fcllen Sie die Maschine mit kaltem Wasser und verwenden Sie einen Schonwaschgang, um die Farben besser zu sch\u00fctzen.<\/p>","protected":false},"excerpt":{"rendered":"<p>Anglija Gostujo\u010di Euro 2024 dresi ima temno bledo kostanjevo barvo, imenovano \u201cDark Raisin\u201d, v kombinaciji s \u201cSesame\u201d za logotipe, ki je zlat barvni odtenek.Znotraj ovratnika je kri\u017e sv. Jurija v enakih barvah, kot so uporabljene za dizajn stranskih \u010drt.Ta nova barvna shema je pomemben odmik od tradicionalnih modrih ali rde\u010dih kompletov za goste, ki jih [&hellip;]<\/p>","protected":false},"featured_media":15000,"comment_status":"open","ping_status":"closed","template":"","meta":[],"product_brand":[],"product_cat":[778,140,79],"product_tag":[785,941,150,153,1018,148,147],"class_list":{"0":"post-14998","1":"product","2":"type-product","3":"status-publish","4":"has-post-thumbnail","6":"product_cat-euro-2024","7":"product_cat-moski","8":"product_cat-dresi-anglija-reprezentance","9":"product_tag-anglija-euro-2024-dresi","10":"product_tag-declan-rice-dresi","11":"product_tag-moski-nogometni-dresi","12":"product_tag-nogometni-dresi","13":"product_tag-nogometni-dresi-euro-2024","14":"product_tag-poceni-nogometni-dresi","15":"product_tag-slovenski-nogometni-dresi","17":"first","18":"instock","19":"shipping-taxable","20":"purchasable","21":"product-type-variable"},"_links":{"self":[{"href":"https:\/\/www.nogometnizaotroke.com\/de\/wp-json\/wp\/v2\/product\/14998","targetHints":{"allow":["GET"]}}],"collection":[{"href":"https:\/\/www.nogometnizaotroke.com\/de\/wp-json\/wp\/v2\/product"}],"about":[{"href":"https:\/\/www.nogometnizaotroke.com\/de\/wp-json\/wp\/v2\/types\/product"}],"replies":[{"embeddable":true,"href":"https:\/\/www.nogometnizaotroke.com\/de\/wp-json\/wp\/v2\/comments?post=14998"}],"wp:featuredmedia":[{"embeddable":true,"href":"https:\/\/www.nogometnizaotroke.com\/de\/wp-json\/wp\/v2\/media\/15000"}],"wp:attachment":[{"href":"https:\/\/www.nogometnizaotroke.com\/de\/wp-json\/wp\/v2\/media?parent=14998"}],"wp:term":[{"taxonomy":"product_brand","embeddable":true,"href":"https:\/\/www.nogometnizaotroke.com\/de\/wp-json\/wp\/v2\/product_brand?post=14998"},{"taxonomy":"product_cat","embeddable":true,"href":"https:\/\/www.nogometnizaotroke.com\/de\/wp-json\/wp\/v2\/product_cat?post=14998"},{"taxonomy":"product_tag","embeddable":true,"href":"https:\/\/www.nogometnizaotroke.com\/de\/wp-json\/wp\/v2\/product_tag?post=14998"}],"curies":[{"name":"wp","href":"https:\/\/api.w.org\/{rel}","templated":true}]}}