{"id":14856,"date":"2024-07-25T06:34:14","date_gmt":"2024-07-25T06:34:14","guid":{"rendered":"https:\/\/www.nogometnionline.com\/?post_type=product&#038;p=14856"},"modified":"2024-07-25T06:34:25","modified_gmt":"2024-07-25T06:34:25","slug":"moski-nogometni-dresi-barcelona-domaci-2024-25-lamine-yamal-19","status":"publish","type":"product","link":"https:\/\/www.nogometnizaotroke.com\/de\/product\/moski-nogometni-dresi-barcelona-domaci-2024-25-lamine-yamal-19\/","title":{"rendered":"M\u00e4nner Fu\u00dfball Trikots Barcelona Home 2024-25 Lamine Yamal 19"},"content":{"rendered":"<p>Doma\u010di dres FC Barcelona 2024-25 ima zelo obetavno barvno kombinacijo in dizajn. Doma\u010di dres Barcelone 2024-25 zdru\u017euje kraljevsko modro, mornarsko modro in rde\u010do z zlatimi logotipi.Kar zadeva obliko, ima komplet za dom Barcelona 24-25 videz pol in pol v modri in bordo barvi. Logotipa Swoosh in Spotify sta zlata, medtem ko je grb v standardnih barvah. Man\u0161ete ovratnika in rokavov so mornarsko modre.Barvna kombinacija in dizajn obujata spomine na dres Barcelone ob 100. stoletnici.<\/p>\n<p>Tipps f\u00fcr Socken: Das T-Shirt enth\u00e4lt standardm\u00e4\u00dfig keine Socken. Wenn Sie Socken w\u00fcnschen, w\u00e4hlen Sie die Sockenoptionen, um sie zu bezahlen.<\/p>\n<p>Tipp zum Drucken: Wenn der Name und die Nummer auf dem Bild genau Ihren Vorstellungen entsprechen, brauchen Sie sie nicht erneut einzugeben. Ist dies nicht der Fall, geben Sie den gew\u00fcnschten Namen und die Nummer ein.<\/p>\n<p>Waschtipp: Es wird empfohlen, Fu\u00dfballtrikots mit der Hand zu waschen. Wenn Sie eine Waschmaschine benutzen wollen, denken Sie daran, das Trikot umzudrehen und es dann zu waschen. F\u00fcllen Sie die Maschine mit kaltem Wasser und verwenden Sie einen Schonwaschgang, um die Farben besser zu sch\u00fctzen.<\/p>","protected":false},"excerpt":{"rendered":"<p>Doma\u010di dres FC Barcelona 2024-25 ima zelo obetavno barvno kombinacijo in dizajn. Doma\u010di dres Barcelone 2024-25 zdru\u017euje kraljevsko modro, mornarsko modro in rde\u010do z zlatimi logotipi.Kar zadeva obliko, ima komplet za dom Barcelona 24-25 videz pol in pol v modri in bordo barvi. Logotipa Swoosh in Spotify sta zlata, medtem ko je grb v standardnih [&hellip;]<\/p>","protected":false},"featured_media":14858,"comment_status":"open","ping_status":"closed","template":"","meta":[],"product_brand":[],"product_cat":[140,34],"product_tag":[843,932,150,153,191,148,161,147],"class_list":{"0":"post-14856","1":"product","2":"type-product","3":"status-publish","4":"has-post-thumbnail","6":"product_cat-moski","7":"product_cat-nogometni-dresi-barcelona","8":"product_tag-2024-25-nogometni-dresi","9":"product_tag-lamine-yamal-dresi","10":"product_tag-moski-nogometni-dresi","11":"product_tag-nogometni-dresi","12":"product_tag-nogometni-dresi-kompleti","13":"product_tag-poceni-nogometni-dresi","14":"product_tag-poceni-nogometni-dresi-barcelona-z-lastnim-imenom-online","15":"product_tag-slovenski-nogometni-dresi","17":"first","18":"instock","19":"shipping-taxable","20":"purchasable","21":"product-type-variable"},"_links":{"self":[{"href":"https:\/\/www.nogometnizaotroke.com\/de\/wp-json\/wp\/v2\/product\/14856","targetHints":{"allow":["GET"]}}],"collection":[{"href":"https:\/\/www.nogometnizaotroke.com\/de\/wp-json\/wp\/v2\/product"}],"about":[{"href":"https:\/\/www.nogometnizaotroke.com\/de\/wp-json\/wp\/v2\/types\/product"}],"replies":[{"embeddable":true,"href":"https:\/\/www.nogometnizaotroke.com\/de\/wp-json\/wp\/v2\/comments?post=14856"}],"wp:featuredmedia":[{"embeddable":true,"href":"https:\/\/www.nogometnizaotroke.com\/de\/wp-json\/wp\/v2\/media\/14858"}],"wp:attachment":[{"href":"https:\/\/www.nogometnizaotroke.com\/de\/wp-json\/wp\/v2\/media?parent=14856"}],"wp:term":[{"taxonomy":"product_brand","embeddable":true,"href":"https:\/\/www.nogometnizaotroke.com\/de\/wp-json\/wp\/v2\/product_brand?post=14856"},{"taxonomy":"product_cat","embeddable":true,"href":"https:\/\/www.nogometnizaotroke.com\/de\/wp-json\/wp\/v2\/product_cat?post=14856"},{"taxonomy":"product_tag","embeddable":true,"href":"https:\/\/www.nogometnizaotroke.com\/de\/wp-json\/wp\/v2\/product_tag?post=14856"}],"curies":[{"name":"wp","href":"https:\/\/api.w.org\/{rel}","templated":true}]}}