{"id":14756,"date":"2024-07-23T01:32:24","date_gmt":"2024-07-23T01:32:24","guid":{"rendered":"https:\/\/www.nogometnionline.com\/?post_type=product&#038;p=14756"},"modified":"2024-07-23T01:32:29","modified_gmt":"2024-07-23T01:32:29","slug":"novo-moski-nogometni-dresi-hrvaska-domaci-euro-2024-bela-rdeca","status":"publish","type":"product","link":"https:\/\/www.nogometnizaotroke.com\/de\/product\/novo-moski-nogometni-dresi-hrvaska-domaci-euro-2024-bela-rdeca\/","title":{"rendered":"Novo Mo\u0161ki Nogometni dresi Hrva\u0161ka Doma\u010di Euro 2024 bela rde\u010da"},"content":{"rendered":"<p>Doma\u010di nogometni dres Hrva\u0161ke za Euro 2024 ima v dr\u017eavi dobro znana dama, vendar v ogromni velikosti, ki popolnoma spremeni videz.Majica Hrva\u0161ka 2024 je opremljena z dvema pol in dvema polnima rde\u010dima dama ter dvema pol in dvema belima dama.Uporaba belega ovratnika. Tudi rokavi so beli.<\/p>\n<p>Tipps f\u00fcr Socken: Das T-Shirt enth\u00e4lt standardm\u00e4\u00dfig keine Socken. Wenn Sie Socken w\u00fcnschen, w\u00e4hlen Sie die Sockenoptionen, um sie zu bezahlen.<\/p>\n<p>Tipp zum Drucken: Wenn der Name und die Nummer auf dem Bild genau Ihren Vorstellungen entsprechen, brauchen Sie sie nicht erneut einzugeben. Ist dies nicht der Fall, geben Sie den gew\u00fcnschten Namen und die Nummer ein.<\/p>\n<p>Waschtipp: Es wird empfohlen, Fu\u00dfballtrikots mit der Hand zu waschen. Wenn Sie eine Waschmaschine benutzen wollen, denken Sie daran, das Trikot umzudrehen und es dann zu waschen. F\u00fcllen Sie die Maschine mit kaltem Wasser und verwenden Sie einen Schonwaschgang, um die Farben besser zu sch\u00fctzen.<\/p>","protected":false},"excerpt":{"rendered":"<p>Doma\u010di nogometni dres Hrva\u0161ke za Euro 2024 ima v dr\u017eavi dobro znana dama, vendar v ogromni velikosti, ki popolnoma spremeni videz.Majica Hrva\u0161ka 2024 je opremljena z dvema pol in dvema polnima rde\u010dima dama ter dvema pol in dvema belima dama.Uporaba belega ovratnika. Tudi rokavi so beli. Nasveti za nogavice: Majica ne vsebuje nogavic privzeto. \u010ce [&hellip;]<\/p>","protected":false},"featured_media":14758,"comment_status":"open","ping_status":"closed","template":"","meta":[],"product_brand":[],"product_cat":[778,140,77],"product_tag":[803,150,153,851,148,147],"class_list":{"0":"post-14756","1":"product","2":"type-product","3":"status-publish","4":"has-post-thumbnail","6":"product_cat-euro-2024","7":"product_cat-moski","8":"product_cat-dresi-hrvaska-reprezentance","9":"product_tag-hrvaska-euro-2024-dresi","10":"product_tag-moski-nogometni-dresi","11":"product_tag-nogometni-dresi","12":"product_tag-poceni-moski-dresi-hrvaska-euro-2024","13":"product_tag-poceni-nogometni-dresi","14":"product_tag-slovenski-nogometni-dresi","16":"first","17":"instock","18":"shipping-taxable","19":"purchasable","20":"product-type-variable"},"_links":{"self":[{"href":"https:\/\/www.nogometnizaotroke.com\/de\/wp-json\/wp\/v2\/product\/14756","targetHints":{"allow":["GET"]}}],"collection":[{"href":"https:\/\/www.nogometnizaotroke.com\/de\/wp-json\/wp\/v2\/product"}],"about":[{"href":"https:\/\/www.nogometnizaotroke.com\/de\/wp-json\/wp\/v2\/types\/product"}],"replies":[{"embeddable":true,"href":"https:\/\/www.nogometnizaotroke.com\/de\/wp-json\/wp\/v2\/comments?post=14756"}],"wp:featuredmedia":[{"embeddable":true,"href":"https:\/\/www.nogometnizaotroke.com\/de\/wp-json\/wp\/v2\/media\/14758"}],"wp:attachment":[{"href":"https:\/\/www.nogometnizaotroke.com\/de\/wp-json\/wp\/v2\/media?parent=14756"}],"wp:term":[{"taxonomy":"product_brand","embeddable":true,"href":"https:\/\/www.nogometnizaotroke.com\/de\/wp-json\/wp\/v2\/product_brand?post=14756"},{"taxonomy":"product_cat","embeddable":true,"href":"https:\/\/www.nogometnizaotroke.com\/de\/wp-json\/wp\/v2\/product_cat?post=14756"},{"taxonomy":"product_tag","embeddable":true,"href":"https:\/\/www.nogometnizaotroke.com\/de\/wp-json\/wp\/v2\/product_tag?post=14756"}],"curies":[{"name":"wp","href":"https:\/\/api.w.org\/{rel}","templated":true}]}}