{"id":14706,"date":"2024-07-21T08:21:39","date_gmt":"2024-07-21T08:21:39","guid":{"rendered":"https:\/\/www.nogometnionline.com\/?post_type=product&#038;p=14706"},"modified":"2024-07-21T08:21:44","modified_gmt":"2024-07-21T08:21:44","slug":"moski-nogometni-dresi-paris-saint-germain-psg-domaci-2024-25-kylian-mbappe-7","status":"publish","type":"product","link":"https:\/\/www.nogometnizaotroke.com\/de\/product\/moski-nogometni-dresi-paris-saint-germain-psg-domaci-2024-25-kylian-mbappe-7\/","title":{"rendered":"Mo\u0161ki Nogometni dresi Paris Saint-Germain PSG Doma\u010di 2024-25 Kylian Mbappe 7"},"content":{"rendered":"<p>Majica PSG Doma\u010di 2024-25 dresi se vra\u010da k klubskemu klasi\u010dnemu Hechterju. Zadnji dres Paris Saint-Germaina s klasi\u010dnim Hechterjem je bil doma\u010di dres 2020-21.Majica Hechter je legendarni simbol zgodovine in identitete Paris Saint-Germaina. Oblikoval ga je modna ikona Daniel Hechter, navdihnili pa so ga avto Mustang in barve Ajaxa.<\/p>\n<p>Tipps f\u00fcr Socken: Das T-Shirt enth\u00e4lt standardm\u00e4\u00dfig keine Socken. Wenn Sie Socken w\u00fcnschen, w\u00e4hlen Sie die Sockenoptionen, um sie zu bezahlen.<\/p>\n<p>Tipp zum Drucken: Wenn der Name und die Nummer auf dem Bild genau Ihren Vorstellungen entsprechen, brauchen Sie sie nicht erneut einzugeben. Ist dies nicht der Fall, geben Sie den gew\u00fcnschten Namen und die Nummer ein.<\/p>\n<p>Waschtipp: Es wird empfohlen, Fu\u00dfballtrikots mit der Hand zu waschen. Wenn Sie eine Waschmaschine benutzen wollen, denken Sie daran, das Trikot umzudrehen und es dann zu waschen. F\u00fcllen Sie die Maschine mit kaltem Wasser und verwenden Sie einen Schonwaschgang, um die Farben besser zu sch\u00fctzen.<\/p>","protected":false},"excerpt":{"rendered":"<p>Majica PSG Doma\u010di 2024-25 dresi se vra\u010da k klubskemu klasi\u010dnemu Hechterju. Zadnji dres Paris Saint-Germaina s klasi\u010dnim Hechterjem je bil doma\u010di dres 2020-21.Majica Hechter je legendarni simbol zgodovine in identitete Paris Saint-Germaina. Oblikoval ga je modna ikona Daniel Hechter, navdihnili pa so ga avto Mustang in barve Ajaxa. Nasveti za nogavice: Majica ne vsebuje nogavic [&hellip;]<\/p>","protected":false},"featured_media":14708,"comment_status":"open","ping_status":"closed","template":"","meta":[],"product_brand":[],"product_cat":[140,37],"product_tag":[1013,150,153,155,260,148,149,753],"class_list":{"0":"post-14706","1":"product","2":"type-product","3":"status-publish","4":"has-post-thumbnail","6":"product_cat-moski","7":"product_cat-nogometni-dresi-psg","8":"product_tag-kylian-mbappe-dresi","9":"product_tag-moski-nogometni-dresi","10":"product_tag-nogometni-dresi","11":"product_tag-paris-saint-germain-psg-dres","12":"product_tag-poceni-moski-nogometni-dresi-psg-z-lastnim-imenom","13":"product_tag-poceni-nogometni-dresi","14":"product_tag-poceni-nogometni-dresi-psg-z-lastnim-imenom-online","15":"product_tag-psg-dresi-2024","17":"first","18":"instock","19":"shipping-taxable","20":"purchasable","21":"product-type-variable"},"_links":{"self":[{"href":"https:\/\/www.nogometnizaotroke.com\/de\/wp-json\/wp\/v2\/product\/14706","targetHints":{"allow":["GET"]}}],"collection":[{"href":"https:\/\/www.nogometnizaotroke.com\/de\/wp-json\/wp\/v2\/product"}],"about":[{"href":"https:\/\/www.nogometnizaotroke.com\/de\/wp-json\/wp\/v2\/types\/product"}],"replies":[{"embeddable":true,"href":"https:\/\/www.nogometnizaotroke.com\/de\/wp-json\/wp\/v2\/comments?post=14706"}],"wp:featuredmedia":[{"embeddable":true,"href":"https:\/\/www.nogometnizaotroke.com\/de\/wp-json\/wp\/v2\/media\/14708"}],"wp:attachment":[{"href":"https:\/\/www.nogometnizaotroke.com\/de\/wp-json\/wp\/v2\/media?parent=14706"}],"wp:term":[{"taxonomy":"product_brand","embeddable":true,"href":"https:\/\/www.nogometnizaotroke.com\/de\/wp-json\/wp\/v2\/product_brand?post=14706"},{"taxonomy":"product_cat","embeddable":true,"href":"https:\/\/www.nogometnizaotroke.com\/de\/wp-json\/wp\/v2\/product_cat?post=14706"},{"taxonomy":"product_tag","embeddable":true,"href":"https:\/\/www.nogometnizaotroke.com\/de\/wp-json\/wp\/v2\/product_tag?post=14706"}],"curies":[{"name":"wp","href":"https:\/\/api.w.org\/{rel}","templated":true}]}}