{"id":14627,"date":"2024-07-19T13:21:59","date_gmt":"2024-07-19T13:21:59","guid":{"rendered":"https:\/\/www.nogometnionline.com\/?post_type=product&#038;p=14627"},"modified":"2024-07-19T13:22:04","modified_gmt":"2024-07-19T13:22:04","slug":"poceni-otroski-nogometni-dresi-ajax-domaci-2024-2025-z-lastnim-tiskom","status":"publish","type":"product","link":"https:\/\/www.nogometnizaotroke.com\/de\/product\/poceni-otroski-nogometni-dresi-ajax-domaci-2024-2025-z-lastnim-tiskom\/","title":{"rendered":"Poceni Otro\u0161ki Nogometni dresi Ajax Doma\u010di 2024-2025 z lastnim tiskom"},"content":{"rendered":"<p>Majica Nogometni dresi Ajax Doma\u010di 2024-2025 se zgleduje po klubskih polo majicah z ovratnikom iz devetdesetih in dvajsetega stoletja. Ve\u010dinoma je bel z ikoni\u010dno veliko rde\u010do \u010drto spredaj in rde\u010dim polo ovratnikom.<br \/>\nMinimalisti\u010den, klasi\u010den videz je \u0161e posebej poklon ekipi ekipe Super Invincible iz leta 1995. V sezoni 1994-95 je Ajax zmagal v Eredivisie in Ligi prvakov brez ene same izgubljene tekme.<\/p>\n<p>Tipps f\u00fcr Socken: Das T-Shirt enth\u00e4lt standardm\u00e4\u00dfig keine Socken. Wenn Sie Socken w\u00fcnschen, w\u00e4hlen Sie die Sockenoptionen, um sie zu bezahlen.<\/p>\n<p>Tipp zum Drucken: Wenn der Name und die Nummer auf dem Bild genau Ihren Vorstellungen entsprechen, brauchen Sie sie nicht erneut einzugeben. Ist dies nicht der Fall, geben Sie den gew\u00fcnschten Namen und die Nummer ein.<\/p>\n<p>Waschtipp: Es wird empfohlen, Fu\u00dfballtrikots mit der Hand zu waschen. Wenn Sie eine Waschmaschine benutzen wollen, denken Sie daran, das Trikot umzudrehen und es dann zu waschen. F\u00fcllen Sie die Maschine mit kaltem Wasser und verwenden Sie einen Schonwaschgang, um die Farben besser zu sch\u00fctzen.<\/p>","protected":false},"excerpt":{"rendered":"<p>Majica Nogometni dresi Ajax Doma\u010di 2024-2025 se zgleduje po klubskih polo majicah z ovratnikom iz devetdesetih in dvajsetega stoletja. Ve\u010dinoma je bel z ikoni\u010dno veliko rde\u010do \u010drto spredaj in rde\u010dim polo ovratnikom. Minimalisti\u010den, klasi\u010den videz je \u0161e posebej poklon ekipi ekipe Super Invincible iz leta 1995. V sezoni 1994-95 je Ajax zmagal v Eredivisie in [&hellip;]<\/p>","protected":false},"featured_media":14629,"comment_status":"open","ping_status":"closed","template":"","meta":[],"product_brand":[],"product_cat":[73,57],"product_tag":[1008,153,220,1009,159,1007,148,147],"class_list":{"0":"post-14627","1":"product","2":"type-product","3":"status-publish","4":"has-post-thumbnail","6":"product_cat-otroski","7":"product_cat-nogometni-dresi-ajax","8":"product_tag-dresi-ajax-za-otroke","9":"product_tag-nogometni-dresi","10":"product_tag-nogometni-dresi-za-otroke","11":"product_tag-otroski-dresi-ajax-z-lastnim-imenom","12":"product_tag-otroski-nogometni-dresi","13":"product_tag-otroski-nogometni-dresi-ajax","14":"product_tag-poceni-nogometni-dresi","15":"product_tag-slovenski-nogometni-dresi","17":"first","18":"instock","19":"shipping-taxable","20":"purchasable","21":"product-type-variable"},"_links":{"self":[{"href":"https:\/\/www.nogometnizaotroke.com\/de\/wp-json\/wp\/v2\/product\/14627","targetHints":{"allow":["GET"]}}],"collection":[{"href":"https:\/\/www.nogometnizaotroke.com\/de\/wp-json\/wp\/v2\/product"}],"about":[{"href":"https:\/\/www.nogometnizaotroke.com\/de\/wp-json\/wp\/v2\/types\/product"}],"replies":[{"embeddable":true,"href":"https:\/\/www.nogometnizaotroke.com\/de\/wp-json\/wp\/v2\/comments?post=14627"}],"wp:featuredmedia":[{"embeddable":true,"href":"https:\/\/www.nogometnizaotroke.com\/de\/wp-json\/wp\/v2\/media\/14629"}],"wp:attachment":[{"href":"https:\/\/www.nogometnizaotroke.com\/de\/wp-json\/wp\/v2\/media?parent=14627"}],"wp:term":[{"taxonomy":"product_brand","embeddable":true,"href":"https:\/\/www.nogometnizaotroke.com\/de\/wp-json\/wp\/v2\/product_brand?post=14627"},{"taxonomy":"product_cat","embeddable":true,"href":"https:\/\/www.nogometnizaotroke.com\/de\/wp-json\/wp\/v2\/product_cat?post=14627"},{"taxonomy":"product_tag","embeddable":true,"href":"https:\/\/www.nogometnizaotroke.com\/de\/wp-json\/wp\/v2\/product_tag?post=14627"}],"curies":[{"name":"wp","href":"https:\/\/api.w.org\/{rel}","templated":true}]}}