{"id":14129,"date":"2024-07-05T00:25:00","date_gmt":"2024-07-05T00:25:00","guid":{"rendered":"https:\/\/www.nogometnionline.com\/?post_type=product&#038;p=14129"},"modified":"2024-07-05T00:25:03","modified_gmt":"2024-07-05T00:25:03","slug":"otroski-nogometni-dresi-za-otroke-anglija-gostujoci-euro-2024-kieran-trippier-12","status":"publish","type":"product","link":"https:\/\/www.nogometnizaotroke.com\/de\/product\/otroski-nogometni-dresi-za-otroke-anglija-gostujoci-euro-2024-kieran-trippier-12\/","title":{"rendered":"Otro\u0161ki Nogometni dresi za otroke Anglija Gostujo\u010di Euro 2024 Kieran Trippier 12"},"content":{"rendered":"<p>Anglija Gostujo\u010di Euro 2024 dresi ima temno bledo kostanjevo barvo, imenovano \u201cDark Raisin\u201d, v kombinaciji s \u201cSesame\u201d za logotipe, ki je zlat barvni odtenek. Tisto, po \u010demer izstopa gostujo\u010di dres Anglije 2024, je ve\u010dbarvni dizajn na obeh straneh. Znotraj ovratnika je kri\u017e sv. Gerorga v enakih barvah, kot so bile uporabljene za oblikovanje stranskih \u010drt. Ta nova barvna shema je pomemben odmik od tradicionalnih modrih ali rde\u010dih kompletov za goste, ki jih je Anglija uporabljala v preteklosti, vendar bi lahko bila zelo priljubljena pri navija\u010dih.<\/p>\n<p>Tipps f\u00fcr Socken: Das T-Shirt enth\u00e4lt standardm\u00e4\u00dfig keine Socken. Wenn Sie Socken w\u00fcnschen, w\u00e4hlen Sie die Sockenoptionen, um sie zu bezahlen.<\/p>\n<p>Tipp zum Drucken: Wenn der Name und die Nummer auf dem Bild genau Ihren Vorstellungen entsprechen, brauchen Sie sie nicht erneut einzugeben. Ist dies nicht der Fall, geben Sie den gew\u00fcnschten Namen und die Nummer ein.<\/p>\n<p>Waschtipp: Es wird empfohlen, Fu\u00dfballtrikots mit der Hand zu waschen. Wenn Sie eine Waschmaschine benutzen wollen, denken Sie daran, das Trikot umzudrehen und es dann zu waschen. F\u00fcllen Sie die Maschine mit kaltem Wasser und verwenden Sie einen Schonwaschgang, um die Farben besser zu sch\u00fctzen.<\/p>","protected":false},"excerpt":{"rendered":"<p>Anglija Gostujo\u010di Euro 2024 dresi ima temno bledo kostanjevo barvo, imenovano \u201cDark Raisin\u201d, v kombinaciji s \u201cSesame\u201d za logotipe, ki je zlat barvni odtenek. Tisto, po \u010demer izstopa gostujo\u010di dres Anglije 2024, je ve\u010dbarvni dizajn na obeh straneh. Znotraj ovratnika je kri\u017e sv. Gerorga v enakih barvah, kot so bile uporabljene za oblikovanje stranskih \u010drt. [&hellip;]<\/p>","protected":false},"featured_media":14131,"comment_status":"open","ping_status":"closed","template":"","meta":[],"product_brand":[],"product_cat":[778,73,79],"product_tag":[785,153,220,159,148,147],"class_list":{"0":"post-14129","1":"product","2":"type-product","3":"status-publish","4":"has-post-thumbnail","6":"product_cat-euro-2024","7":"product_cat-otroski","8":"product_cat-dresi-anglija-reprezentance","9":"product_tag-anglija-euro-2024-dresi","10":"product_tag-nogometni-dresi","11":"product_tag-nogometni-dresi-za-otroke","12":"product_tag-otroski-nogometni-dresi","13":"product_tag-poceni-nogometni-dresi","14":"product_tag-slovenski-nogometni-dresi","16":"first","17":"instock","18":"shipping-taxable","19":"purchasable","20":"product-type-variable"},"_links":{"self":[{"href":"https:\/\/www.nogometnizaotroke.com\/de\/wp-json\/wp\/v2\/product\/14129","targetHints":{"allow":["GET"]}}],"collection":[{"href":"https:\/\/www.nogometnizaotroke.com\/de\/wp-json\/wp\/v2\/product"}],"about":[{"href":"https:\/\/www.nogometnizaotroke.com\/de\/wp-json\/wp\/v2\/types\/product"}],"replies":[{"embeddable":true,"href":"https:\/\/www.nogometnizaotroke.com\/de\/wp-json\/wp\/v2\/comments?post=14129"}],"wp:featuredmedia":[{"embeddable":true,"href":"https:\/\/www.nogometnizaotroke.com\/de\/wp-json\/wp\/v2\/media\/14131"}],"wp:attachment":[{"href":"https:\/\/www.nogometnizaotroke.com\/de\/wp-json\/wp\/v2\/media?parent=14129"}],"wp:term":[{"taxonomy":"product_brand","embeddable":true,"href":"https:\/\/www.nogometnizaotroke.com\/de\/wp-json\/wp\/v2\/product_brand?post=14129"},{"taxonomy":"product_cat","embeddable":true,"href":"https:\/\/www.nogometnizaotroke.com\/de\/wp-json\/wp\/v2\/product_cat?post=14129"},{"taxonomy":"product_tag","embeddable":true,"href":"https:\/\/www.nogometnizaotroke.com\/de\/wp-json\/wp\/v2\/product_tag?post=14129"}],"curies":[{"name":"wp","href":"https:\/\/api.w.org\/{rel}","templated":true}]}}