{"id":14093,"date":"2024-07-04T02:55:33","date_gmt":"2024-07-04T02:55:33","guid":{"rendered":"https:\/\/www.nogometnionline.com\/?post_type=product&#038;p=14093"},"modified":"2024-07-04T02:55:38","modified_gmt":"2024-07-04T02:55:38","slug":"zenski-nogometni-dresi-za-nizko-ceno-francija-reprezentance-domaci-em-2024-ibrahima-konate-24","status":"publish","type":"product","link":"https:\/\/www.nogometnizaotroke.com\/de\/product\/zenski-nogometni-dresi-za-nizko-ceno-francija-reprezentance-domaci-em-2024-ibrahima-konate-24\/","title":{"rendered":"Frauen G\u00fcnstige Fu\u00dfballtrikots Frankreich Nationalmannschaft Heim EM 2024 Ibrahima Konate 24"},"content":{"rendered":"<p>Francija Reprezentance Doma\u010di EM 2024\u00a0 dresi ima klasi\u010den, a eleganten dizajn. V glavnem je &#8220;svetlo modra&#8221;, ki se odmika od mornarske barvne sheme leta 2022. V kombinaciji s tem modrim odtenkom sta &#8220;univerzitetna rde\u010da&#8221; in bela.<br \/>\nDas Auff\u00e4lligste am Frankreich 2024-Trikot ist das Wappen. Der Swoosh hat das ber\u00fchmte FFF-Logo in einer neuen, klassischen Farbgebung auf den Markt gebracht, und auch das Wappen ist von gigantischer Gr\u00f6\u00dfe. Der Kragen hat eine Trompete und eine einzigartige versetzte V-Konstruktion.<\/p>\n<p>Tipps f\u00fcr Socken: Das T-Shirt enth\u00e4lt standardm\u00e4\u00dfig keine Socken. Wenn Sie Socken w\u00fcnschen, w\u00e4hlen Sie die Sockenoptionen, um sie zu bezahlen.<\/p>\n<p>Tipp zum Drucken: Wenn der Name und die Nummer auf dem Bild genau Ihren Vorstellungen entsprechen, brauchen Sie sie nicht erneut einzugeben. Ist dies nicht der Fall, geben Sie den gew\u00fcnschten Namen und die Nummer ein.<\/p>\n<p>Waschtipp: Es wird empfohlen, Fu\u00dfballtrikots mit der Hand zu waschen. Wenn Sie eine Waschmaschine benutzen wollen, denken Sie daran, das Trikot umzudrehen und es dann zu waschen. F\u00fcllen Sie die Maschine mit kaltem Wasser und verwenden Sie einen Schonwaschgang, um die Farben besser zu sch\u00fctzen.<\/p>","protected":false},"excerpt":{"rendered":"<p>Francija Reprezentance Doma\u010di EM 2024\u00a0 dresi ima klasi\u010den, a eleganten dizajn. V glavnem je &#8220;svetlo modra&#8221;, ki se odmika od mornarske barvne sheme leta 2022. V kombinaciji s tem modrim odtenkom sta &#8220;univerzitetna rde\u010da&#8221; in bela. Kar je najbolj presenetljivo pri dresu Francije 2024, je grb. Swoosh se je za\u010del novo klasi\u010dno barvno shemo slavnega [&hellip;]<\/p>","protected":false},"featured_media":14097,"comment_status":"open","ping_status":"closed","template":"","meta":[],"product_brand":[],"product_cat":[778,74,76],"product_tag":[831,832,916,153,148,147,320,917],"class_list":{"0":"post-14093","1":"product","2":"type-product","3":"status-publish","4":"has-post-thumbnail","6":"product_cat-euro-2024","7":"product_cat-zenski","8":"product_cat-dresi-francija-reprezentance","9":"product_tag-dresi-francija-reprezentance","10":"product_tag-euro-2024","11":"product_tag-francija-em-2024-ibrahima-konate-dresi","12":"product_tag-nogometni-dresi","13":"product_tag-poceni-nogometni-dresi","14":"product_tag-slovenski-nogometni-dresi","15":"product_tag-zenski-nogometni-dresi","16":"product_tag-zenski-nogometni-dresi-trgovine","18":"first","19":"instock","20":"shipping-taxable","21":"purchasable","22":"product-type-variable"},"_links":{"self":[{"href":"https:\/\/www.nogometnizaotroke.com\/de\/wp-json\/wp\/v2\/product\/14093","targetHints":{"allow":["GET"]}}],"collection":[{"href":"https:\/\/www.nogometnizaotroke.com\/de\/wp-json\/wp\/v2\/product"}],"about":[{"href":"https:\/\/www.nogometnizaotroke.com\/de\/wp-json\/wp\/v2\/types\/product"}],"replies":[{"embeddable":true,"href":"https:\/\/www.nogometnizaotroke.com\/de\/wp-json\/wp\/v2\/comments?post=14093"}],"wp:featuredmedia":[{"embeddable":true,"href":"https:\/\/www.nogometnizaotroke.com\/de\/wp-json\/wp\/v2\/media\/14097"}],"wp:attachment":[{"href":"https:\/\/www.nogometnizaotroke.com\/de\/wp-json\/wp\/v2\/media?parent=14093"}],"wp:term":[{"taxonomy":"product_brand","embeddable":true,"href":"https:\/\/www.nogometnizaotroke.com\/de\/wp-json\/wp\/v2\/product_brand?post=14093"},{"taxonomy":"product_cat","embeddable":true,"href":"https:\/\/www.nogometnizaotroke.com\/de\/wp-json\/wp\/v2\/product_cat?post=14093"},{"taxonomy":"product_tag","embeddable":true,"href":"https:\/\/www.nogometnizaotroke.com\/de\/wp-json\/wp\/v2\/product_tag?post=14093"}],"curies":[{"name":"wp","href":"https:\/\/api.w.org\/{rel}","templated":true}]}}