{"id":13355,"date":"2024-06-14T02:55:17","date_gmt":"2024-06-14T02:55:17","guid":{"rendered":"https:\/\/www.nogometnionline.com\/?post_type=product&#038;p=13355"},"modified":"2024-08-06T03:08:31","modified_gmt":"2024-08-06T03:08:31","slug":"moski-nogometni-dresi-romunija-domaci-em-2024-rumena-kratek-rokav","status":"publish","type":"product","link":"https:\/\/www.nogometnizaotroke.com\/de\/product\/moski-nogometni-dresi-romunija-domaci-em-2024-rumena-kratek-rokav\/","title":{"rendered":"Mo\u0161ki Nogometni dresi Romunija Doma\u010di EM 2024 rumena Kratek Rokav"},"content":{"rendered":"<p>Mo\u0161ki Nogometni dresi Romunija Doma\u010di EM 2024 rumena Kratek Rokav<\/p>","protected":false},"excerpt":{"rendered":"<p>Mo\u0161ki Nogometni dresi Romunija Doma\u010di EM 2024 rumena Kratek Rokav<\/p>","protected":false},"featured_media":13357,"comment_status":"open","ping_status":"closed","template":"","meta":[],"product_brand":[],"product_cat":[864,778],"product_tag":[865,832,150,153,148,884,147],"class_list":{"0":"post-13355","1":"product","2":"type-product","3":"status-publish","4":"has-post-thumbnail","6":"product_cat-dresi-romunija-reprezentance","7":"product_cat-euro-2024","8":"product_tag-dresi-romunija-reprezentance","9":"product_tag-euro-2024","10":"product_tag-moski-nogometni-dresi","11":"product_tag-nogometni-dresi","12":"product_tag-poceni-nogometni-dresi","13":"product_tag-romunija-em-2024-dresi","14":"product_tag-slovenski-nogometni-dresi","16":"first","17":"outofstock","18":"shipping-taxable","19":"purchasable","20":"product-type-variable"},"_links":{"self":[{"href":"https:\/\/www.nogometnizaotroke.com\/de\/wp-json\/wp\/v2\/product\/13355","targetHints":{"allow":["GET"]}}],"collection":[{"href":"https:\/\/www.nogometnizaotroke.com\/de\/wp-json\/wp\/v2\/product"}],"about":[{"href":"https:\/\/www.nogometnizaotroke.com\/de\/wp-json\/wp\/v2\/types\/product"}],"replies":[{"embeddable":true,"href":"https:\/\/www.nogometnizaotroke.com\/de\/wp-json\/wp\/v2\/comments?post=13355"}],"wp:featuredmedia":[{"embeddable":true,"href":"https:\/\/www.nogometnizaotroke.com\/de\/wp-json\/wp\/v2\/media\/13357"}],"wp:attachment":[{"href":"https:\/\/www.nogometnizaotroke.com\/de\/wp-json\/wp\/v2\/media?parent=13355"}],"wp:term":[{"taxonomy":"product_brand","embeddable":true,"href":"https:\/\/www.nogometnizaotroke.com\/de\/wp-json\/wp\/v2\/product_brand?post=13355"},{"taxonomy":"product_cat","embeddable":true,"href":"https:\/\/www.nogometnizaotroke.com\/de\/wp-json\/wp\/v2\/product_cat?post=13355"},{"taxonomy":"product_tag","embeddable":true,"href":"https:\/\/www.nogometnizaotroke.com\/de\/wp-json\/wp\/v2\/product_tag?post=13355"}],"curies":[{"name":"wp","href":"https:\/\/api.w.org\/{rel}","templated":true}]}}