{"id":13286,"date":"2024-06-11T01:51:07","date_gmt":"2024-06-11T01:51:07","guid":{"rendered":"https:\/\/www.nogometnionline.com\/?post_type=product&#038;p=13286"},"modified":"2025-05-09T06:49:18","modified_gmt":"2025-05-09T06:49:18","slug":"otroski-nogometni-dresi-kompleti-real-madrid-domaci-2024-25-vinicius-junior-7","status":"publish","type":"product","link":"https:\/\/www.nogometnizaotroke.com\/de\/product\/otroski-nogometni-dresi-kompleti-real-madrid-domaci-2024-25-vinicius-junior-7\/","title":{"rendered":"Kinder Fu\u00dfballtrikots Trikots Real Madrid Home 2024-25 Vinicius Junior 7"},"content":{"rendered":"<p>Kinder Fu\u00dfballtrikots Trikots Real Madrid Home 2024-25 Vinicius Junior 7<\/p>\n<h2><strong>Real Madrid Trikot Details<\/strong>:<\/h2>\n<p>Saison: 2024<br \/>\nKonzipiert f\u00fcr: Kinder<br \/>\nProduktfarbe: wei\u00df<\/p>\n<h3><strong>Beschreibung Real Real Madrid Trikot<\/strong>:<\/h3>\n<p>Das Heimtrikot 24\/25 von Real Madrid kombiniert und pr\u00e4sentiert das lange und prestigetr\u00e4chtige Erbe des Vereins. Inspiriert vom \"Chulapo\"-Look, der beim allj\u00e4hrlichen Karneval von San Isidro in Madrid getragen wird, ist dieses billige Real Madrid Trikot mit einem schnauzenf\u00f6rmigen Muster verziert, das klassisch ist und ein modisches Element hinzuf\u00fcgt. Mit atmungsaktiver Technologie und einem hei\u00dfgepr\u00e4gten Vereinswappen ist das Real Madrid Trikot bequem und leicht.<\/p>\n<p>Wasserdichtes, atmungsaktives und bequemes Material<\/p>\n<p>Ideal f\u00fcr Maschinen- oder Handw\u00e4sche.<\/p>\n<p>Stofffarbe, verschlei\u00dffest, auch nach mehrmaligem Waschen<\/p>\n<p><img fetchpriority=\"high\" decoding=\"async\" class=\"wp-image-19943\" src=\"https:\/\/www.nogometnionline.com\/wp-content\/uploads\/2024\/06\/nogometni-dresi-kompleti-real-madrid-domaci-2024-25-300x169.jpg\" alt=\"Nogometni dresi kompleti Real Madrid Doma\u010di 2024-25\" width=\"376\" height=\"212\" srcset=\"https:\/\/www.nogometnizaotroke.com\/wp-content\/uploads\/2024\/06\/nogometni-dresi-kompleti-real-madrid-domaci-2024-25-300x169.jpg 300w, https:\/\/www.nogometnizaotroke.com\/wp-content\/uploads\/2024\/06\/nogometni-dresi-kompleti-real-madrid-domaci-2024-25-600x338.jpg 600w, https:\/\/www.nogometnizaotroke.com\/wp-content\/uploads\/2024\/06\/nogometni-dresi-kompleti-real-madrid-domaci-2024-25-768x432.jpg 768w, https:\/\/www.nogometnizaotroke.com\/wp-content\/uploads\/2024\/06\/nogometni-dresi-kompleti-real-madrid-domaci-2024-25.jpg 999w\" sizes=\"(max-width: 376px) 100vw, 376px\" \/><\/p>","protected":false},"excerpt":{"rendered":"<p>Otro\u0161ki Nogometni dresi kompleti Real Madrid Doma\u010di 2024-25 Vinicius Junior 7 Podrobnosti o dresi Real Madrid: Sezona: 2024 Zasnovan za: otroke Barva izdelka: bela Opis dres Real Real Madrid: Doma\u010di dres Real Madrid 24\/25 zdru\u017euje in prikazuje dolgoletno in presti\u017eno mestno dedi\u0161\u010dino kluba. Navdihnjen z videzom &#8220;chulapo&#8221;, ki se nosi na letnem madridskem karnevalu San [&hellip;]<\/p>","protected":false},"featured_media":13288,"comment_status":"open","ping_status":"closed","template":"","meta":[],"product_brand":[],"product_cat":[73,33],"product_tag":[860,837,464,463,159,148,167,751,147],"class_list":{"0":"post-13286","1":"product","2":"type-product","3":"status-publish","4":"has-post-thumbnail","6":"product_cat-otroski","7":"product_cat-nogometni-dresi-real-madrid","8":"product_tag-dresi-vinicius-junior","9":"product_tag-dresi-za-nogomet","10":"product_tag-nogometni-dresi-real-madrid-prodaja","11":"product_tag-nogometni-dresi-real-madrid-z-lastnim-tiskom","12":"product_tag-otroski-nogometni-dresi","13":"product_tag-poceni-nogometni-dresi","14":"product_tag-poceni-nogometni-dresi-real-madrid-z-lastnim-imenom-online","15":"product_tag-real-madrid-dresi-2024","16":"product_tag-slovenski-nogometni-dresi","18":"first","19":"instock","20":"shipping-taxable","21":"purchasable","22":"product-type-variable"},"_links":{"self":[{"href":"https:\/\/www.nogometnizaotroke.com\/de\/wp-json\/wp\/v2\/product\/13286","targetHints":{"allow":["GET"]}}],"collection":[{"href":"https:\/\/www.nogometnizaotroke.com\/de\/wp-json\/wp\/v2\/product"}],"about":[{"href":"https:\/\/www.nogometnizaotroke.com\/de\/wp-json\/wp\/v2\/types\/product"}],"replies":[{"embeddable":true,"href":"https:\/\/www.nogometnizaotroke.com\/de\/wp-json\/wp\/v2\/comments?post=13286"}],"wp:featuredmedia":[{"embeddable":true,"href":"https:\/\/www.nogometnizaotroke.com\/de\/wp-json\/wp\/v2\/media\/13288"}],"wp:attachment":[{"href":"https:\/\/www.nogometnizaotroke.com\/de\/wp-json\/wp\/v2\/media?parent=13286"}],"wp:term":[{"taxonomy":"product_brand","embeddable":true,"href":"https:\/\/www.nogometnizaotroke.com\/de\/wp-json\/wp\/v2\/product_brand?post=13286"},{"taxonomy":"product_cat","embeddable":true,"href":"https:\/\/www.nogometnizaotroke.com\/de\/wp-json\/wp\/v2\/product_cat?post=13286"},{"taxonomy":"product_tag","embeddable":true,"href":"https:\/\/www.nogometnizaotroke.com\/de\/wp-json\/wp\/v2\/product_tag?post=13286"}],"curies":[{"name":"wp","href":"https:\/\/api.w.org\/{rel}","templated":true}]}}