{"id":13079,"date":"2024-05-31T07:49:14","date_gmt":"2024-05-31T07:49:14","guid":{"rendered":"https:\/\/www.nogometnionline.com\/?post_type=product&#038;p=13079"},"modified":"2024-05-31T07:49:19","modified_gmt":"2024-05-31T07:49:19","slug":"otroski-nogometni-dresi-za-otroke-francija-gostujoci-em-2024-youssouf-fofana-19","status":"publish","type":"product","link":"https:\/\/www.nogometnizaotroke.com\/de\/product\/otroski-nogometni-dresi-za-otroke-francija-gostujoci-em-2024-youssouf-fofana-19\/","title":{"rendered":"Kinder Fu\u00dfball Trikots f\u00fcr Kinder Frankreich Ausw\u00e4rts EM 2024 Youssouf Fofana 19"},"content":{"rendered":"<p>Kinder Fu\u00dfball Trikots f\u00fcr Kinder Frankreich Ausw\u00e4rts EM 2024 Youssouf Fofana 19<\/p>","protected":false},"excerpt":{"rendered":"<p>Kinder Fu\u00dfball Trikots f\u00fcr Kinder Frankreich Ausw\u00e4rts EM 2024 Youssouf Fofana 19<\/p>","protected":false},"featured_media":13082,"comment_status":"open","ping_status":"closed","template":"","meta":[],"product_brand":[],"product_cat":[778,73,76],"product_tag":[831,832,853,153,159,148,147],"class_list":{"0":"post-13079","1":"product","2":"type-product","3":"status-publish","4":"has-post-thumbnail","6":"product_cat-euro-2024","7":"product_cat-otroski","8":"product_cat-dresi-francija-reprezentance","9":"product_tag-dresi-francija-reprezentance","10":"product_tag-euro-2024","11":"product_tag-francija-em-2024-mbappe-dresi","12":"product_tag-nogometni-dresi","13":"product_tag-otroski-nogometni-dresi","14":"product_tag-poceni-nogometni-dresi","15":"product_tag-slovenski-nogometni-dresi","17":"first","18":"instock","19":"shipping-taxable","20":"purchasable","21":"product-type-variable"},"_links":{"self":[{"href":"https:\/\/www.nogometnizaotroke.com\/de\/wp-json\/wp\/v2\/product\/13079","targetHints":{"allow":["GET"]}}],"collection":[{"href":"https:\/\/www.nogometnizaotroke.com\/de\/wp-json\/wp\/v2\/product"}],"about":[{"href":"https:\/\/www.nogometnizaotroke.com\/de\/wp-json\/wp\/v2\/types\/product"}],"replies":[{"embeddable":true,"href":"https:\/\/www.nogometnizaotroke.com\/de\/wp-json\/wp\/v2\/comments?post=13079"}],"wp:featuredmedia":[{"embeddable":true,"href":"https:\/\/www.nogometnizaotroke.com\/de\/wp-json\/wp\/v2\/media\/13082"}],"wp:attachment":[{"href":"https:\/\/www.nogometnizaotroke.com\/de\/wp-json\/wp\/v2\/media?parent=13079"}],"wp:term":[{"taxonomy":"product_brand","embeddable":true,"href":"https:\/\/www.nogometnizaotroke.com\/de\/wp-json\/wp\/v2\/product_brand?post=13079"},{"taxonomy":"product_cat","embeddable":true,"href":"https:\/\/www.nogometnizaotroke.com\/de\/wp-json\/wp\/v2\/product_cat?post=13079"},{"taxonomy":"product_tag","embeddable":true,"href":"https:\/\/www.nogometnizaotroke.com\/de\/wp-json\/wp\/v2\/product_tag?post=13079"}],"curies":[{"name":"wp","href":"https:\/\/api.w.org\/{rel}","templated":true}]}}