{"id":12756,"date":"2024-05-17T11:20:58","date_gmt":"2024-05-17T11:20:58","guid":{"rendered":"https:\/\/www.nogometnionline.com\/?post_type=product&#038;p=12756"},"modified":"2024-09-03T13:25:11","modified_gmt":"2024-09-03T13:25:11","slug":"poceni-moski-nogometni-dresi-argentina-gostujoci-2024-25-z-lastnim-tiskom-lionel-messi","status":"publish","type":"product","link":"https:\/\/www.nogometnizaotroke.com\/de\/product\/poceni-moski-nogometni-dresi-argentina-gostujoci-2024-25-z-lastnim-tiskom-lionel-messi\/","title":{"rendered":"Billig M\u00e4nner Fu\u00dfball Trikots Argentinien Ausw\u00e4rts 2024-25 Gedruckt Lionel Messi 10"},"content":{"rendered":"<p>Billig M\u00e4nner Fu\u00dfball Trikots Argentinien Ausw\u00e4rts 2024-25 Gedruckt Lionel Messi 10<\/p>","protected":false},"excerpt":{"rendered":"<p>Billig M\u00e4nner Fu\u00dfball Trikots Argentinien Ausw\u00e4rts 2024-25 Gedruckt Lionel Messi 10<\/p>","protected":false},"featured_media":12758,"comment_status":"open","ping_status":"closed","template":"","meta":[],"product_brand":[],"product_cat":[140,81],"product_tag":[840,841,1087,150,153,545,148,147],"class_list":{"0":"post-12756","1":"product","2":"type-product","3":"status-publish","4":"has-post-thumbnail","6":"product_cat-moski","7":"product_cat-dresi-argentina-reprezentance","8":"product_tag-argentina-2024-25-dresi","9":"product_tag-dresi-lionel-messi","10":"product_tag-lionel-messi-dresi","11":"product_tag-moski-nogometni-dresi","12":"product_tag-nogometni-dresi","13":"product_tag-nogometni-dresi-slovenija","14":"product_tag-poceni-nogometni-dresi","15":"product_tag-slovenski-nogometni-dresi","17":"first","18":"instock","19":"shipping-taxable","20":"purchasable","21":"product-type-variable"},"_links":{"self":[{"href":"https:\/\/www.nogometnizaotroke.com\/de\/wp-json\/wp\/v2\/product\/12756","targetHints":{"allow":["GET"]}}],"collection":[{"href":"https:\/\/www.nogometnizaotroke.com\/de\/wp-json\/wp\/v2\/product"}],"about":[{"href":"https:\/\/www.nogometnizaotroke.com\/de\/wp-json\/wp\/v2\/types\/product"}],"replies":[{"embeddable":true,"href":"https:\/\/www.nogometnizaotroke.com\/de\/wp-json\/wp\/v2\/comments?post=12756"}],"wp:featuredmedia":[{"embeddable":true,"href":"https:\/\/www.nogometnizaotroke.com\/de\/wp-json\/wp\/v2\/media\/12758"}],"wp:attachment":[{"href":"https:\/\/www.nogometnizaotroke.com\/de\/wp-json\/wp\/v2\/media?parent=12756"}],"wp:term":[{"taxonomy":"product_brand","embeddable":true,"href":"https:\/\/www.nogometnizaotroke.com\/de\/wp-json\/wp\/v2\/product_brand?post=12756"},{"taxonomy":"product_cat","embeddable":true,"href":"https:\/\/www.nogometnizaotroke.com\/de\/wp-json\/wp\/v2\/product_cat?post=12756"},{"taxonomy":"product_tag","embeddable":true,"href":"https:\/\/www.nogometnizaotroke.com\/de\/wp-json\/wp\/v2\/product_tag?post=12756"}],"curies":[{"name":"wp","href":"https:\/\/api.w.org\/{rel}","templated":true}]}}