{"id":12691,"date":"2024-05-16T08:50:02","date_gmt":"2024-05-16T08:50:02","guid":{"rendered":"https:\/\/www.nogometnionline.com\/?post_type=product&#038;p=12691"},"modified":"2024-05-16T08:50:07","modified_gmt":"2024-05-16T08:50:07","slug":"moski-nogometni-dresi-real-madrid-domaci-2024-25-dresi-za-nogomet","status":"publish","type":"product","link":"https:\/\/www.nogometnizaotroke.com\/de\/product\/moski-nogometni-dresi-real-madrid-domaci-2024-25-dresi-za-nogomet\/","title":{"rendered":"Herren Real Madrid Heim Fu\u00dfball Trikots 2024-25 Fu\u00dfball Trikots"},"content":{"rendered":"<p>Herren Real Madrid Heim Fu\u00dfball Trikots 2024-25 Fu\u00dfball Trikots<\/p>","protected":false},"excerpt":{"rendered":"<p>Herren Real Madrid Heim Fu\u00dfball Trikots 2024-25 Fu\u00dfball Trikots<\/p>","protected":false},"featured_media":12693,"comment_status":"open","ping_status":"closed","template":"","meta":[],"product_brand":[],"product_cat":[140,33],"product_tag":[837,152,150,153,464,463,148,167,751,147],"class_list":{"0":"post-12691","1":"product","2":"type-product","3":"status-publish","4":"has-post-thumbnail","6":"product_cat-moski","7":"product_cat-nogometni-dresi-real-madrid","8":"product_tag-dresi-za-nogomet","9":"product_tag-moski-nogometni-dres","10":"product_tag-moski-nogometni-dresi","11":"product_tag-nogometni-dresi","12":"product_tag-nogometni-dresi-real-madrid-prodaja","13":"product_tag-nogometni-dresi-real-madrid-z-lastnim-tiskom","14":"product_tag-poceni-nogometni-dresi","15":"product_tag-poceni-nogometni-dresi-real-madrid-z-lastnim-imenom-online","16":"product_tag-real-madrid-dresi-2024","17":"product_tag-slovenski-nogometni-dresi","19":"first","20":"instock","21":"shipping-taxable","22":"purchasable","23":"product-type-variable"},"_links":{"self":[{"href":"https:\/\/www.nogometnizaotroke.com\/de\/wp-json\/wp\/v2\/product\/12691","targetHints":{"allow":["GET"]}}],"collection":[{"href":"https:\/\/www.nogometnizaotroke.com\/de\/wp-json\/wp\/v2\/product"}],"about":[{"href":"https:\/\/www.nogometnizaotroke.com\/de\/wp-json\/wp\/v2\/types\/product"}],"replies":[{"embeddable":true,"href":"https:\/\/www.nogometnizaotroke.com\/de\/wp-json\/wp\/v2\/comments?post=12691"}],"wp:featuredmedia":[{"embeddable":true,"href":"https:\/\/www.nogometnizaotroke.com\/de\/wp-json\/wp\/v2\/media\/12693"}],"wp:attachment":[{"href":"https:\/\/www.nogometnizaotroke.com\/de\/wp-json\/wp\/v2\/media?parent=12691"}],"wp:term":[{"taxonomy":"product_brand","embeddable":true,"href":"https:\/\/www.nogometnizaotroke.com\/de\/wp-json\/wp\/v2\/product_brand?post=12691"},{"taxonomy":"product_cat","embeddable":true,"href":"https:\/\/www.nogometnizaotroke.com\/de\/wp-json\/wp\/v2\/product_cat?post=12691"},{"taxonomy":"product_tag","embeddable":true,"href":"https:\/\/www.nogometnizaotroke.com\/de\/wp-json\/wp\/v2\/product_tag?post=12691"}],"curies":[{"name":"wp","href":"https:\/\/api.w.org\/{rel}","templated":true}]}}