{"id":12403,"date":"2024-05-04T09:12:58","date_gmt":"2024-05-04T09:12:58","guid":{"rendered":"https:\/\/www.nogometnionline.com\/?post_type=product&#038;p=12403"},"modified":"2024-05-04T09:13:03","modified_gmt":"2024-05-04T09:13:03","slug":"nogometni-dresi-za-ekipe-manchester-city-domaci-2023-24-z-lastnim-tiskom-erling-haaland-9","status":"publish","type":"product","link":"https:\/\/www.nogometnizaotroke.com\/de\/product\/nogometni-dresi-za-ekipe-manchester-city-domaci-2023-24-z-lastnim-tiskom-erling-haaland-9\/","title":{"rendered":"Fu\u00dfballtrikots f\u00fcr Manchester City Home 2023-24 gedruckt von Erling Haaland 9"},"content":{"rendered":"<p>Fu\u00dfballtrikots f\u00fcr Manchester City Home 2023-24 gedruckt von Erling Haaland 9<\/p>","protected":false},"excerpt":{"rendered":"<p>Fu\u00dfballtrikots f\u00fcr Manchester City Home 2023-24 gedruckt von Erling Haaland 9<\/p>","protected":false},"featured_media":12405,"comment_status":"open","ping_status":"closed","template":"","meta":[],"product_brand":[],"product_cat":[140,44],"product_tag":[821,150,153,148,253,147],"class_list":{"0":"post-12403","1":"product","2":"type-product","3":"status-publish","4":"has-post-thumbnail","6":"product_cat-moski","7":"product_cat-nogometni-dresi-manchester-city","8":"product_tag-manchester-city-dres","9":"product_tag-moski-nogometni-dresi","10":"product_tag-nogometni-dresi","11":"product_tag-poceni-nogometni-dresi","12":"product_tag-poceni-nogometni-dresi-manchester-city-z-lastnim-imenom-online","13":"product_tag-slovenski-nogometni-dresi","15":"first","16":"instock","17":"shipping-taxable","18":"purchasable","19":"product-type-variable"},"_links":{"self":[{"href":"https:\/\/www.nogometnizaotroke.com\/de\/wp-json\/wp\/v2\/product\/12403","targetHints":{"allow":["GET"]}}],"collection":[{"href":"https:\/\/www.nogometnizaotroke.com\/de\/wp-json\/wp\/v2\/product"}],"about":[{"href":"https:\/\/www.nogometnizaotroke.com\/de\/wp-json\/wp\/v2\/types\/product"}],"replies":[{"embeddable":true,"href":"https:\/\/www.nogometnizaotroke.com\/de\/wp-json\/wp\/v2\/comments?post=12403"}],"wp:featuredmedia":[{"embeddable":true,"href":"https:\/\/www.nogometnizaotroke.com\/de\/wp-json\/wp\/v2\/media\/12405"}],"wp:attachment":[{"href":"https:\/\/www.nogometnizaotroke.com\/de\/wp-json\/wp\/v2\/media?parent=12403"}],"wp:term":[{"taxonomy":"product_brand","embeddable":true,"href":"https:\/\/www.nogometnizaotroke.com\/de\/wp-json\/wp\/v2\/product_brand?post=12403"},{"taxonomy":"product_cat","embeddable":true,"href":"https:\/\/www.nogometnizaotroke.com\/de\/wp-json\/wp\/v2\/product_cat?post=12403"},{"taxonomy":"product_tag","embeddable":true,"href":"https:\/\/www.nogometnizaotroke.com\/de\/wp-json\/wp\/v2\/product_tag?post=12403"}],"curies":[{"name":"wp","href":"https:\/\/api.w.org\/{rel}","templated":true}]}}