{"id":12095,"date":"2024-04-24T02:57:10","date_gmt":"2024-04-24T02:57:10","guid":{"rendered":"https:\/\/www.nogometnionline.com\/?post_type=product&#038;p=12095"},"modified":"2024-04-24T02:57:15","modified_gmt":"2024-04-24T02:57:15","slug":"moski-nogometni-dresi-ekvador-gostujoci-copa-america-2024-kratek-rokav","status":"publish","type":"product","link":"https:\/\/www.nogometnizaotroke.com\/de\/product\/moski-nogometni-dresi-ekvador-gostujoci-copa-america-2024-kratek-rokav\/","title":{"rendered":"Mo\u0161ki Nogometni dresi Ekvador Gostujo\u010di Copa America 2024 Kratek Rokav"},"content":{"rendered":"<p>Mo\u0161ki Nogometni dresi Ekvador Gostujo\u010di Copa America 2024 Kratek Rokav<\/p>","protected":false},"excerpt":{"rendered":"<p>Mo\u0161ki Nogometni dresi Ekvador Gostujo\u010di Copa America 2024 Kratek Rokav<\/p>","protected":false},"featured_media":12097,"comment_status":"open","ping_status":"closed","template":"","meta":[],"product_brand":[],"product_cat":[807,140,138],"product_tag":[809,150,153,148,147],"class_list":{"0":"post-12095","1":"product","2":"type-product","3":"status-publish","4":"has-post-thumbnail","6":"product_cat-dresi-cili-reprezentance","7":"product_cat-moski","8":"product_cat-dresi-ekvador-reprezentance","9":"product_tag-ekvador-copa-america-2024-dresi","10":"product_tag-moski-nogometni-dresi","11":"product_tag-nogometni-dresi","12":"product_tag-poceni-nogometni-dresi","13":"product_tag-slovenski-nogometni-dresi","15":"first","16":"instock","17":"shipping-taxable","18":"purchasable","19":"product-type-variable"},"_links":{"self":[{"href":"https:\/\/www.nogometnizaotroke.com\/de\/wp-json\/wp\/v2\/product\/12095","targetHints":{"allow":["GET"]}}],"collection":[{"href":"https:\/\/www.nogometnizaotroke.com\/de\/wp-json\/wp\/v2\/product"}],"about":[{"href":"https:\/\/www.nogometnizaotroke.com\/de\/wp-json\/wp\/v2\/types\/product"}],"replies":[{"embeddable":true,"href":"https:\/\/www.nogometnizaotroke.com\/de\/wp-json\/wp\/v2\/comments?post=12095"}],"wp:featuredmedia":[{"embeddable":true,"href":"https:\/\/www.nogometnizaotroke.com\/de\/wp-json\/wp\/v2\/media\/12097"}],"wp:attachment":[{"href":"https:\/\/www.nogometnizaotroke.com\/de\/wp-json\/wp\/v2\/media?parent=12095"}],"wp:term":[{"taxonomy":"product_brand","embeddable":true,"href":"https:\/\/www.nogometnizaotroke.com\/de\/wp-json\/wp\/v2\/product_brand?post=12095"},{"taxonomy":"product_cat","embeddable":true,"href":"https:\/\/www.nogometnizaotroke.com\/de\/wp-json\/wp\/v2\/product_cat?post=12095"},{"taxonomy":"product_tag","embeddable":true,"href":"https:\/\/www.nogometnizaotroke.com\/de\/wp-json\/wp\/v2\/product_tag?post=12095"}],"curies":[{"name":"wp","href":"https:\/\/api.w.org\/{rel}","templated":true}]}}