{"id":11606,"date":"2024-04-16T05:17:13","date_gmt":"2024-04-16T05:17:13","guid":{"rendered":"https:\/\/www.nogometnionline.com\/?post_type=product&#038;p=11606"},"modified":"2024-04-16T05:17:17","modified_gmt":"2024-04-16T05:17:17","slug":"otroski-nogometni-dresi-nemcija-domaci-euro-2024-bela-kratek-rokav-jamal-musiala-14","status":"publish","type":"product","link":"https:\/\/www.nogometnizaotroke.com\/de\/product\/otroski-nogometni-dresi-nemcija-domaci-euro-2024-bela-kratek-rokav-jamal-musiala-14\/","title":{"rendered":"Kinder Fu\u00dfball Trikots Deutschland Home Euro 2024 Wei\u00df Kurzarm Jamal Musiala 14"},"content":{"rendered":"<p>Kinder Fu\u00dfball Trikots Deutschland Home Euro 2024 Wei\u00df Kurzarm Jamal Musiala 14<\/p>","protected":false},"excerpt":{"rendered":"<p>Kinder Fu\u00dfball Trikots Deutschland Home Euro 2024 Wei\u00df Kurzarm Jamal Musiala 14<\/p>","protected":false},"featured_media":11608,"comment_status":"open","ping_status":"closed","template":"","meta":[],"product_brand":[],"product_cat":[778,73,80],"product_tag":[779,153,159,148,147],"class_list":{"0":"post-11606","1":"product","2":"type-product","3":"status-publish","4":"has-post-thumbnail","6":"product_cat-euro-2024","7":"product_cat-otroski","8":"product_cat-dresi-nemcija-reprezentance","9":"product_tag-nemcija-euro-2024-dresi","10":"product_tag-nogometni-dresi","11":"product_tag-otroski-nogometni-dresi","12":"product_tag-poceni-nogometni-dresi","13":"product_tag-slovenski-nogometni-dresi","15":"first","16":"instock","17":"shipping-taxable","18":"purchasable","19":"product-type-variable"},"_links":{"self":[{"href":"https:\/\/www.nogometnizaotroke.com\/de\/wp-json\/wp\/v2\/product\/11606","targetHints":{"allow":["GET"]}}],"collection":[{"href":"https:\/\/www.nogometnizaotroke.com\/de\/wp-json\/wp\/v2\/product"}],"about":[{"href":"https:\/\/www.nogometnizaotroke.com\/de\/wp-json\/wp\/v2\/types\/product"}],"replies":[{"embeddable":true,"href":"https:\/\/www.nogometnizaotroke.com\/de\/wp-json\/wp\/v2\/comments?post=11606"}],"wp:featuredmedia":[{"embeddable":true,"href":"https:\/\/www.nogometnizaotroke.com\/de\/wp-json\/wp\/v2\/media\/11608"}],"wp:attachment":[{"href":"https:\/\/www.nogometnizaotroke.com\/de\/wp-json\/wp\/v2\/media?parent=11606"}],"wp:term":[{"taxonomy":"product_brand","embeddable":true,"href":"https:\/\/www.nogometnizaotroke.com\/de\/wp-json\/wp\/v2\/product_brand?post=11606"},{"taxonomy":"product_cat","embeddable":true,"href":"https:\/\/www.nogometnizaotroke.com\/de\/wp-json\/wp\/v2\/product_cat?post=11606"},{"taxonomy":"product_tag","embeddable":true,"href":"https:\/\/www.nogometnizaotroke.com\/de\/wp-json\/wp\/v2\/product_tag?post=11606"}],"curies":[{"name":"wp","href":"https:\/\/api.w.org\/{rel}","templated":true}]}}