{"id":27070,"date":"2026-01-13T09:27:06","date_gmt":"2026-01-13T09:27:06","guid":{"rendered":"https:\/\/www.nogometnizaotroke.com\/?post_type=product&#038;p=27070"},"modified":"2026-01-13T09:28:40","modified_gmt":"2026-01-13T09:28:40","slug":"otroski-nogometni-dresi-argentina-2025-26-zelen-komplet-martinez","status":"publish","type":"product","link":"https:\/\/www.nogometnizaotroke.com\/da\/product\/otroski-nogometni-dresi-argentina-2025-26-zelen-komplet-martinez\/","title":{"rendered":"Otro\u0161ki nogometni dresi Argentina 2025-26 &#8211; Zelen komplet Martinez"},"content":{"rendered":"<p>Je va\u0161 otrok ljubitelj vratarskih bravur? Zelen otro\u0161ki nogometni dresi komplet Argentina 2025-26 je popolna replika opreme, ki jo nosi legendarni Emiliano &#8220;Dibu&#8221; Martinez. Ta drzen in sve\u017e dizajn je zasnovan za mlade upe, ki \u017eelijo s svojo prezenco vliti strah nasprotnim napadalcem.<\/p>\n<p>Personalizacija \u2013 unikaten dres za va\u0161ega otroka: \u017delite, da dres postane \u0161e bolj poseben? Ponujamo storitev personaliziranega tiska. Na dres lahko natisnemo ime va\u0161ega otroka in poljubno \u0161tevilko. Uporabljamo profesionalno tehnologijo tiska, ki zagotavlja dolgo obstojnost tudi po \u0161tevilnih pranjih.<\/p>\n<p>Tips til sokker: T-shirten indeholder ikke sokker som standard. Hvis du vil have sokker, skal du v\u00e6lge sokkeindstillingerne for at betale for dem.<\/p>\n<p>Udskrivningstip: Hvis navnet og nummeret p\u00e5 billedet er pr\u00e6cis det, du vil have, beh\u00f8ver du ikke at indtaste det igen. Hvis det ikke er tilf\u00e6ldet, skal du indtaste det \u00f8nskede navn og nummer.<\/p>\n<p>Vasketip: Det anbefales at vaske fodboldtr\u00f8jer i h\u00e5nden. Hvis du vil bruge en vaskemaskine, skal du huske at vende tr\u00f8jen om og derefter vaske den. Og fyld maskinen med koldt vand og brug et sk\u00e5nsomt vaskeprogram for at beskytte farverne mere.<\/p>","protected":false},"excerpt":{"rendered":"<p>Je va\u0161 otrok ljubitelj vratarskih bravur? Zelen otro\u0161ki nogometni dresi komplet Argentina 2025-26 je popolna replika opreme, ki jo nosi legendarni Emiliano &#8220;Dibu&#8221; Martinez. Ta drzen in sve\u017e dizajn je zasnovan za mlade upe, ki \u017eelijo s svojo prezenco vliti strah nasprotnim napadalcem. Personalizacija \u2013 unikaten dres za va\u0161ega otroka: \u017delite, da dres postane \u0161e [&hellip;]<\/p>","protected":false},"featured_media":27072,"comment_status":"open","ping_status":"closed","template":"","meta":[],"product_brand":[],"product_cat":[73,81],"product_tag":[1913,1392,159,1915,1914,148],"class_list":{"0":"post-27070","1":"product","2":"type-product","3":"status-publish","4":"has-post-thumbnail","6":"product_cat-otroski","7":"product_cat-dresi-argentina-reprezentance","8":"product_tag-argentina-dresi-2025-26","9":"product_tag-emiliano-martinez-dresi","10":"product_tag-otroski-nogometni-dresi","11":"product_tag-otroski-nogometni-komplet","12":"product_tag-personaliziran-nogometni-dres","13":"product_tag-poceni-nogometni-dresi","15":"first","16":"instock","17":"shipping-taxable","18":"purchasable","19":"product-type-variable"},"_links":{"self":[{"href":"https:\/\/www.nogometnizaotroke.com\/da\/wp-json\/wp\/v2\/product\/27070","targetHints":{"allow":["GET"]}}],"collection":[{"href":"https:\/\/www.nogometnizaotroke.com\/da\/wp-json\/wp\/v2\/product"}],"about":[{"href":"https:\/\/www.nogometnizaotroke.com\/da\/wp-json\/wp\/v2\/types\/product"}],"replies":[{"embeddable":true,"href":"https:\/\/www.nogometnizaotroke.com\/da\/wp-json\/wp\/v2\/comments?post=27070"}],"wp:featuredmedia":[{"embeddable":true,"href":"https:\/\/www.nogometnizaotroke.com\/da\/wp-json\/wp\/v2\/media\/27072"}],"wp:attachment":[{"href":"https:\/\/www.nogometnizaotroke.com\/da\/wp-json\/wp\/v2\/media?parent=27070"}],"wp:term":[{"taxonomy":"product_brand","embeddable":true,"href":"https:\/\/www.nogometnizaotroke.com\/da\/wp-json\/wp\/v2\/product_brand?post=27070"},{"taxonomy":"product_cat","embeddable":true,"href":"https:\/\/www.nogometnizaotroke.com\/da\/wp-json\/wp\/v2\/product_cat?post=27070"},{"taxonomy":"product_tag","embeddable":true,"href":"https:\/\/www.nogometnizaotroke.com\/da\/wp-json\/wp\/v2\/product_tag?post=27070"}],"curies":[{"name":"wp","href":"https:\/\/api.w.org\/{rel}","templated":true}]}}