{"id":25665,"date":"2025-07-01T07:43:41","date_gmt":"2025-07-01T07:43:41","guid":{"rendered":"https:\/\/www.nogometnizaotroke.com\/?post_type=product&#038;p=25665"},"modified":"2025-07-03T04:00:31","modified_gmt":"2025-07-03T04:00:31","slug":"portugalska-domaci-dresi-2025-26-otroske-kompleti-cristiano-ronaldo-7","status":"publish","type":"product","link":"https:\/\/www.nogometnizaotroke.com\/da\/product\/portugalska-domaci-dresi-2025-26-otroske-kompleti-cristiano-ronaldo-7\/","title":{"rendered":"Portugalska Doma\u010di dresi 2025-26 Otro\u0161ke kompleti Cristiano Ronaldo 7"},"content":{"rendered":"<h3>Nakup Otro\u0161ke Nogometnih dresov kompleti Portugalska Doma\u010di 2025-26 Cristiano Ronaldo 7<\/h3>\n<p>Dres, ki ga krasijo ikoni\u010dne portugalske barve in ponavljajo\u010di se grb Quinasa iz dr\u017eavnega grba, je poklon slavni preteklosti, hkrati pa postavlja temelje za naslednjo generacijo \u0161e bolj ble\u0161\u010de\u010dih igralcev. Portugalska dresi, zasnovana za navija\u010de, zdru\u017euje enak videz tekmovalnega dresa z spro\u0161\u010deno silhueto, detajli in materiali, kar je idealno za no\u0161enje na tekmi ali vsak dan.<\/p>\n<p>Tips til sokker: T-shirten indeholder ikke sokker som standard. Hvis du vil have sokker, skal du v\u00e6lge sokkeindstillingerne for at betale for dem.<\/p>\n<p>Udskrivningstip: Hvis navnet og nummeret p\u00e5 billedet er pr\u00e6cis det, du vil have, beh\u00f8ver du ikke at indtaste det igen. Hvis det ikke er tilf\u00e6ldet, skal du indtaste det \u00f8nskede navn og nummer.<\/p>\n<p>Vasketip: Det anbefales at vaske fodboldtr\u00f8jer i h\u00e5nden. Hvis du vil bruge en vaskemaskine, skal du huske at vende tr\u00f8jen om og derefter vaske den. Og fyld maskinen med koldt vand og brug et sk\u00e5nsomt vaskeprogram for at beskytte farverne mere.<\/p>","protected":false},"excerpt":{"rendered":"<p>Nakup Otro\u0161ke Nogometnih dresov kompleti Portugalska Doma\u010di 2025-26 Cristiano Ronaldo 7 Dres, ki ga krasijo ikoni\u010dne portugalske barve in ponavljajo\u010di se grb Quinasa iz dr\u017eavnega grba, je poklon slavni preteklosti, hkrati pa postavlja temelje za naslednjo generacijo \u0161e bolj ble\u0161\u010de\u010dih igralcev. Portugalska dresi, zasnovana za navija\u010de, zdru\u017euje enak videz tekmovalnega dresa z spro\u0161\u010deno silhueto, detajli [&hellip;]<\/p>","protected":false},"featured_media":25667,"comment_status":"open","ping_status":"closed","template":"","meta":[],"product_brand":[],"product_cat":[73,84],"product_tag":[894,153,220,159,148,147],"class_list":{"0":"post-25665","1":"product","2":"type-product","3":"status-publish","4":"has-post-thumbnail","6":"product_cat-otroski","7":"product_cat-dresi-portugalska-reprezentance","8":"product_tag-cristiano-ronaldo-dresi","9":"product_tag-nogometni-dresi","10":"product_tag-nogometni-dresi-za-otroke","11":"product_tag-otroski-nogometni-dresi","12":"product_tag-poceni-nogometni-dresi","13":"product_tag-slovenski-nogometni-dresi","15":"first","16":"instock","17":"shipping-taxable","18":"purchasable","19":"product-type-variable"},"_links":{"self":[{"href":"https:\/\/www.nogometnizaotroke.com\/da\/wp-json\/wp\/v2\/product\/25665","targetHints":{"allow":["GET"]}}],"collection":[{"href":"https:\/\/www.nogometnizaotroke.com\/da\/wp-json\/wp\/v2\/product"}],"about":[{"href":"https:\/\/www.nogometnizaotroke.com\/da\/wp-json\/wp\/v2\/types\/product"}],"replies":[{"embeddable":true,"href":"https:\/\/www.nogometnizaotroke.com\/da\/wp-json\/wp\/v2\/comments?post=25665"}],"wp:featuredmedia":[{"embeddable":true,"href":"https:\/\/www.nogometnizaotroke.com\/da\/wp-json\/wp\/v2\/media\/25667"}],"wp:attachment":[{"href":"https:\/\/www.nogometnizaotroke.com\/da\/wp-json\/wp\/v2\/media?parent=25665"}],"wp:term":[{"taxonomy":"product_brand","embeddable":true,"href":"https:\/\/www.nogometnizaotroke.com\/da\/wp-json\/wp\/v2\/product_brand?post=25665"},{"taxonomy":"product_cat","embeddable":true,"href":"https:\/\/www.nogometnizaotroke.com\/da\/wp-json\/wp\/v2\/product_cat?post=25665"},{"taxonomy":"product_tag","embeddable":true,"href":"https:\/\/www.nogometnizaotroke.com\/da\/wp-json\/wp\/v2\/product_tag?post=25665"}],"curies":[{"name":"wp","href":"https:\/\/api.w.org\/{rel}","templated":true}]}}